{"id":34087,"date":"2026-04-17T13:39:01","date_gmt":"2026-04-17T13:39:01","guid":{"rendered":"https:\/\/singuli.wpress.me\/index.php\/proizvod\/lindt-excellence-cokolada-karamela-i-ljesnjak-100-g\/"},"modified":"2026-04-20T12:33:11","modified_gmt":"2026-04-20T12:33:11","slug":"lindt-excellence-cokolada-karamela-i-ljesnjak-100-g","status":"publish","type":"product","link":"https:\/\/singuli.wpress.me\/index.php\/proizvod\/lindt-excellence-cokolada-karamela-i-ljesnjak-100-g\/","title":{"rendered":"LINDT Excellence, \u010dokolada, karamela i lje\u0161njak, 100\u00a0g"},"content":{"rendered":"<p><span style=\"font-weight: bold\">Lindt Excellence karamel i lje\u0161njak <\/span>vrhunska je tamna \u010dokolada koja spaja bogatstvo kakaa s hrskavim komadi\u0107ima karamele i lje\u0161njaka. Ova sofisticirana kombinacija pru\u017ea jedinstveno \u010dokoladno iskustvo koje stimulira sva osjetila.<\/p>\n<p>Tamna \u010dokolada sadr\u017ei: kakaovi dijelovi 47% min<\/p>\n","protected":false},"excerpt":{"rendered":"<p>Najfiniji kakao<br \/>\nLindt kvaliteta najboljih sastojaka<br \/>\nTamna \u010dokolada sadr\u017ei: kakaovi dijelovi 47% min<\/p>\n","protected":false},"featured_media":34088,"template":"","meta":{"_seopress_robots_primary_cat":"","_seopress_titles_title":"","_seopress_titles_desc":"","_seopress_robots_index":"","iawp_total_views":0},"product_brand":[758],"product_cat":[261,277],"product_tag":[],"class_list":{"0":"post-34087","1":"product","2":"type-product","3":"status-publish","4":"has-post-thumbnail","6":"product_brand-lindt","7":"product_cat-hrana-i-pice","8":"product_cat-slatkisi-i-grickalice-261","10":"first","11":"instock","12":"shipping-taxable","13":"purchasable","14":"product-type-simple"},"_links":{"self":[{"href":"https:\/\/singuli.wpress.me\/index.php\/wp-json\/wp\/v2\/product\/34087","targetHints":{"allow":["GET"]}}],"collection":[{"href":"https:\/\/singuli.wpress.me\/index.php\/wp-json\/wp\/v2\/product"}],"about":[{"href":"https:\/\/singuli.wpress.me\/index.php\/wp-json\/wp\/v2\/types\/product"}],"version-history":[{"count":0,"href":"https:\/\/singuli.wpress.me\/index.php\/wp-json\/wp\/v2\/product\/34087\/revisions"}],"wp:featuredmedia":[{"embeddable":true,"href":"https:\/\/singuli.wpress.me\/index.php\/wp-json\/wp\/v2\/media\/34088"}],"wp:attachment":[{"href":"https:\/\/singuli.wpress.me\/index.php\/wp-json\/wp\/v2\/media?parent=34087"}],"wp:term":[{"taxonomy":"product_brand","embeddable":true,"href":"https:\/\/singuli.wpress.me\/index.php\/wp-json\/wp\/v2\/product_brand?post=34087"},{"taxonomy":"product_cat","embeddable":true,"href":"https:\/\/singuli.wpress.me\/index.php\/wp-json\/wp\/v2\/product_cat?post=34087"},{"taxonomy":"product_tag","embeddable":true,"href":"https:\/\/singuli.wpress.me\/index.php\/wp-json\/wp\/v2\/product_tag?post=34087"}],"curies":[{"name":"wp","href":"https:\/\/api.w.org\/{rel}","templated":true}]}}