{"id":34089,"date":"2026-04-17T13:39:02","date_gmt":"2026-04-17T13:39:02","guid":{"rendered":"https:\/\/singuli.wpress.me\/index.php\/proizvod\/lindt-noccionoir-tamna-cokolada-ljesnjak-35-g\/"},"modified":"2026-04-20T12:33:11","modified_gmt":"2026-04-20T12:33:11","slug":"lindt-noccionoir-tamna-cokolada-ljesnjak-35-g","status":"publish","type":"product","link":"https:\/\/singuli.wpress.me\/index.php\/proizvod\/lindt-noccionoir-tamna-cokolada-ljesnjak-35-g\/","title":{"rendered":"LINDT Noccionoir, tamna \u010dokolada, lje\u0161njak, 35\u00a0g"},"content":{"rendered":"<p>Otkrijte rasko\u0161nu kombinaciju hrskavog i kremastog okusa s na\u0161om Noccionoir tamnom \u010dokoladom s lje\u0161njacima. Od 1845. godine, Lindtovi majstori \u010dokolatijeri spajaju svoje znanje s najkvalitetnijim sastojcima iz cijelog svijeta kako bi stvorili vrhunske \u010dokolade. Do\u017eivite jedinstveno iskustvo okusa i teksture dok odmatajte \u010dokoladu i otkrivate cijele pr\u017eene lje\u0161njake obavijene slojem intenzivne tamne \u010dokolade i kremastog punjenja od lje\u0161njaka, zape\u010da\u0107ene zavr\u0161nim slojem na\u0161e rasko\u0161ne tamne \u010dokolade. Savr\u0161eni u\u017eitak u pokretu.<\/p>\n<p>Tamna \u010dokolada s kremom od lje\u0161njaka (18%) i cijelim lje\u0161njacima (7%)<br \/>\nTamna \u010dokolada sadr\u017ei: kakaovi dijelovi 45% min.<\/p>\n","protected":false},"excerpt":{"rendered":"<p>Najfiniji kakao<br \/>\nLindt kvaliteta najboljih sastojaka<br \/>\nkombinaciju hrskavog i kremastog okusa s na\u0161om Noccionoir tamnom \u010dokoladom s lje\u0161njacima<\/p>\n","protected":false},"featured_media":34090,"template":"","meta":{"_seopress_robots_primary_cat":"","_seopress_titles_title":"","_seopress_titles_desc":"","_seopress_robots_index":"","iawp_total_views":0},"product_brand":[758],"product_cat":[261,277],"product_tag":[],"class_list":{"0":"post-34089","1":"product","2":"type-product","3":"status-publish","4":"has-post-thumbnail","6":"product_brand-lindt","7":"product_cat-hrana-i-pice","8":"product_cat-slatkisi-i-grickalice-261","10":"first","11":"outofstock","12":"shipping-taxable","13":"purchasable","14":"product-type-simple"},"_links":{"self":[{"href":"https:\/\/singuli.wpress.me\/index.php\/wp-json\/wp\/v2\/product\/34089","targetHints":{"allow":["GET"]}}],"collection":[{"href":"https:\/\/singuli.wpress.me\/index.php\/wp-json\/wp\/v2\/product"}],"about":[{"href":"https:\/\/singuli.wpress.me\/index.php\/wp-json\/wp\/v2\/types\/product"}],"version-history":[{"count":0,"href":"https:\/\/singuli.wpress.me\/index.php\/wp-json\/wp\/v2\/product\/34089\/revisions"}],"wp:featuredmedia":[{"embeddable":true,"href":"https:\/\/singuli.wpress.me\/index.php\/wp-json\/wp\/v2\/media\/34090"}],"wp:attachment":[{"href":"https:\/\/singuli.wpress.me\/index.php\/wp-json\/wp\/v2\/media?parent=34089"}],"wp:term":[{"taxonomy":"product_brand","embeddable":true,"href":"https:\/\/singuli.wpress.me\/index.php\/wp-json\/wp\/v2\/product_brand?post=34089"},{"taxonomy":"product_cat","embeddable":true,"href":"https:\/\/singuli.wpress.me\/index.php\/wp-json\/wp\/v2\/product_cat?post=34089"},{"taxonomy":"product_tag","embeddable":true,"href":"https:\/\/singuli.wpress.me\/index.php\/wp-json\/wp\/v2\/product_tag?post=34089"}],"curies":[{"name":"wp","href":"https:\/\/api.w.org\/{rel}","templated":true}]}}