{"id":34100,"date":"2026-04-17T13:39:06","date_gmt":"2026-04-17T13:39:06","guid":{"rendered":"https:\/\/singuli.wpress.me\/index.php\/proizvod\/lindt-cokolada-ljesnjak-300-g\/"},"modified":"2026-04-20T12:33:11","modified_gmt":"2026-04-20T12:33:11","slug":"lindt-cokolada-ljesnjak-300-g","status":"publish","type":"product","link":"https:\/\/singuli.wpress.me\/index.php\/proizvod\/lindt-cokolada-ljesnjak-300-g\/","title":{"rendered":"LINDT, \u010dokolada, lje\u0161njak, 300\u00a0g"},"content":{"rendered":"<p>Glatke teksture i bogatog kremastog okusa ova Lindt Swiss Premium mlije\u010dna \u010dokolada s komadi\u0107ima lje\u0161njaka dolazi u ve\u0107em pakiranju od 300 g i u zlatnom omotu. Pomalo nalik pravoj zlatnoj plo\u010di, ova \u010dokolada utjelovljuje strast, predanost i stru\u010dno umije\u0107e \u0161vicarskih Lindt majstora koji stvaraju vrhunsku \u010dokoladu prema originalnim receptima od 1845. godine.<br \/>\nMlije\u010dna \u010dokolada sadr\u017ei: kakaovi dijelovi 31% min. i suha tvar mlijeka 20% min.<\/p>\n","protected":false},"excerpt":{"rendered":"<p>Najfiniji kakao<br \/>\nLindt kvaliteta najboljih sastojaka<br \/>\nMlije\u010dna \u010dokolada s komadi\u0107ima lje\u0161njaka<\/p>\n","protected":false},"featured_media":34101,"template":"","meta":{"_seopress_robots_primary_cat":"","_seopress_titles_title":"","_seopress_titles_desc":"","_seopress_robots_index":"","iawp_total_views":0},"product_brand":[758],"product_cat":[261,277],"product_tag":[],"class_list":{"0":"post-34100","1":"product","2":"type-product","3":"status-publish","4":"has-post-thumbnail","6":"product_brand-lindt","7":"product_cat-hrana-i-pice","8":"product_cat-slatkisi-i-grickalice-261","10":"first","11":"outofstock","12":"shipping-taxable","13":"purchasable","14":"product-type-simple"},"_links":{"self":[{"href":"https:\/\/singuli.wpress.me\/index.php\/wp-json\/wp\/v2\/product\/34100","targetHints":{"allow":["GET"]}}],"collection":[{"href":"https:\/\/singuli.wpress.me\/index.php\/wp-json\/wp\/v2\/product"}],"about":[{"href":"https:\/\/singuli.wpress.me\/index.php\/wp-json\/wp\/v2\/types\/product"}],"version-history":[{"count":0,"href":"https:\/\/singuli.wpress.me\/index.php\/wp-json\/wp\/v2\/product\/34100\/revisions"}],"wp:featuredmedia":[{"embeddable":true,"href":"https:\/\/singuli.wpress.me\/index.php\/wp-json\/wp\/v2\/media\/34101"}],"wp:attachment":[{"href":"https:\/\/singuli.wpress.me\/index.php\/wp-json\/wp\/v2\/media?parent=34100"}],"wp:term":[{"taxonomy":"product_brand","embeddable":true,"href":"https:\/\/singuli.wpress.me\/index.php\/wp-json\/wp\/v2\/product_brand?post=34100"},{"taxonomy":"product_cat","embeddable":true,"href":"https:\/\/singuli.wpress.me\/index.php\/wp-json\/wp\/v2\/product_cat?post=34100"},{"taxonomy":"product_tag","embeddable":true,"href":"https:\/\/singuli.wpress.me\/index.php\/wp-json\/wp\/v2\/product_tag?post=34100"}],"curies":[{"name":"wp","href":"https:\/\/api.w.org\/{rel}","templated":true}]}}