{"id":34104,"date":"2026-04-17T13:39:07","date_gmt":"2026-04-17T13:39:07","guid":{"rendered":"https:\/\/singuli.wpress.me\/index.php\/proizvod\/lindor-praline-pistacija-200-g\/"},"modified":"2026-04-20T12:33:11","modified_gmt":"2026-04-20T12:33:11","slug":"lindor-praline-pistacija-200-g","status":"publish","type":"product","link":"https:\/\/singuli.wpress.me\/index.php\/proizvod\/lindor-praline-pistacija-200-g\/","title":{"rendered":"LINDOR, praline, pistacija, 200\u00a0g"},"content":{"rendered":"<p>LINDOR Truffes Pistachio su luksuzne \u010dokoladne kuglice koje kombiniraju savr\u0161enstvo Lindtove \u010dokolade s nezaboravnim okusom pistacija. Ove kuglice imaju savr\u0161eno okruglu \u010dokoladnu ljusku koja skriva kremasto, glatko punjenje s bogatim okusom pistacija. Izra\u0111ene su s najfinijim sastojcima i majstorskom vje\u0161tinom Lindtovih \u010dokolatijera, stvaraju\u0107i vrhunski u\u017eitak za va\u0161e nepce. Idealne su za ljubitelje \u010dokolade i pistacija, a mogu biti savr\u0161en poklon za posebne prilike ili trenutke osobnog u\u017eivanja.<\/p>\n<p>Mlije\u010dna \u010dokolada sadr\u017ei: kakaovi dijelovi 32% min., suha tvar mlijeka 21% min.<\/p>\n","protected":false},"excerpt":{"rendered":"<p>Mlije\u010dna \u010dokolada s kremastim punjenjem od pistacije<br \/>\nLindt kvaliteta najboljih sastojaka<br \/>\nPakiranje sadr\u017ei 15 kom<\/p>\n","protected":false},"featured_media":34105,"template":"","meta":{"_seopress_robots_primary_cat":"","_seopress_titles_title":"","_seopress_titles_desc":"","_seopress_robots_index":"","iawp_total_views":0},"product_brand":[756],"product_cat":[261,277],"product_tag":[],"class_list":{"0":"post-34104","1":"product","2":"type-product","3":"status-publish","4":"has-post-thumbnail","6":"product_brand-lindor","7":"product_cat-hrana-i-pice","8":"product_cat-slatkisi-i-grickalice-261","10":"first","11":"instock","12":"shipping-taxable","13":"purchasable","14":"product-type-simple"},"_links":{"self":[{"href":"https:\/\/singuli.wpress.me\/index.php\/wp-json\/wp\/v2\/product\/34104","targetHints":{"allow":["GET"]}}],"collection":[{"href":"https:\/\/singuli.wpress.me\/index.php\/wp-json\/wp\/v2\/product"}],"about":[{"href":"https:\/\/singuli.wpress.me\/index.php\/wp-json\/wp\/v2\/types\/product"}],"version-history":[{"count":0,"href":"https:\/\/singuli.wpress.me\/index.php\/wp-json\/wp\/v2\/product\/34104\/revisions"}],"wp:featuredmedia":[{"embeddable":true,"href":"https:\/\/singuli.wpress.me\/index.php\/wp-json\/wp\/v2\/media\/34105"}],"wp:attachment":[{"href":"https:\/\/singuli.wpress.me\/index.php\/wp-json\/wp\/v2\/media?parent=34104"}],"wp:term":[{"taxonomy":"product_brand","embeddable":true,"href":"https:\/\/singuli.wpress.me\/index.php\/wp-json\/wp\/v2\/product_brand?post=34104"},{"taxonomy":"product_cat","embeddable":true,"href":"https:\/\/singuli.wpress.me\/index.php\/wp-json\/wp\/v2\/product_cat?post=34104"},{"taxonomy":"product_tag","embeddable":true,"href":"https:\/\/singuli.wpress.me\/index.php\/wp-json\/wp\/v2\/product_tag?post=34104"}],"curies":[{"name":"wp","href":"https:\/\/api.w.org\/{rel}","templated":true}]}}