{"id":34108,"date":"2026-04-17T13:39:08","date_gmt":"2026-04-17T13:39:08","guid":{"rendered":"https:\/\/singuli.wpress.me\/index.php\/proizvod\/lindt-excellence-tamna-cokolada-99-kakaa-50-g\/"},"modified":"2026-04-20T12:33:11","modified_gmt":"2026-04-20T12:33:11","slug":"lindt-excellence-tamna-cokolada-99-kakaa-50-g","status":"publish","type":"product","link":"https:\/\/singuli.wpress.me\/index.php\/proizvod\/lindt-excellence-tamna-cokolada-99-kakaa-50-g\/","title":{"rendered":"LINDT Excellence, tamna \u010dokolada, 99% kakaa, 50\u00a0g"},"content":{"rendered":"<p>Lindt Excellence je visokokvalitetna tamna \u010dokolada s 99 % kakaa, zemljanih nota, bez punjenja i uz jasan zvuk pucanja prilikom lomljenja. Zbog iznimnog okusa i snage, jedna kockica ove \u010dokolade je sve \u0161to vam treba. Okus u ustima traje jo\u0161 dugo jer se topi sporije od ostalih tamnih \u010dokolada. Tajna jedinstvenog okusa Lindtove tamne \u010dokolade krije se u pa\u017eljivo odabranim vrhunskim zrnima kakaovca iz najekskluzivnijih svjetskih regija i kroz odr\u017eivi opskrbni lanac. Zrnca kakaovca se pr\u017ee posebnom metodom kako bi oslobodila svoju prekrasnu aromu i bogate \u010dokoladne note.<\/p>\n<p>Tamna \u010dokolada sadr\u017ei: kakaovi dijelovi 99% min<\/p>\n","protected":false},"excerpt":{"rendered":"<p>Najfiniji kakao<br \/>\nLindt kvaliteta najboljih sastojaka<br \/>\nVisokokvalitetna tamna \u010dokolada s 99 % kakaa<\/p>\n","protected":false},"featured_media":34109,"template":"","meta":{"_seopress_robots_primary_cat":"","_seopress_titles_title":"","_seopress_titles_desc":"","_seopress_robots_index":"","iawp_total_views":0},"product_brand":[758],"product_cat":[261,277],"product_tag":[],"class_list":{"0":"post-34108","1":"product","2":"type-product","3":"status-publish","4":"has-post-thumbnail","6":"product_brand-lindt","7":"product_cat-hrana-i-pice","8":"product_cat-slatkisi-i-grickalice-261","10":"first","11":"instock","12":"shipping-taxable","13":"purchasable","14":"product-type-simple"},"_links":{"self":[{"href":"https:\/\/singuli.wpress.me\/index.php\/wp-json\/wp\/v2\/product\/34108","targetHints":{"allow":["GET"]}}],"collection":[{"href":"https:\/\/singuli.wpress.me\/index.php\/wp-json\/wp\/v2\/product"}],"about":[{"href":"https:\/\/singuli.wpress.me\/index.php\/wp-json\/wp\/v2\/types\/product"}],"version-history":[{"count":0,"href":"https:\/\/singuli.wpress.me\/index.php\/wp-json\/wp\/v2\/product\/34108\/revisions"}],"wp:featuredmedia":[{"embeddable":true,"href":"https:\/\/singuli.wpress.me\/index.php\/wp-json\/wp\/v2\/media\/34109"}],"wp:attachment":[{"href":"https:\/\/singuli.wpress.me\/index.php\/wp-json\/wp\/v2\/media?parent=34108"}],"wp:term":[{"taxonomy":"product_brand","embeddable":true,"href":"https:\/\/singuli.wpress.me\/index.php\/wp-json\/wp\/v2\/product_brand?post=34108"},{"taxonomy":"product_cat","embeddable":true,"href":"https:\/\/singuli.wpress.me\/index.php\/wp-json\/wp\/v2\/product_cat?post=34108"},{"taxonomy":"product_tag","embeddable":true,"href":"https:\/\/singuli.wpress.me\/index.php\/wp-json\/wp\/v2\/product_tag?post=34108"}],"curies":[{"name":"wp","href":"https:\/\/api.w.org\/{rel}","templated":true}]}}