{"id":34119,"date":"2026-04-17T13:39:10","date_gmt":"2026-04-17T13:39:10","guid":{"rendered":"https:\/\/singuli.wpress.me\/index.php\/proizvod\/duck-fresh-discs-marine-gel-za-ciscenje-i-osvjezavanje-wc-skoljke-punjenje-72-ml-3\/"},"modified":"2026-04-20T12:33:11","modified_gmt":"2026-04-20T12:33:11","slug":"duck-fresh-discs-marine-gel-za-ciscenje-i-osvjezavanje-wc-skoljke-punjenje-72-ml-3","status":"publish","type":"product","link":"https:\/\/singuli.wpress.me\/index.php\/proizvod\/duck-fresh-discs-marine-gel-za-ciscenje-i-osvjezavanje-wc-skoljke-punjenje-72-ml-3\/","title":{"rendered":"DUCK Fresh Discs Marine, gel za \u010di\u0161\u0107enje i osvje\u017eavanje wc \u0161koljke, punjenje, 72\u00a0ml"},"content":{"rendered":"<p><span style=\"font-weight: bold\">Duck\u00ae Fresh Discs gel za \u010di\u0161\u0107enje i osvje\u017eavanje WC \u0161koljke<\/span>, miris marine pretvorit \u0107e Va\u0161u kupaonicu u oazu mirisa. Gel \u0107e savr\u0161eno prianjati uz svaku WC \u0161koljku. Pakiranje od 12 diskova osigurat \u0107e da WC \u0161koljka bude \u010dista i mirisna \u010dak 15 tjedana. Pakiranje ne sadr\u017ei bazu. Nova papirnata ambala\u017ea Duck Fresh Discs proizvoda izra\u0111ena je od recikliranih materijala. <\/p>\n<p><span style=\"font-weight: bold\"><br \/>\nUpute za uporabu: <\/span><br \/>\nPobrinite se da je WC \u0161koljka \u010dista.<br \/>\n1. Poravnajte izbo\u010dinu na punjenju (gumb) s rupama na aplikatoru. Umetnite tako da izbo\u010dina (gumb) usko\u010di u prvu rupu. Skinite \u010dep i sa\u010duvajte ga. 2. Pozicionirajte proziran kraj aplikatora okomito na unutarnju stijenku WC \u0161koljke, blizu ruba, gdje ga mlaz vode mo\u017ee aktivirati. 3. Pritisnite gumb prema stijenci WC \u0161koljke sve dok ne presko\u010di u sljede\u0107u rupu. Ne okre\u0107ite aplikator. 4. Povucite aplikator natrag nakon \u0161to ste otisnuli disk na stijenku. Dobro za\u010depite proizvod nakon uporabe. Pustite vodu kako bi se disk aktivirao. Nakon aplikacije proizvod mo\u017ee biti zanimljiv maloj djeci. Aplicirajte ga na mjesto koje je djeci najmanje vidljivo. Pogodno i za septi\u010dke jame. <\/p>\n","protected":false},"excerpt":{"rendered":"<p>Savr\u0161eno prianja uz svaku WC \u0161koljku<br \/>\nPakiranje sadr\u017ei dva punjenja po 6 diskova<br \/>\nTraje do 15 tjedana<\/p>\n","protected":false},"featured_media":34120,"template":"","meta":{"_seopress_robots_primary_cat":"","_seopress_titles_title":"","_seopress_titles_desc":"","_seopress_robots_index":"","iawp_total_views":0},"product_brand":[410],"product_cat":[284,238],"product_tag":[],"class_list":{"0":"post-34119","1":"product","2":"type-product","3":"status-publish","4":"has-post-thumbnail","6":"product_brand-duck","7":"product_cat-sredstva-za-ciscenje-238","8":"product_cat-sve-za-dom","10":"first","11":"instock","12":"shipping-taxable","13":"purchasable","14":"product-type-simple"},"_links":{"self":[{"href":"https:\/\/singuli.wpress.me\/index.php\/wp-json\/wp\/v2\/product\/34119","targetHints":{"allow":["GET"]}}],"collection":[{"href":"https:\/\/singuli.wpress.me\/index.php\/wp-json\/wp\/v2\/product"}],"about":[{"href":"https:\/\/singuli.wpress.me\/index.php\/wp-json\/wp\/v2\/types\/product"}],"version-history":[{"count":0,"href":"https:\/\/singuli.wpress.me\/index.php\/wp-json\/wp\/v2\/product\/34119\/revisions"}],"wp:featuredmedia":[{"embeddable":true,"href":"https:\/\/singuli.wpress.me\/index.php\/wp-json\/wp\/v2\/media\/34120"}],"wp:attachment":[{"href":"https:\/\/singuli.wpress.me\/index.php\/wp-json\/wp\/v2\/media?parent=34119"}],"wp:term":[{"taxonomy":"product_brand","embeddable":true,"href":"https:\/\/singuli.wpress.me\/index.php\/wp-json\/wp\/v2\/product_brand?post=34119"},{"taxonomy":"product_cat","embeddable":true,"href":"https:\/\/singuli.wpress.me\/index.php\/wp-json\/wp\/v2\/product_cat?post=34119"},{"taxonomy":"product_tag","embeddable":true,"href":"https:\/\/singuli.wpress.me\/index.php\/wp-json\/wp\/v2\/product_tag?post=34119"}],"curies":[{"name":"wp","href":"https:\/\/api.w.org\/{rel}","templated":true}]}}