{"id":34121,"date":"2026-04-17T13:39:11","date_gmt":"2026-04-17T13:39:11","guid":{"rendered":"https:\/\/singuli.wpress.me\/index.php\/proizvod\/glade-osvjezivac-zraka-u-spreju-lavanda-i-aloe-vera-300-ml-2\/"},"modified":"2026-04-20T12:33:11","modified_gmt":"2026-04-20T12:33:11","slug":"glade-osvjezivac-zraka-u-spreju-lavanda-i-aloe-vera-300-ml-2","status":"publish","type":"product","link":"https:\/\/singuli.wpress.me\/index.php\/proizvod\/glade-osvjezivac-zraka-u-spreju-lavanda-i-aloe-vera-300-ml-2\/","title":{"rendered":"GLADE, osvje\u017eiva\u010d zraka u spreju, lavanda i aloe vera, 300\u00a0ml"},"content":{"rendered":"<p><span style=\"font-weight: bold\">Glade\u00ae<\/span> osvje\u017eiva\u010d zraka u spreju dizajniran je za uklanjanje neugodnih mirisa.<br \/>\nOkru\u017eite se mirisnim notama polja procvjetale lavande protkanim poletnim da\u0161kom mirisa bergamota i svje\u017eeg bilja.   <\/p>\n<p><span style=\"font-weight: bold\">Upute za uporabu:<\/span><br \/>\nDobro protesti pije uporabe. Kako biste osvje\u017eili zrak, usmjerite mlaz prema sredini prostorije i raspr\u0161ite.<br \/>\nNe preporu\u010da se kori\u0161tenje na tkanini.<\/p>\n<p><\/p>\n","protected":false},"excerpt":{"rendered":"<p>Uklanja neugodne mirise<br \/>\nPotrebno je protresti prije upotrebe<br \/>\nDugotrajno osvje\u017eava prostor<\/p>\n","protected":false},"featured_media":34122,"template":"","meta":{"_seopress_robots_primary_cat":"","_seopress_titles_title":"","_seopress_titles_desc":"","_seopress_robots_index":"","iawp_total_views":0},"product_brand":[405],"product_cat":[268,300],"product_tag":[],"class_list":{"0":"post-34121","1":"product","2":"type-product","3":"status-publish","4":"has-post-thumbnail","6":"product_brand-glade","7":"product_cat-kozmetika-2","8":"product_cat-njega-kose-268","10":"first","11":"outofstock","12":"shipping-taxable","13":"purchasable","14":"product-type-simple"},"_links":{"self":[{"href":"https:\/\/singuli.wpress.me\/index.php\/wp-json\/wp\/v2\/product\/34121","targetHints":{"allow":["GET"]}}],"collection":[{"href":"https:\/\/singuli.wpress.me\/index.php\/wp-json\/wp\/v2\/product"}],"about":[{"href":"https:\/\/singuli.wpress.me\/index.php\/wp-json\/wp\/v2\/types\/product"}],"version-history":[{"count":0,"href":"https:\/\/singuli.wpress.me\/index.php\/wp-json\/wp\/v2\/product\/34121\/revisions"}],"wp:featuredmedia":[{"embeddable":true,"href":"https:\/\/singuli.wpress.me\/index.php\/wp-json\/wp\/v2\/media\/34122"}],"wp:attachment":[{"href":"https:\/\/singuli.wpress.me\/index.php\/wp-json\/wp\/v2\/media?parent=34121"}],"wp:term":[{"taxonomy":"product_brand","embeddable":true,"href":"https:\/\/singuli.wpress.me\/index.php\/wp-json\/wp\/v2\/product_brand?post=34121"},{"taxonomy":"product_cat","embeddable":true,"href":"https:\/\/singuli.wpress.me\/index.php\/wp-json\/wp\/v2\/product_cat?post=34121"},{"taxonomy":"product_tag","embeddable":true,"href":"https:\/\/singuli.wpress.me\/index.php\/wp-json\/wp\/v2\/product_tag?post=34121"}],"curies":[{"name":"wp","href":"https:\/\/api.w.org\/{rel}","templated":true}]}}