{"id":34127,"date":"2026-04-17T13:39:13","date_gmt":"2026-04-17T13:39:13","guid":{"rendered":"https:\/\/singuli.wpress.me\/index.php\/proizvod\/lindor-bombonijera-mlijecnih-pralina-200-g\/"},"modified":"2026-04-21T00:26:40","modified_gmt":"2026-04-21T00:26:40","slug":"lindor-bombonijera-mlijecnih-pralina-200-g","status":"publish","type":"product","link":"https:\/\/singuli.wpress.me\/index.php\/proizvod\/lindor-bombonijera-mlijecnih-pralina-200-g\/","title":{"rendered":"LINDOR, bombonijera mlije\u010dnih pralina, 200\u00a0g"},"content":{"rendered":"<p>Podijelite ili darujte trenutke u\u017eitka uz <span style=\"font-weight: bold\">Lindt Lindor kuglice od mlije\u010dne \u010dokolade<\/span> s neodoljivo glatkim punjenjem koje se topi u ustima. Lindtovi majstori \u010dokolatijeri spajaju stru\u010dnost i najfinije sastojke kako bi stvorili savr\u0161eno okruglu \u010dokoladnu ljusku s neodoljivim glatkim punjenjem. Od 1845. godine, Lindt je posve\u0107en proizvodnji najfinijih \u010dokolada, a recepti koje stvaraju Lindtovi majstori \u010dokolatijeri vrhunske su kvalitete kako bi odu\u0161evili va\u0161a nepca. Lindor je savr\u0161en za obilje\u017eavanje posebnih trenutaka: dodaje da\u0161ak u\u017eitka svakoj proslavi, idealan je dar za ostavljanje dojma ili za zajedni\u010dko u\u017eivanje s prijateljima i voljenima.<br \/>\nDo\u017eivite u\u017eitak s na\u0161im klasi\u010dnim Lindor pralinama u prekrasnoj limenoj kutiji u obliku srca. Savr\u0161eno za darivanje voljenima ili kao slatko zadovoljstvo za vas.<\/p>\n<p>Mlije\u010dna \u010dokolada sadr\u017ei: kakaovi dijelovi 32% min., suha tvar mlijeka 21% min.<\/p>\n","protected":false},"excerpt":{"rendered":"<p>Najfiniji kakao, kremasto punjenje<br \/>\nLindt kvaliteta najboljih sastojaka<br \/>\nPakiranje u obliku srca<\/p>\n","protected":false},"featured_media":34128,"template":"","meta":{"_seopress_robots_primary_cat":"","_seopress_titles_title":"","_seopress_titles_desc":"","_seopress_robots_index":"","iawp_total_views":0},"product_brand":[756],"product_cat":[261,277],"product_tag":[],"class_list":{"0":"post-34127","1":"product","2":"type-product","3":"status-publish","4":"has-post-thumbnail","6":"product_brand-lindor","7":"product_cat-hrana-i-pice","8":"product_cat-slatkisi-i-grickalice-261","10":"first","11":"outofstock","12":"shipping-taxable","13":"purchasable","14":"product-type-simple"},"_links":{"self":[{"href":"https:\/\/singuli.wpress.me\/index.php\/wp-json\/wp\/v2\/product\/34127","targetHints":{"allow":["GET"]}}],"collection":[{"href":"https:\/\/singuli.wpress.me\/index.php\/wp-json\/wp\/v2\/product"}],"about":[{"href":"https:\/\/singuli.wpress.me\/index.php\/wp-json\/wp\/v2\/types\/product"}],"version-history":[{"count":0,"href":"https:\/\/singuli.wpress.me\/index.php\/wp-json\/wp\/v2\/product\/34127\/revisions"}],"wp:featuredmedia":[{"embeddable":true,"href":"https:\/\/singuli.wpress.me\/index.php\/wp-json\/wp\/v2\/media\/34128"}],"wp:attachment":[{"href":"https:\/\/singuli.wpress.me\/index.php\/wp-json\/wp\/v2\/media?parent=34127"}],"wp:term":[{"taxonomy":"product_brand","embeddable":true,"href":"https:\/\/singuli.wpress.me\/index.php\/wp-json\/wp\/v2\/product_brand?post=34127"},{"taxonomy":"product_cat","embeddable":true,"href":"https:\/\/singuli.wpress.me\/index.php\/wp-json\/wp\/v2\/product_cat?post=34127"},{"taxonomy":"product_tag","embeddable":true,"href":"https:\/\/singuli.wpress.me\/index.php\/wp-json\/wp\/v2\/product_tag?post=34127"}],"curies":[{"name":"wp","href":"https:\/\/api.w.org\/{rel}","templated":true}]}}