{"id":34130,"date":"2026-04-17T13:39:14","date_gmt":"2026-04-17T13:39:14","guid":{"rendered":"https:\/\/singuli.wpress.me\/index.php\/proizvod\/rimula-ultra-professional-ar-l-5w30-rn17-motorno-ulje-za-gospodarska-vozila-209-l\/"},"modified":"2026-04-20T12:33:11","modified_gmt":"2026-04-20T12:33:11","slug":"rimula-ultra-professional-ar-l-5w30-rn17-motorno-ulje-za-gospodarska-vozila-209-l","status":"publish","type":"product","link":"https:\/\/singuli.wpress.me\/index.php\/proizvod\/rimula-ultra-professional-ar-l-5w30-rn17-motorno-ulje-za-gospodarska-vozila-209-l\/","title":{"rendered":"RIMULA ULTRA PROFESSIONAL AR-L 5W30 RN17, motorno ulje za gospodarska vozila, 209\u00a0l"},"content":{"rendered":"<p>Poptuno sinteti\u010dko motorno ulje za te\u0161ko optere\u0107ene dizel motore s niskim HTHSV. Shell Rimula R7 ulje dizajnirano &quot;Low-SAPS&quot; tehnologijom, u\u010dinkovita tehnologija aditiva osigurava pobolj\u0161anu u\u0161tedu goriva i manje emisije ispu\u0161nih plinova. Za\u0161tita je pobolj\u0161ana sinteti\u010dkom tehnologijom koja zna\u010dajno smanjuje trenje motora i pru\u017ea produ\u017eene intervale odr\u017eavanja. Pogodno za najmodernije te\u0161ko optere\u0107ene dizel motore. Dolazi u pakiranju od 209 L.<\/p>\n","protected":false},"excerpt":{"rendered":"<p>Potpuno sinteti\u010dko ulje za te\u0161ko optere\u0107ene dizel motore s niskim HTHSV.<br \/>\n&#8220;Low-SAPS&#8221; tehnologija za bolju u\u0161tedu goriva i manje emisije ispu\u0161nih plinova.<br \/>\nPobolj\u0161ana za\u0161tita i produ\u017eeni intervali odr\u017eavanja zahvaljuju\u0107i smanjenom trenju motora.<\/p>\n","protected":false},"featured_media":34131,"template":"","meta":{"_seopress_robots_primary_cat":"","_seopress_titles_title":"","_seopress_titles_desc":"","_seopress_robots_index":"","iawp_total_views":0},"product_brand":[469],"product_cat":[243,272],"product_tag":[],"class_list":{"0":"post-34130","1":"product","2":"type-product","3":"status-publish","4":"has-post-thumbnail","6":"product_brand-rimula","7":"product_cat-automobili-i-motori","8":"product_cat-motorna-ulja-243","10":"first","11":"instock","12":"shipping-taxable","13":"purchasable","14":"product-type-simple"},"_links":{"self":[{"href":"https:\/\/singuli.wpress.me\/index.php\/wp-json\/wp\/v2\/product\/34130","targetHints":{"allow":["GET"]}}],"collection":[{"href":"https:\/\/singuli.wpress.me\/index.php\/wp-json\/wp\/v2\/product"}],"about":[{"href":"https:\/\/singuli.wpress.me\/index.php\/wp-json\/wp\/v2\/types\/product"}],"version-history":[{"count":0,"href":"https:\/\/singuli.wpress.me\/index.php\/wp-json\/wp\/v2\/product\/34130\/revisions"}],"wp:featuredmedia":[{"embeddable":true,"href":"https:\/\/singuli.wpress.me\/index.php\/wp-json\/wp\/v2\/media\/34131"}],"wp:attachment":[{"href":"https:\/\/singuli.wpress.me\/index.php\/wp-json\/wp\/v2\/media?parent=34130"}],"wp:term":[{"taxonomy":"product_brand","embeddable":true,"href":"https:\/\/singuli.wpress.me\/index.php\/wp-json\/wp\/v2\/product_brand?post=34130"},{"taxonomy":"product_cat","embeddable":true,"href":"https:\/\/singuli.wpress.me\/index.php\/wp-json\/wp\/v2\/product_cat?post=34130"},{"taxonomy":"product_tag","embeddable":true,"href":"https:\/\/singuli.wpress.me\/index.php\/wp-json\/wp\/v2\/product_tag?post=34130"}],"curies":[{"name":"wp","href":"https:\/\/api.w.org\/{rel}","templated":true}]}}