{"id":34136,"date":"2026-04-17T13:39:17","date_gmt":"2026-04-17T13:39:17","guid":{"rendered":"https:\/\/singuli.wpress.me\/index.php\/proizvod\/lindt-gold-bunny-mlijecna-cokolada-ljesnjak-100-g\/"},"modified":"2026-04-20T12:33:11","modified_gmt":"2026-04-20T12:33:11","slug":"lindt-gold-bunny-mlijecna-cokolada-ljesnjak-100-g","status":"publish","type":"product","link":"https:\/\/singuli.wpress.me\/index.php\/proizvod\/lindt-gold-bunny-mlijecna-cokolada-ljesnjak-100-g\/","title":{"rendered":"LINDT Gold Bunny, mlije\u010dna \u010dokolada, lje\u0161njak, 100\u00a0g"},"content":{"rendered":"<p><span style=\"font-weight: bold\">Zeko, gold bunny<\/span> je izra\u0111en od kremaste \u0161vicarske mlije\u010dne \u010dokolade s hrskavim komadi\u0107ima lje\u0161njaka, omotan zlatnim omotom, vezan zelenom vrpcom i ukra\u0161en pravim zlatnim zvonom. Savr\u0161en je za darivanje, ukra\u0161avanje, punjenje uskrsnih ko\u0161arica i potragu za jajima, unose\u0107i \u010daroliju u uskrsne trenutke.<br \/>\nJo\u0161 od 1845. Lindt Ma\u00eetre Chocolatiers s ponosom i stra\u0161\u0107u stvaraju vrhunsku \u0161vicarsku \u010dokoladu. Kvalitetna \u010dokolada po\u010dinje s vrhunskim sastojcima, a Lindt je jedan od rijetkih proizvo\u0111a\u010da koji nadzire svaki korak u procesu proizvodnje. Kroz inovativni program uzgoja, Lindt prati svaki kakao zrnce do njegove farme podrijetla, osiguravaju\u0107i izniman okus u svakom zalogaju. \u010cuvajte na hladnom i suhom mjestu kako biste sa\u010duvali kvalitetu.<\/p>\n<p>Mlije\u010dna \u010dokolada sadr\u017ei: kakaovi dijelovi 30% min. i suha tvar mlijeka 18% min.<\/p>\n","protected":false},"excerpt":{"rendered":"<p>Najfiniji kakao<br \/>\nLindt kvaliteta najboljih sastojaka<br \/>\n\u010cokolada u zlatnom omotu s vrpcom<\/p>\n","protected":false},"featured_media":34137,"template":"","meta":{"_seopress_robots_primary_cat":"","_seopress_titles_title":"","_seopress_titles_desc":"","_seopress_robots_index":"","iawp_total_views":0},"product_brand":[758],"product_cat":[261,277],"product_tag":[],"class_list":{"0":"post-34136","1":"product","2":"type-product","3":"status-publish","4":"has-post-thumbnail","6":"product_brand-lindt","7":"product_cat-hrana-i-pice","8":"product_cat-slatkisi-i-grickalice-261","10":"first","11":"outofstock","12":"shipping-taxable","13":"purchasable","14":"product-type-simple"},"_links":{"self":[{"href":"https:\/\/singuli.wpress.me\/index.php\/wp-json\/wp\/v2\/product\/34136","targetHints":{"allow":["GET"]}}],"collection":[{"href":"https:\/\/singuli.wpress.me\/index.php\/wp-json\/wp\/v2\/product"}],"about":[{"href":"https:\/\/singuli.wpress.me\/index.php\/wp-json\/wp\/v2\/types\/product"}],"version-history":[{"count":0,"href":"https:\/\/singuli.wpress.me\/index.php\/wp-json\/wp\/v2\/product\/34136\/revisions"}],"wp:featuredmedia":[{"embeddable":true,"href":"https:\/\/singuli.wpress.me\/index.php\/wp-json\/wp\/v2\/media\/34137"}],"wp:attachment":[{"href":"https:\/\/singuli.wpress.me\/index.php\/wp-json\/wp\/v2\/media?parent=34136"}],"wp:term":[{"taxonomy":"product_brand","embeddable":true,"href":"https:\/\/singuli.wpress.me\/index.php\/wp-json\/wp\/v2\/product_brand?post=34136"},{"taxonomy":"product_cat","embeddable":true,"href":"https:\/\/singuli.wpress.me\/index.php\/wp-json\/wp\/v2\/product_cat?post=34136"},{"taxonomy":"product_tag","embeddable":true,"href":"https:\/\/singuli.wpress.me\/index.php\/wp-json\/wp\/v2\/product_tag?post=34136"}],"curies":[{"name":"wp","href":"https:\/\/api.w.org\/{rel}","templated":true}]}}