{"id":34140,"date":"2026-04-17T13:39:19","date_gmt":"2026-04-17T13:39:19","guid":{"rendered":"https:\/\/singuli.wpress.me\/index.php\/proizvod\/helix-aj-l-0w30-motorno-ulje-3x5-0-l\/"},"modified":"2026-04-20T12:33:11","modified_gmt":"2026-04-20T12:33:11","slug":"helix-aj-l-0w30-motorno-ulje-3x5-0-l","status":"publish","type":"product","link":"https:\/\/singuli.wpress.me\/index.php\/proizvod\/helix-aj-l-0w30-motorno-ulje-3x5-0-l\/","title":{"rendered":"HELIX AJ-L 0W30, motorno ulje, 3&#215;5, 0\u00a0l"},"content":{"rendered":"<p>Ovo je potpuno sinteti\u010dko motorno ulje, posebno prilago\u0111eno da zadovolji specifi\u010dne zahtjeve proizvo\u0111a\u010da motora visokih performansi, uklju\u010duju\u0107i Jaguar-Land Rover i Ford. Formulirano je kako bi udovoljilo rigoroznoj ACEA C2 specifikaciji te je odobreno za dizelske motore u skladu s internim tehni\u010dkim specifikacijama Jaguar Land Rover motornog ulja STJLR.03.5007, pru\u017eaju\u0107i iznimnu za\u0161titu i dugotrajnu u\u010dinkovitost motora.<\/p>\n","protected":false},"excerpt":{"rendered":"<p>Osigurava vrhunske performanse i maksimalnu za\u0161titu motora<br \/>\nPosebno prilago\u0111eno i odobreno za dizelske motore u skladu s njihovim zahtjevnim specifikacijama<br \/>\nOdgovara visokim industrijskim standardima za motore novije generacije<\/p>\n","protected":false},"featured_media":34141,"template":"","meta":{"_seopress_robots_primary_cat":"","_seopress_titles_title":"","_seopress_titles_desc":"","_seopress_robots_index":"","iawp_total_views":0},"product_brand":[398],"product_cat":[243,272],"product_tag":[],"class_list":{"0":"post-34140","1":"product","2":"type-product","3":"status-publish","4":"has-post-thumbnail","6":"product_brand-helix","7":"product_cat-automobili-i-motori","8":"product_cat-motorna-ulja-243","10":"first","11":"outofstock","12":"shipping-taxable","13":"purchasable","14":"product-type-simple"},"_links":{"self":[{"href":"https:\/\/singuli.wpress.me\/index.php\/wp-json\/wp\/v2\/product\/34140","targetHints":{"allow":["GET"]}}],"collection":[{"href":"https:\/\/singuli.wpress.me\/index.php\/wp-json\/wp\/v2\/product"}],"about":[{"href":"https:\/\/singuli.wpress.me\/index.php\/wp-json\/wp\/v2\/types\/product"}],"version-history":[{"count":0,"href":"https:\/\/singuli.wpress.me\/index.php\/wp-json\/wp\/v2\/product\/34140\/revisions"}],"wp:featuredmedia":[{"embeddable":true,"href":"https:\/\/singuli.wpress.me\/index.php\/wp-json\/wp\/v2\/media\/34141"}],"wp:attachment":[{"href":"https:\/\/singuli.wpress.me\/index.php\/wp-json\/wp\/v2\/media?parent=34140"}],"wp:term":[{"taxonomy":"product_brand","embeddable":true,"href":"https:\/\/singuli.wpress.me\/index.php\/wp-json\/wp\/v2\/product_brand?post=34140"},{"taxonomy":"product_cat","embeddable":true,"href":"https:\/\/singuli.wpress.me\/index.php\/wp-json\/wp\/v2\/product_cat?post=34140"},{"taxonomy":"product_tag","embeddable":true,"href":"https:\/\/singuli.wpress.me\/index.php\/wp-json\/wp\/v2\/product_tag?post=34140"}],"curies":[{"name":"wp","href":"https:\/\/api.w.org\/{rel}","templated":true}]}}