{"id":34142,"date":"2026-04-17T13:39:19","date_gmt":"2026-04-17T13:39:19","guid":{"rendered":"https:\/\/singuli.wpress.me\/index.php\/proizvod\/oral-b-lion-king-zamjenske-glave-za-cetkicu-8-kom\/"},"modified":"2026-04-20T12:33:11","modified_gmt":"2026-04-20T12:33:11","slug":"oral-b-lion-king-zamjenske-glave-za-cetkicu-8-kom","status":"publish","type":"product","link":"https:\/\/singuli.wpress.me\/index.php\/proizvod\/oral-b-lion-king-zamjenske-glave-za-cetkicu-8-kom\/","title":{"rendered":"ORAL-B Lion King, zamjenske glave za \u010detkicu, 8\u00a0kom"},"content":{"rendered":"<p>Glava zubne \u010detkice Oral-B Kids 3+ s likovima iz crti\u0107a Lion King omogu\u0107uje djeci zabavno, nje\u017eno i u\u010dinkovito pranje zubi \u010detkicom Oral-B koju preporu\u010duju stomatolozi. Izuzetno mekana vlakna i malena okrugla glava posebno su oblikovani za djecu te su kompatibilni sa svim elektri\u010dnim zubnim \u010detkicama Oral-B Kids. Posebno je oblikovana za nje\u017ene dje\u010dje desni. Okrugla glava \u010detkice idealne veli\u010dine za mala usta. Nje\u017ena prema desnima, s izuzetno mekanim vlaknima. Oral-B je marka zubnih \u010detkica br. 1, koju upotrebljava najvi\u0161e stomatologa diljem svijeta i koja pru\u017ea klini\u010dki dokazane rezultate.<\/p>\n<p>Karakteristike:<br \/>\n&#8211; Prilago\u0111eno dobi 3+ god  <br \/>\n&#8211; Za odr\u017eavanje optimalne u\u010dinkovitosti \u010di\u0161\u0107enja stomatolozi preporu\u010duju zamjenu glave \u010detkice svaka 3 mjeseca   <br \/>\n&#8211; Kompatibilne sa svim elektri\u010dnim zubnim \u010detkicama Oral-B Pro Kids<\/p>\n","protected":false},"excerpt":{"rendered":"<p>Izuzetno mekana vlakna i malena okrugla glava posebno su oblikovani za djecu<br \/>\nKompatibilne sa svim elektri\u010dnim zubnim \u010detkicama Oral-B Pro Kids<br \/>\nPrilago\u0111eno dobi 3+ god<\/p>\n","protected":false},"featured_media":34143,"template":"","meta":{"_seopress_robots_primary_cat":"","_seopress_titles_title":"","_seopress_titles_desc":"","_seopress_robots_index":"","iawp_total_views":0},"product_brand":[423],"product_cat":[192,207,209],"product_tag":[],"class_list":{"0":"post-34142","1":"product","2":"type-product","3":"status-publish","4":"has-post-thumbnail","6":"product_brand-oral-b-2","7":"product_cat-aparati-za-osobnu-njegu","8":"product_cat-oralna-higijena","9":"product_cat-zamjenske-glave","11":"first","12":"instock","13":"shipping-taxable","14":"purchasable","15":"product-type-simple"},"_links":{"self":[{"href":"https:\/\/singuli.wpress.me\/index.php\/wp-json\/wp\/v2\/product\/34142","targetHints":{"allow":["GET"]}}],"collection":[{"href":"https:\/\/singuli.wpress.me\/index.php\/wp-json\/wp\/v2\/product"}],"about":[{"href":"https:\/\/singuli.wpress.me\/index.php\/wp-json\/wp\/v2\/types\/product"}],"version-history":[{"count":0,"href":"https:\/\/singuli.wpress.me\/index.php\/wp-json\/wp\/v2\/product\/34142\/revisions"}],"wp:featuredmedia":[{"embeddable":true,"href":"https:\/\/singuli.wpress.me\/index.php\/wp-json\/wp\/v2\/media\/34143"}],"wp:attachment":[{"href":"https:\/\/singuli.wpress.me\/index.php\/wp-json\/wp\/v2\/media?parent=34142"}],"wp:term":[{"taxonomy":"product_brand","embeddable":true,"href":"https:\/\/singuli.wpress.me\/index.php\/wp-json\/wp\/v2\/product_brand?post=34142"},{"taxonomy":"product_cat","embeddable":true,"href":"https:\/\/singuli.wpress.me\/index.php\/wp-json\/wp\/v2\/product_cat?post=34142"},{"taxonomy":"product_tag","embeddable":true,"href":"https:\/\/singuli.wpress.me\/index.php\/wp-json\/wp\/v2\/product_tag?post=34142"}],"curies":[{"name":"wp","href":"https:\/\/api.w.org\/{rel}","templated":true}]}}