{"id":34151,"date":"2026-04-17T13:39:22","date_gmt":"2026-04-17T13:39:22","guid":{"rendered":"https:\/\/singuli.wpress.me\/index.php\/proizvod\/braun-prt-1000-digitalni-toplomjer\/"},"modified":"2026-04-20T12:33:11","modified_gmt":"2026-04-20T12:33:11","slug":"braun-prt-1000-digitalni-toplomjer","status":"publish","type":"product","link":"https:\/\/singuli.wpress.me\/index.php\/proizvod\/braun-prt-1000-digitalni-toplomjer\/","title":{"rendered":"BRAUN PRT 1000, digitalni toplomjer"},"content":{"rendered":"<p>Braun ThermoScan\u00ae PRT 1000. Digitalni toplomjer Braun je jednostavno i brzo rije\u0161enje za mjerenje temperature. Primjeren je i za najmla\u0111e. Primjeren je za mjerenje temperature svih \u010dlanova obitelj.<\/p>\n<p>Na\u010din upotrebe: Detaljno je opisan u uputama koje se nalaze uz medicinski proizvod<br \/>\nNa\u010din \u010duvanja: Na suhom mjestu na sobnoj temperaturi, za\u0161ti\u0107en od direktne sun\u010deve svjetlosti i pra\u0161ine.<br \/>\nBroj serije: Otisnut na originalnoj ambala\u017ei <\/p>\n","protected":false},"excerpt":{"rendered":"<p>Omogu\u0107uje brzo  mjerenje tjelesne temperature<br \/>\nPrimjeren je i za najmla\u0111e<br \/>\nJednostavno kori\u0161tenje<\/p>\n","protected":false},"featured_media":34152,"template":"","meta":{"_seopress_robots_primary_cat":"","_seopress_titles_title":"","_seopress_titles_desc":"","_seopress_robots_index":"","iawp_total_views":0},"product_brand":[144],"product_cat":[192,267],"product_tag":[],"class_list":{"0":"post-34151","1":"product","2":"type-product","3":"status-publish","4":"has-post-thumbnail","6":"product_brand-braun","7":"product_cat-aparati-za-osobnu-njegu","8":"product_cat-zdravstveni-uredaji-192","10":"first","11":"instock","12":"shipping-taxable","13":"purchasable","14":"product-type-simple"},"_links":{"self":[{"href":"https:\/\/singuli.wpress.me\/index.php\/wp-json\/wp\/v2\/product\/34151","targetHints":{"allow":["GET"]}}],"collection":[{"href":"https:\/\/singuli.wpress.me\/index.php\/wp-json\/wp\/v2\/product"}],"about":[{"href":"https:\/\/singuli.wpress.me\/index.php\/wp-json\/wp\/v2\/types\/product"}],"version-history":[{"count":0,"href":"https:\/\/singuli.wpress.me\/index.php\/wp-json\/wp\/v2\/product\/34151\/revisions"}],"wp:featuredmedia":[{"embeddable":true,"href":"https:\/\/singuli.wpress.me\/index.php\/wp-json\/wp\/v2\/media\/34152"}],"wp:attachment":[{"href":"https:\/\/singuli.wpress.me\/index.php\/wp-json\/wp\/v2\/media?parent=34151"}],"wp:term":[{"taxonomy":"product_brand","embeddable":true,"href":"https:\/\/singuli.wpress.me\/index.php\/wp-json\/wp\/v2\/product_brand?post=34151"},{"taxonomy":"product_cat","embeddable":true,"href":"https:\/\/singuli.wpress.me\/index.php\/wp-json\/wp\/v2\/product_cat?post=34151"},{"taxonomy":"product_tag","embeddable":true,"href":"https:\/\/singuli.wpress.me\/index.php\/wp-json\/wp\/v2\/product_tag?post=34151"}],"curies":[{"name":"wp","href":"https:\/\/api.w.org\/{rel}","templated":true}]}}