{"id":34160,"date":"2026-04-17T13:39:26","date_gmt":"2026-04-17T13:39:26","guid":{"rendered":"https:\/\/singuli.wpress.me\/index.php\/proizvod\/revlon-one-step-volumiser-uvijac-za-kosu\/"},"modified":"2026-04-20T12:33:11","modified_gmt":"2026-04-20T12:33:11","slug":"revlon-one-step-volumiser-uvijac-za-kosu","status":"publish","type":"product","link":"https:\/\/singuli.wpress.me\/index.php\/proizvod\/revlon-one-step-volumiser-uvijac-za-kosu\/","title":{"rendered":"REVLON One-Step Volumiser, uvija\u010d za kosu"},"content":{"rendered":"<p>Revlon ure\u0111aj za oblikovanje kose Volumizer<br \/>\nUre\u0111aj za oblikovanje kose Revlon Volumizer mo\u017ee se pohvaliti inovativnom mje\u0161avinom \u010dekinja koje osiguravaju ve\u0107i volumen i gla\u0111u kosu. \u010cetka s ionskom tehnologijom osigurava brzo i ravnomjerno su\u0161enje kose. Ima ergonomski oblikovanu ru\u010dku i hladan vrh.<\/p>\n<p><\/p>\n<p>Poseban ovalni oblik \u010detke idealan je za ravnanje kose. Stvara prekrasan volumen pri korijenu i lijepo uvija vrhove. Sve \u0161to vam je potrebno za valovitu frizuru!<\/p>\n<\/p>\n<h3>Br\u017ee i bez o\u0161te\u0107enja<\/h3>\n<\/p>\n<p>Dizajn \u010detke omogu\u0107uje brzu i ravnomjernu raspodjelu zraka kroz kosu, zbog \u010dega je su\u0161i i oblikuje br\u017ee, uz manje toplinskog o\u0161te\u0107enja.<\/p>\n<\/p>\n<h3>Ionska tehnologija<\/h3>\n<\/p>\n<p>Protok zraka kroz \u010detku zasi\u0107en je negativnim ionima koji smanjuju veli\u010dinu vodenih kapljica i ubrzavaju su\u0161enje. Zbog toga kosa postaje sjajnija i gla\u0111a. Tako\u0111er, smanjuje se i u\u010dinak naelektriziranosti.<\/p>\n<\/p>\n<h3>Kerami\u010dki premaz<\/h3>\n<\/p>\n<p>\u010cetka ima kerami\u010dki premaz koji osigurava ravnomjernu raspodjelu topline i manje o\u0161te\u0107enja.<\/p>\n","protected":false},"excerpt":{"rendered":"<p>Dizajn \u010detke omogu\u0107uje brzu i ravnomjernu raspodjelu zraka po kosi.<br \/>\nNajlonske \u010dekinje s kuglastim vrhovima osiguravaju nje\u017eno ra\u0161\u010de\u0161ljavanje kose.<br \/>\nS kerami\u010dkim premazom koji osigurava ravnomjernu raspodjelu topline i manje o\u0161te\u0107enja.<\/p>\n","protected":false},"featured_media":34161,"template":"","meta":{"_seopress_robots_primary_cat":"","_seopress_titles_title":"","_seopress_titles_desc":"","_seopress_robots_index":"","iawp_total_views":0},"product_brand":[155],"product_cat":[322,268,321],"product_tag":[],"class_list":{"0":"post-34160","1":"product","2":"type-product","3":"status-publish","4":"has-post-thumbnail","6":"product_brand-revlon","7":"product_cat-cetke-za-kosu-321","8":"product_cat-kozmetika-2","9":"product_cat-njega-za-zene-268","11":"first","12":"outofstock","13":"shipping-taxable","14":"purchasable","15":"product-type-simple"},"_links":{"self":[{"href":"https:\/\/singuli.wpress.me\/index.php\/wp-json\/wp\/v2\/product\/34160","targetHints":{"allow":["GET"]}}],"collection":[{"href":"https:\/\/singuli.wpress.me\/index.php\/wp-json\/wp\/v2\/product"}],"about":[{"href":"https:\/\/singuli.wpress.me\/index.php\/wp-json\/wp\/v2\/types\/product"}],"version-history":[{"count":0,"href":"https:\/\/singuli.wpress.me\/index.php\/wp-json\/wp\/v2\/product\/34160\/revisions"}],"wp:featuredmedia":[{"embeddable":true,"href":"https:\/\/singuli.wpress.me\/index.php\/wp-json\/wp\/v2\/media\/34161"}],"wp:attachment":[{"href":"https:\/\/singuli.wpress.me\/index.php\/wp-json\/wp\/v2\/media?parent=34160"}],"wp:term":[{"taxonomy":"product_brand","embeddable":true,"href":"https:\/\/singuli.wpress.me\/index.php\/wp-json\/wp\/v2\/product_brand?post=34160"},{"taxonomy":"product_cat","embeddable":true,"href":"https:\/\/singuli.wpress.me\/index.php\/wp-json\/wp\/v2\/product_cat?post=34160"},{"taxonomy":"product_tag","embeddable":true,"href":"https:\/\/singuli.wpress.me\/index.php\/wp-json\/wp\/v2\/product_tag?post=34160"}],"curies":[{"name":"wp","href":"https:\/\/api.w.org\/{rel}","templated":true}]}}