{"id":34166,"date":"2026-04-17T13:39:28","date_gmt":"2026-04-17T13:39:28","guid":{"rendered":"https:\/\/singuli.wpress.me\/index.php\/proizvod\/pringles-sweet-sticky-wings-cips-165-g\/"},"modified":"2026-04-20T12:33:11","modified_gmt":"2026-04-20T12:33:11","slug":"pringles-sweet-sticky-wings-cips-165-g","status":"publish","type":"product","link":"https:\/\/singuli.wpress.me\/index.php\/proizvod\/pringles-sweet-sticky-wings-cips-165-g\/","title":{"rendered":"PRINGLES Sweet &amp; Sticky Wings, \u010dips, 165\u00a0g"},"content":{"rendered":"<p>\u010cips s da\u0161kom Azije: Pringles Passport Flavours Chinese Style Sweet &amp; Sticky Wings donosi prepoznatljiv okus slatko-za\u010dinskih, glaziranih pile\u0107ih krilaca izravno u pakiranje \u010dipsa. Savr\u0161ena ravnote\u017ea slatke i pikantno-aromati\u010dne marinade pru\u017ea autenti\u010dno kinesko gastronomsko iskustvo. Nezaobilazan izbor za sve ljubitelje okusa azijske kuhinje.<\/p>\n","protected":false},"excerpt":{"rendered":"<p>Pringles je doprinos \u010dipsu<br \/>\nPrepoznatljivi Pringles oblik koji garantira ravnomjernu hrskavost u svakom zalogaju<br \/>\nSavr\u0161ena ravnote\u017ea slatke i pikantno-aromati\u010dne marinade<\/p>\n","protected":false},"featured_media":34167,"template":"","meta":{"_seopress_robots_primary_cat":"","_seopress_titles_title":"","_seopress_titles_desc":"","_seopress_robots_index":"","iawp_total_views":0},"product_brand":[462],"product_cat":[261,277],"product_tag":[],"class_list":{"0":"post-34166","1":"product","2":"type-product","3":"status-publish","4":"has-post-thumbnail","6":"product_brand-pringles","7":"product_cat-hrana-i-pice","8":"product_cat-slatkisi-i-grickalice-261","10":"first","11":"outofstock","12":"shipping-taxable","13":"purchasable","14":"product-type-simple"},"_links":{"self":[{"href":"https:\/\/singuli.wpress.me\/index.php\/wp-json\/wp\/v2\/product\/34166","targetHints":{"allow":["GET"]}}],"collection":[{"href":"https:\/\/singuli.wpress.me\/index.php\/wp-json\/wp\/v2\/product"}],"about":[{"href":"https:\/\/singuli.wpress.me\/index.php\/wp-json\/wp\/v2\/types\/product"}],"version-history":[{"count":0,"href":"https:\/\/singuli.wpress.me\/index.php\/wp-json\/wp\/v2\/product\/34166\/revisions"}],"wp:featuredmedia":[{"embeddable":true,"href":"https:\/\/singuli.wpress.me\/index.php\/wp-json\/wp\/v2\/media\/34167"}],"wp:attachment":[{"href":"https:\/\/singuli.wpress.me\/index.php\/wp-json\/wp\/v2\/media?parent=34166"}],"wp:term":[{"taxonomy":"product_brand","embeddable":true,"href":"https:\/\/singuli.wpress.me\/index.php\/wp-json\/wp\/v2\/product_brand?post=34166"},{"taxonomy":"product_cat","embeddable":true,"href":"https:\/\/singuli.wpress.me\/index.php\/wp-json\/wp\/v2\/product_cat?post=34166"},{"taxonomy":"product_tag","embeddable":true,"href":"https:\/\/singuli.wpress.me\/index.php\/wp-json\/wp\/v2\/product_tag?post=34166"}],"curies":[{"name":"wp","href":"https:\/\/api.w.org\/{rel}","templated":true}]}}