{"id":34168,"date":"2026-04-17T13:39:29","date_gmt":"2026-04-17T13:39:29","guid":{"rendered":"https:\/\/singuli.wpress.me\/index.php\/proizvod\/pringles-cream-cheese-herbs-cips-165-g\/"},"modified":"2026-04-21T00:26:40","modified_gmt":"2026-04-21T00:26:40","slug":"pringles-cream-cheese-herbs-cips-165-g","status":"publish","type":"product","link":"https:\/\/singuli.wpress.me\/index.php\/proizvod\/pringles-cream-cheese-herbs-cips-165-g\/","title":{"rendered":"PRINGLES Cream Cheese &amp; Herbs, \u010dips, 165\u00a0g"},"content":{"rendered":"<p>Kremasto, pikantno, neodoljivo: Pringles Cream Cheese &amp; Herbs kombiniraju blag okus svje\u017eeg sira s finom notom za\u010dinskog bilja. Hrskavi slojeviti \u010dips nudi savr\u0161enu ravnote\u017eu izme\u0111u kremaste arome i bogate hrskavosti \u2013 idealan zalogaj za opu\u0161tene ve\u010deri ili za dijeljenje s prijateljima!<\/p>\n","protected":false},"excerpt":{"rendered":"<p>Pringles je doprinos \u010dipsu<br \/>\nPrepoznatljivi Pringles oblik koji garantira ravnomjernu hrskavost u svakom zalogaju<br \/>\nBlag okus svje\u017eeg sira s finom notom za\u010dinskog bilja<\/p>\n","protected":false},"featured_media":34169,"template":"","meta":{"_seopress_robots_primary_cat":"","_seopress_titles_title":"","_seopress_titles_desc":"","_seopress_robots_index":"","iawp_total_views":0},"product_brand":[462],"product_cat":[261,277],"product_tag":[],"class_list":{"0":"post-34168","1":"product","2":"type-product","3":"status-publish","4":"has-post-thumbnail","6":"product_brand-pringles","7":"product_cat-hrana-i-pice","8":"product_cat-slatkisi-i-grickalice-261","10":"first","11":"instock","12":"shipping-taxable","13":"purchasable","14":"product-type-simple"},"_links":{"self":[{"href":"https:\/\/singuli.wpress.me\/index.php\/wp-json\/wp\/v2\/product\/34168","targetHints":{"allow":["GET"]}}],"collection":[{"href":"https:\/\/singuli.wpress.me\/index.php\/wp-json\/wp\/v2\/product"}],"about":[{"href":"https:\/\/singuli.wpress.me\/index.php\/wp-json\/wp\/v2\/types\/product"}],"version-history":[{"count":0,"href":"https:\/\/singuli.wpress.me\/index.php\/wp-json\/wp\/v2\/product\/34168\/revisions"}],"wp:featuredmedia":[{"embeddable":true,"href":"https:\/\/singuli.wpress.me\/index.php\/wp-json\/wp\/v2\/media\/34169"}],"wp:attachment":[{"href":"https:\/\/singuli.wpress.me\/index.php\/wp-json\/wp\/v2\/media?parent=34168"}],"wp:term":[{"taxonomy":"product_brand","embeddable":true,"href":"https:\/\/singuli.wpress.me\/index.php\/wp-json\/wp\/v2\/product_brand?post=34168"},{"taxonomy":"product_cat","embeddable":true,"href":"https:\/\/singuli.wpress.me\/index.php\/wp-json\/wp\/v2\/product_cat?post=34168"},{"taxonomy":"product_tag","embeddable":true,"href":"https:\/\/singuli.wpress.me\/index.php\/wp-json\/wp\/v2\/product_tag?post=34168"}],"curies":[{"name":"wp","href":"https:\/\/api.w.org\/{rel}","templated":true}]}}