{"id":34177,"date":"2026-04-17T13:39:32","date_gmt":"2026-04-17T13:39:32","guid":{"rendered":"https:\/\/singuli.wpress.me\/index.php\/proizvod\/revlon-one-step-uvijac-za-kosu-rvdr5335\/"},"modified":"2026-04-20T12:33:11","modified_gmt":"2026-04-20T12:33:11","slug":"revlon-one-step-uvijac-za-kosu-rvdr5335","status":"publish","type":"product","link":"https:\/\/singuli.wpress.me\/index.php\/proizvod\/revlon-one-step-uvijac-za-kosu-rvdr5335\/","title":{"rendered":"REVLON One Step, uvija\u010d za kosu, RVDR5335"},"content":{"rendered":"<p>Nastavak za <b>One Step Multi Styler 3 u 1<\/b> i <b>Volumiser PLUS<\/b>.<\/p>\n<ul>\n<li>\n<p><b>32 mm 360\u00b0 ventilatorski nastavak za kovr\u010de:<\/b> Odli\u010dan za opu\u0161tene kovr\u010de.<\/p>\n<\/li>\n<li>\n<p><b>Kerami\u010dki turmalinski premaz s ionima:<\/b> Osigurava ravnomjernu raspodjelu topline za manje o\u0161te\u0107enja kose u slu\u010daju pretjeranog oblikovanja &#8211; bolja toplina za manje \u0161tete.<\/p>\n<\/li>\n<li>\n<p><b>Hladan vrh<\/b> na uvija\u010du<\/p>\n<\/li>\n<\/ul>\n","protected":false},"excerpt":{"rendered":"<p>Nastavak za uvija\u010d One Step Multi Styler 3 u 1 i Volumiser PLUS.<br \/>\nHladan vrh na uvija\u010du.<br \/>\nKerami\u010dki turmalinski premaz s ionima.<\/p>\n","protected":false},"featured_media":34178,"template":"","meta":{"_seopress_robots_primary_cat":"","_seopress_titles_title":"","_seopress_titles_desc":"","_seopress_robots_index":"","iawp_total_views":0},"product_brand":[155],"product_cat":[322,268,321],"product_tag":[],"class_list":{"0":"post-34177","1":"product","2":"type-product","3":"status-publish","4":"has-post-thumbnail","6":"product_brand-revlon","7":"product_cat-cetke-za-kosu-321","8":"product_cat-kozmetika-2","9":"product_cat-njega-za-zene-268","11":"first","12":"instock","13":"shipping-taxable","14":"purchasable","15":"product-type-simple"},"_links":{"self":[{"href":"https:\/\/singuli.wpress.me\/index.php\/wp-json\/wp\/v2\/product\/34177","targetHints":{"allow":["GET"]}}],"collection":[{"href":"https:\/\/singuli.wpress.me\/index.php\/wp-json\/wp\/v2\/product"}],"about":[{"href":"https:\/\/singuli.wpress.me\/index.php\/wp-json\/wp\/v2\/types\/product"}],"version-history":[{"count":0,"href":"https:\/\/singuli.wpress.me\/index.php\/wp-json\/wp\/v2\/product\/34177\/revisions"}],"wp:featuredmedia":[{"embeddable":true,"href":"https:\/\/singuli.wpress.me\/index.php\/wp-json\/wp\/v2\/media\/34178"}],"wp:attachment":[{"href":"https:\/\/singuli.wpress.me\/index.php\/wp-json\/wp\/v2\/media?parent=34177"}],"wp:term":[{"taxonomy":"product_brand","embeddable":true,"href":"https:\/\/singuli.wpress.me\/index.php\/wp-json\/wp\/v2\/product_brand?post=34177"},{"taxonomy":"product_cat","embeddable":true,"href":"https:\/\/singuli.wpress.me\/index.php\/wp-json\/wp\/v2\/product_cat?post=34177"},{"taxonomy":"product_tag","embeddable":true,"href":"https:\/\/singuli.wpress.me\/index.php\/wp-json\/wp\/v2\/product_tag?post=34177"}],"curies":[{"name":"wp","href":"https:\/\/api.w.org\/{rel}","templated":true}]}}