{"id":34192,"date":"2026-04-17T13:39:36","date_gmt":"2026-04-17T13:39:36","guid":{"rendered":"https:\/\/singuli.wpress.me\/index.php\/proizvod\/revlon-one-step-uvijac-za-kosu-rvdr5326\/"},"modified":"2026-04-20T12:33:11","modified_gmt":"2026-04-20T12:33:11","slug":"revlon-one-step-uvijac-za-kosu-rvdr5326","status":"publish","type":"product","link":"https:\/\/singuli.wpress.me\/index.php\/proizvod\/revlon-one-step-uvijac-za-kosu-rvdr5326\/","title":{"rendered":"REVLON One Step, uvija\u010d za kosu, RVDR5326"},"content":{"rendered":"<p><b>Nastavak za uvija\u010d One Step Multi Styler 3 u 1 i Volumiser PLUS.<\/b><\/p>\n<p><b>Jedinstveni nastavak \u010de\u0161alj-koncentrator za su\u0161enje i pripremu prije oblikovanja.<\/b><\/p>\n<p><b>Kerami\u010dki turmalinski premaz s ionima<\/b><\/p>\n<p>Osigurava ravnomjernu raspodjelu topline za manje o\u0161te\u0107enja kose u slu\u010daju pretjeranog oblikovanja &#8211; bolja toplina za manje \u0161tete.<\/p>\n<p>Protok zraka zasi\u0107en je negativnim ionima, koji smanjuju veli\u010dinu vodenih kapljica i ubrzavaju su\u0161enje. Zbog toga je kosa sjajnija i gla\u0111a. Tako\u0111er se smanjuje i u\u010dinak naelektriziranosti.<\/p>\n","protected":false},"excerpt":{"rendered":"<p>Nastavak za uvija\u010d One Step Multi Styler 3 u 1 i Volumiser PLUS.<br \/>\nJedinstven nastavak za su\u0161enje i pripremu prije oblikovanja.<br \/>\nKerami\u010dki turmalinski premaz s ionima.<\/p>\n","protected":false},"featured_media":34193,"template":"","meta":{"_seopress_robots_primary_cat":"","_seopress_titles_title":"","_seopress_titles_desc":"","_seopress_robots_index":"","iawp_total_views":0},"product_brand":[155],"product_cat":[322,268,321],"product_tag":[],"class_list":{"0":"post-34192","1":"product","2":"type-product","3":"status-publish","4":"has-post-thumbnail","6":"product_brand-revlon","7":"product_cat-cetke-za-kosu-321","8":"product_cat-kozmetika-2","9":"product_cat-njega-za-zene-268","11":"first","12":"outofstock","13":"shipping-taxable","14":"purchasable","15":"product-type-simple"},"_links":{"self":[{"href":"https:\/\/singuli.wpress.me\/index.php\/wp-json\/wp\/v2\/product\/34192","targetHints":{"allow":["GET"]}}],"collection":[{"href":"https:\/\/singuli.wpress.me\/index.php\/wp-json\/wp\/v2\/product"}],"about":[{"href":"https:\/\/singuli.wpress.me\/index.php\/wp-json\/wp\/v2\/types\/product"}],"version-history":[{"count":0,"href":"https:\/\/singuli.wpress.me\/index.php\/wp-json\/wp\/v2\/product\/34192\/revisions"}],"wp:featuredmedia":[{"embeddable":true,"href":"https:\/\/singuli.wpress.me\/index.php\/wp-json\/wp\/v2\/media\/34193"}],"wp:attachment":[{"href":"https:\/\/singuli.wpress.me\/index.php\/wp-json\/wp\/v2\/media?parent=34192"}],"wp:term":[{"taxonomy":"product_brand","embeddable":true,"href":"https:\/\/singuli.wpress.me\/index.php\/wp-json\/wp\/v2\/product_brand?post=34192"},{"taxonomy":"product_cat","embeddable":true,"href":"https:\/\/singuli.wpress.me\/index.php\/wp-json\/wp\/v2\/product_cat?post=34192"},{"taxonomy":"product_tag","embeddable":true,"href":"https:\/\/singuli.wpress.me\/index.php\/wp-json\/wp\/v2\/product_tag?post=34192"}],"curies":[{"name":"wp","href":"https:\/\/api.w.org\/{rel}","templated":true}]}}