{"id":34197,"date":"2026-04-17T13:39:37","date_gmt":"2026-04-17T13:39:37","guid":{"rendered":"https:\/\/singuli.wpress.me\/index.php\/proizvod\/panolin-s4-hlp-32-hidraulicko-ulje-209-l\/"},"modified":"2026-04-20T12:33:11","modified_gmt":"2026-04-20T12:33:11","slug":"panolin-s4-hlp-32-hidraulicko-ulje-209-l","status":"publish","type":"product","link":"https:\/\/singuli.wpress.me\/index.php\/proizvod\/panolin-s4-hlp-32-hidraulicko-ulje-209-l\/","title":{"rendered":"PANOLIN S4 HLP 32, hidrauli\u010dko ulje, 209\u00a0l"},"content":{"rendered":"<p>Shell PANOLIN S4 HLP Synth EAL je hidrauli\u010dna teku\u0107ina formulirana s naprednom tehnologijom aditiva bez cinka i visokou\u010dinkovitim, potpuno sinteti\u010dkim zasi\u0107enim esterima. Ova jedinstvena kombinacija osigurava izvanredne performanse podmazivanja uz visoku razinu ekolo\u0161ke prihvatljivosti. Lako je biorazgradiva s niskom ekotoksi\u010dno\u0161\u0107u, \u0161to je \u010dini idealnom za upotrebu u ekolo\u0161ki osjetljivim podru\u010djima, uklju\u010duju\u0107i vode SAD-a. Prikladna je za stacionarne i mobilne hidrauli\u010dke sustave, poput onih u brodskoj opremi, gra\u0111evinarstvu i \u0161umarstvu.<\/p>\n","protected":false},"excerpt":{"rendered":"<p>Lako biorazgradiva i s niskom ekotoksi\u010dno\u0161\u0107u, idealna za osjetljiva podru\u010dja<br \/>\nNapredna sinteti\u010dka baza i aditivi bez cinka osiguravaju izvanredno podmazivanje<br \/>\nPogodna za hidrauli\u010dke sustave na brodovima, u gra\u0111evinarstvu i \u0161umarstvu<\/p>\n","protected":false},"featured_media":34198,"template":"","meta":{"_seopress_robots_primary_cat":"","_seopress_titles_title":"","_seopress_titles_desc":"","_seopress_robots_index":"","iawp_total_views":0},"product_brand":[752],"product_cat":[243,276],"product_tag":[],"class_list":{"0":"post-34197","1":"product","2":"type-product","3":"status-publish","4":"has-post-thumbnail","6":"product_brand-panolin","7":"product_cat-automobili-i-motori","8":"product_cat-industrijska-i-specijalna-ulja-243","10":"first","11":"outofstock","12":"shipping-taxable","13":"purchasable","14":"product-type-simple"},"_links":{"self":[{"href":"https:\/\/singuli.wpress.me\/index.php\/wp-json\/wp\/v2\/product\/34197","targetHints":{"allow":["GET"]}}],"collection":[{"href":"https:\/\/singuli.wpress.me\/index.php\/wp-json\/wp\/v2\/product"}],"about":[{"href":"https:\/\/singuli.wpress.me\/index.php\/wp-json\/wp\/v2\/types\/product"}],"version-history":[{"count":0,"href":"https:\/\/singuli.wpress.me\/index.php\/wp-json\/wp\/v2\/product\/34197\/revisions"}],"wp:featuredmedia":[{"embeddable":true,"href":"https:\/\/singuli.wpress.me\/index.php\/wp-json\/wp\/v2\/media\/34198"}],"wp:attachment":[{"href":"https:\/\/singuli.wpress.me\/index.php\/wp-json\/wp\/v2\/media?parent=34197"}],"wp:term":[{"taxonomy":"product_brand","embeddable":true,"href":"https:\/\/singuli.wpress.me\/index.php\/wp-json\/wp\/v2\/product_brand?post=34197"},{"taxonomy":"product_cat","embeddable":true,"href":"https:\/\/singuli.wpress.me\/index.php\/wp-json\/wp\/v2\/product_cat?post=34197"},{"taxonomy":"product_tag","embeddable":true,"href":"https:\/\/singuli.wpress.me\/index.php\/wp-json\/wp\/v2\/product_tag?post=34197"}],"curies":[{"name":"wp","href":"https:\/\/api.w.org\/{rel}","templated":true}]}}