{"id":34199,"date":"2026-04-17T13:39:37","date_gmt":"2026-04-17T13:39:37","guid":{"rendered":"https:\/\/singuli.wpress.me\/index.php\/proizvod\/panolin-s4-hlp-46-hidraulicko-ulje-209-l\/"},"modified":"2026-04-20T12:33:11","modified_gmt":"2026-04-20T12:33:11","slug":"panolin-s4-hlp-46-hidraulicko-ulje-209-l","status":"publish","type":"product","link":"https:\/\/singuli.wpress.me\/index.php\/proizvod\/panolin-s4-hlp-46-hidraulicko-ulje-209-l\/","title":{"rendered":"PANOLIN S4 HLP 46, hidrauli\u010dko ulje, 209\u00a0l"},"content":{"rendered":"<p>Ova potpuno sinteti\u010dka hidrauli\u010dna teku\u0107ina visoke u\u010dinkovitosti, bazirana na zasi\u0107enim sinteti\u010dkim esterima, formulirana je bez cinka i iznimno je ekolo\u0161ki prihvatljiva. Posebni aditivi sprje\u010davaju stvrdnjavanje i talo\u017eenje \u010dak i pri visokim temperaturama, osiguravaju\u0107i iznimno dugi interval izmjene, prakti\u010dki &quot;do\u017eivotno punjenje&quot;. Osim \u0161to ima znatno ve\u0107e rezerve od konvencionalnih ulja, pru\u017ea izvrsne performanse pod visokim tlakom, pokazuje izvrsna svojstva u hladnim uvjetima (vrlo niska to\u010dka stini\u0161ta) te je otporna na oksidaciju pri visokim temperaturama, \u010dime se smanjuju i emisije CO2.<\/p>\n","protected":false},"excerpt":{"rendered":"<p>Lako biorazgradiva teku\u0107ina bez cinka, s manjom emisijom CO2<br \/>\nMogu\u0107nost &#8220;do\u017eivotnog punjenja&#8221; smanjuje tro\u0161kove i vrijeme odr\u017eavanja<br \/>\nOtpornost na visoke temperature i tlak, te izvrsna svojstva u hladnim uvjetima<\/p>\n","protected":false},"featured_media":34200,"template":"","meta":{"_seopress_robots_primary_cat":"","_seopress_titles_title":"","_seopress_titles_desc":"","_seopress_robots_index":"","iawp_total_views":0},"product_brand":[752],"product_cat":[243,276],"product_tag":[],"class_list":{"0":"post-34199","1":"product","2":"type-product","3":"status-publish","4":"has-post-thumbnail","6":"product_brand-panolin","7":"product_cat-automobili-i-motori","8":"product_cat-industrijska-i-specijalna-ulja-243","10":"first","11":"instock","12":"shipping-taxable","13":"purchasable","14":"product-type-simple"},"_links":{"self":[{"href":"https:\/\/singuli.wpress.me\/index.php\/wp-json\/wp\/v2\/product\/34199","targetHints":{"allow":["GET"]}}],"collection":[{"href":"https:\/\/singuli.wpress.me\/index.php\/wp-json\/wp\/v2\/product"}],"about":[{"href":"https:\/\/singuli.wpress.me\/index.php\/wp-json\/wp\/v2\/types\/product"}],"version-history":[{"count":0,"href":"https:\/\/singuli.wpress.me\/index.php\/wp-json\/wp\/v2\/product\/34199\/revisions"}],"wp:featuredmedia":[{"embeddable":true,"href":"https:\/\/singuli.wpress.me\/index.php\/wp-json\/wp\/v2\/media\/34200"}],"wp:attachment":[{"href":"https:\/\/singuli.wpress.me\/index.php\/wp-json\/wp\/v2\/media?parent=34199"}],"wp:term":[{"taxonomy":"product_brand","embeddable":true,"href":"https:\/\/singuli.wpress.me\/index.php\/wp-json\/wp\/v2\/product_brand?post=34199"},{"taxonomy":"product_cat","embeddable":true,"href":"https:\/\/singuli.wpress.me\/index.php\/wp-json\/wp\/v2\/product_cat?post=34199"},{"taxonomy":"product_tag","embeddable":true,"href":"https:\/\/singuli.wpress.me\/index.php\/wp-json\/wp\/v2\/product_tag?post=34199"}],"curies":[{"name":"wp","href":"https:\/\/api.w.org\/{rel}","templated":true}]}}