{"id":34201,"date":"2026-04-17T13:39:38","date_gmt":"2026-04-17T13:39:38","guid":{"rendered":"https:\/\/singuli.wpress.me\/index.php\/proizvod\/rimula-r6-lme-plus-5w30-motorno-ulje-1000-l\/"},"modified":"2026-04-20T12:33:11","modified_gmt":"2026-04-20T12:33:11","slug":"rimula-r6-lme-plus-5w30-motorno-ulje-1000-l","status":"publish","type":"product","link":"https:\/\/singuli.wpress.me\/index.php\/proizvod\/rimula-r6-lme-plus-5w30-motorno-ulje-1000-l\/","title":{"rendered":"RIMULA R6 LME PLUS 5W30, motorno ulje, 1000\u00a0l"},"content":{"rendered":"<p>Ovo sinteti\u010dko motorno ulje formulirano je pomo\u0107u najnaprednije Shellove tehnologije, stvoreno za te\u0161ko optere\u0107ene dizelske motore gospodarskih vozila. Osigurava snagu motora i zna\u010dajnu u\u0161tedu goriva bez kompromisa po pitanju za\u0161tite motora. Napredna formulacija s niskim sadr\u017eajem pepela poma\u017ee u odr\u017eavanju ispu\u0161nog sustava, dok jedinstvena tehnologija aditiva garantira iznimnu \u010disto\u0107u klipova. Ulje zadovoljava zahtjeve produljenih intervala izmjene za vozila Mercedes-Benz i MAN, od najnovijih Euro 6 motora pa sve do motora starijih generacija.<\/p>\n","protected":false},"excerpt":{"rendered":"<p>Omogu\u0107uje u\u0161tedu goriva uz optimalnu za\u0161titu motora<br \/>\nZadovoljava zahtjeve vozila Mercedes-Benz i MAN, smanjuju\u0107i tro\u0161kove odr\u017eavanja<br \/>\nOsigurava \u010disto\u0107u klipova i poma\u017ee u odr\u017eavanju ispu\u0161nog sustava<\/p>\n","protected":false},"featured_media":34202,"template":"","meta":{"_seopress_robots_primary_cat":"","_seopress_titles_title":"","_seopress_titles_desc":"","_seopress_robots_index":"","iawp_total_views":0},"product_brand":[469],"product_cat":[243,272],"product_tag":[],"class_list":{"0":"post-34201","1":"product","2":"type-product","3":"status-publish","4":"has-post-thumbnail","6":"product_brand-rimula","7":"product_cat-automobili-i-motori","8":"product_cat-motorna-ulja-243","10":"first","11":"instock","12":"shipping-taxable","13":"purchasable","14":"product-type-simple"},"_links":{"self":[{"href":"https:\/\/singuli.wpress.me\/index.php\/wp-json\/wp\/v2\/product\/34201","targetHints":{"allow":["GET"]}}],"collection":[{"href":"https:\/\/singuli.wpress.me\/index.php\/wp-json\/wp\/v2\/product"}],"about":[{"href":"https:\/\/singuli.wpress.me\/index.php\/wp-json\/wp\/v2\/types\/product"}],"version-history":[{"count":0,"href":"https:\/\/singuli.wpress.me\/index.php\/wp-json\/wp\/v2\/product\/34201\/revisions"}],"wp:featuredmedia":[{"embeddable":true,"href":"https:\/\/singuli.wpress.me\/index.php\/wp-json\/wp\/v2\/media\/34202"}],"wp:attachment":[{"href":"https:\/\/singuli.wpress.me\/index.php\/wp-json\/wp\/v2\/media?parent=34201"}],"wp:term":[{"taxonomy":"product_brand","embeddable":true,"href":"https:\/\/singuli.wpress.me\/index.php\/wp-json\/wp\/v2\/product_brand?post=34201"},{"taxonomy":"product_cat","embeddable":true,"href":"https:\/\/singuli.wpress.me\/index.php\/wp-json\/wp\/v2\/product_cat?post=34201"},{"taxonomy":"product_tag","embeddable":true,"href":"https:\/\/singuli.wpress.me\/index.php\/wp-json\/wp\/v2\/product_tag?post=34201"}],"curies":[{"name":"wp","href":"https:\/\/api.w.org\/{rel}","templated":true}]}}