{"id":34207,"date":"2026-04-17T13:39:40","date_gmt":"2026-04-17T13:39:40","guid":{"rendered":"https:\/\/singuli.wpress.me\/index.php\/proizvod\/jacobs-3-u-1-milka-instant-kava-12x12-4-g-297-6-g\/"},"modified":"2026-04-20T12:33:11","modified_gmt":"2026-04-20T12:33:11","slug":"jacobs-3-u-1-milka-instant-kava-12x12-4-g-297-6-g","status":"publish","type":"product","link":"https:\/\/singuli.wpress.me\/index.php\/proizvod\/jacobs-3-u-1-milka-instant-kava-12x12-4-g-297-6-g\/","title":{"rendered":"JACOBS 3 u 1 Milka, instant kava, 12&#215;12.4 g, 297.6\u00a0g"},"content":{"rendered":"<p>Zanima li vas izuzetna mo\u0107 <b>Jacobs<\/b> \u010darobne arome? Popijte kavu, osjetite aromu i sanjajte otvorenih o\u010diju. S dovoljno Jacobs kave, sve je mogu\u0107e.<\/p>\n<p>Priu\u0161tite si \u0161alicu va\u0161eg omiljenog toplog napitka <b>Jacobs<\/b> s mje\u0161avinom u prahu za pripremu napitka od instant kave. Napitak ima ugodnu aromu i nezaboravan okus.<\/p>\n<h3>Priprema<\/h3>\n<\/p>\n<p>Sadr\u017eaj vre\u0107ice uspite u \u0161alicu, prelijte s <b>180 ml<\/b> vru\u0107e, ali ne kipu\u0107e vode i dobro promije\u0161ajte.<\/p>\n<h3>Skladi\u0161tenje<\/h3>\n<\/p>\n<p>\u010cuvati na hladnom i suhom mjestu, za\u0161ti\u0107eno od izravne sun\u010deve svjetlosti.<\/p>\n","protected":false},"excerpt":{"rendered":"<p>Mje\u0161avina u prahu za pripremu napitka od instant kave.<br \/>\nNapitak ima ugodnu aromu i nezaboravan okus.<br \/>\nU pakiranju dobivate 24 vre\u0107ice pakirane u kutiji.<\/p>\n","protected":false},"featured_media":34208,"template":"","meta":{"_seopress_robots_primary_cat":"","_seopress_titles_title":"","_seopress_titles_desc":"","_seopress_robots_index":"","iawp_total_views":0},"product_brand":[419],"product_cat":[261,275],"product_tag":[],"class_list":{"0":"post-34207","1":"product","2":"type-product","3":"status-publish","4":"has-post-thumbnail","6":"product_brand-jacobs","7":"product_cat-hrana-i-pice","8":"product_cat-kava-i-cajevi-261","10":"first","11":"instock","12":"shipping-taxable","13":"purchasable","14":"product-type-simple"},"_links":{"self":[{"href":"https:\/\/singuli.wpress.me\/index.php\/wp-json\/wp\/v2\/product\/34207","targetHints":{"allow":["GET"]}}],"collection":[{"href":"https:\/\/singuli.wpress.me\/index.php\/wp-json\/wp\/v2\/product"}],"about":[{"href":"https:\/\/singuli.wpress.me\/index.php\/wp-json\/wp\/v2\/types\/product"}],"version-history":[{"count":0,"href":"https:\/\/singuli.wpress.me\/index.php\/wp-json\/wp\/v2\/product\/34207\/revisions"}],"wp:featuredmedia":[{"embeddable":true,"href":"https:\/\/singuli.wpress.me\/index.php\/wp-json\/wp\/v2\/media\/34208"}],"wp:attachment":[{"href":"https:\/\/singuli.wpress.me\/index.php\/wp-json\/wp\/v2\/media?parent=34207"}],"wp:term":[{"taxonomy":"product_brand","embeddable":true,"href":"https:\/\/singuli.wpress.me\/index.php\/wp-json\/wp\/v2\/product_brand?post=34207"},{"taxonomy":"product_cat","embeddable":true,"href":"https:\/\/singuli.wpress.me\/index.php\/wp-json\/wp\/v2\/product_cat?post=34207"},{"taxonomy":"product_tag","embeddable":true,"href":"https:\/\/singuli.wpress.me\/index.php\/wp-json\/wp\/v2\/product_tag?post=34207"}],"curies":[{"name":"wp","href":"https:\/\/api.w.org\/{rel}","templated":true}]}}