{"id":34213,"date":"2026-04-17T13:39:41","date_gmt":"2026-04-17T13:39:41","guid":{"rendered":"https:\/\/singuli.wpress.me\/index.php\/proizvod\/oral-b-super-zubni-konac-narezan-50-kom\/"},"modified":"2026-04-20T12:33:11","modified_gmt":"2026-04-20T12:33:11","slug":"oral-b-super-zubni-konac-narezan-50-kom","status":"publish","type":"product","link":"https:\/\/singuli.wpress.me\/index.php\/proizvod\/oral-b-super-zubni-konac-narezan-50-kom\/","title":{"rendered":"ORAL-B Super, zubni konac, narezan, 50\u00a0kom"},"content":{"rendered":"<p>Zubni konac Oral-B Super idealan je za \u010di\u0161\u0107enje ortodontskih zubnih aparati\u0107a, mostova i \u0161irokih razmaka izme\u0111u zuba. Ima 3 jedinstvene komponente: oja\u010dani rub, spu\u017evasti i obi\u010dni zubni konac. <br \/>\nKombinacija te tri komponente omogu\u0107uje maksimalnu u\u010dinkovitost.<\/p>\n","protected":false},"excerpt":{"rendered":"<p>Idealan za kori\u0161tenje s aparati\u0107ima, mostovima i \u0161irokim me\u0111uzubnim prostorima<br \/>\n50 izrezanih traka konca za zube<br \/>\nOral-B je robna marka broj 1 koju koriste stomatolozi diljem svijeta<\/p>\n","protected":false},"featured_media":34214,"template":"","meta":{"_seopress_robots_primary_cat":"","_seopress_titles_title":"","_seopress_titles_desc":"","_seopress_robots_index":"","iawp_total_views":0},"product_brand":[423],"product_cat":[268,309],"product_tag":[],"class_list":{"0":"post-34213","1":"product","2":"type-product","3":"status-publish","4":"has-post-thumbnail","6":"product_brand-oral-b-2","7":"product_cat-kozmetika-2","8":"product_cat-oralna-higijena-268","10":"first","11":"instock","12":"shipping-taxable","13":"purchasable","14":"product-type-simple"},"_links":{"self":[{"href":"https:\/\/singuli.wpress.me\/index.php\/wp-json\/wp\/v2\/product\/34213","targetHints":{"allow":["GET"]}}],"collection":[{"href":"https:\/\/singuli.wpress.me\/index.php\/wp-json\/wp\/v2\/product"}],"about":[{"href":"https:\/\/singuli.wpress.me\/index.php\/wp-json\/wp\/v2\/types\/product"}],"version-history":[{"count":0,"href":"https:\/\/singuli.wpress.me\/index.php\/wp-json\/wp\/v2\/product\/34213\/revisions"}],"wp:featuredmedia":[{"embeddable":true,"href":"https:\/\/singuli.wpress.me\/index.php\/wp-json\/wp\/v2\/media\/34214"}],"wp:attachment":[{"href":"https:\/\/singuli.wpress.me\/index.php\/wp-json\/wp\/v2\/media?parent=34213"}],"wp:term":[{"taxonomy":"product_brand","embeddable":true,"href":"https:\/\/singuli.wpress.me\/index.php\/wp-json\/wp\/v2\/product_brand?post=34213"},{"taxonomy":"product_cat","embeddable":true,"href":"https:\/\/singuli.wpress.me\/index.php\/wp-json\/wp\/v2\/product_cat?post=34213"},{"taxonomy":"product_tag","embeddable":true,"href":"https:\/\/singuli.wpress.me\/index.php\/wp-json\/wp\/v2\/product_tag?post=34213"}],"curies":[{"name":"wp","href":"https:\/\/api.w.org\/{rel}","templated":true}]}}