{"id":34218,"date":"2026-04-17T13:39:42","date_gmt":"2026-04-17T13:39:42","guid":{"rendered":"https:\/\/singuli.wpress.me\/index.php\/proizvod\/lindor-easter-praline-mini-jaja-180-g\/"},"modified":"2026-04-20T12:33:11","modified_gmt":"2026-04-20T12:33:11","slug":"lindor-easter-praline-mini-jaja-180-g","status":"publish","type":"product","link":"https:\/\/singuli.wpress.me\/index.php\/proizvod\/lindor-easter-praline-mini-jaja-180-g\/","title":{"rendered":"LINDOR Easter, praline, mini jaja, 180\u00a0g"},"content":{"rendered":"<p><span style=\"font-weight: bold\">Mini jaja &#8211; praline od mlije\u010dne \u010dokolade s kremastim punjenjem<\/span><br \/>\nOdu\u0161evite djecu i odrasle ovog Uskrsa s Lindt LINDOR mlije\u010dnim \u010dokoladnim mini jajima. S kremastim mlije\u010dnim \u010dokoladnim ljuskama i glatkim, topljivim mlije\u010dnim \u010dokoladnim punjenjima, ova pojedina\u010dno omotana mini jaja savr\u0161ena su za uskrsne ko\u0161arice i potragu za jajima, a Lindtova klasi\u010dna \u010dokolada zasigurno \u0107e u\u010diniti uskrsne trenutke \u010darobnima.<\/p>\n<p>Jo\u0161 od 1845. Lindt Ma\u00eetre Chocolatiers s ponosom i stra\u0161\u0107u stvaraju vrhunsku \u0161vicarsku \u010dokoladu. Kvalitetna \u010dokolada po\u010dinje s vrhunskim sastojcima, a Lindt je jedan od rijetkih proizvo\u0111a\u010da koji nadzire svaki korak u procesu proizvodnje. Kroz inovativni program uzgoja, Lindt prati svaki kakao zrnce do njegove farme podrijetla, osiguravaju\u0107i izniman okus u svakom zalogaju.<\/p>\n<p>Lindt uskrsna \u010dokolada savr\u0161ena je za dijeljenje s voljenima ili za osobnu u\u017eivanje. \u010cuvajte je na hladnom i suhom mjestu kako biste sa\u010duvali kvalitetu.<\/p>\n<p>Mlije\u010dna \u010dokolada <span style=\"font-weight: bold\">sadr\u017ei<\/span>: kakaovi dijelovi 32% min., suha tvar mlijeka 21% min.<\/p>\n","protected":false},"excerpt":{"rendered":"<p>Najfiniji kakao<br \/>\nMini jaja &#8211; praline od mlije\u010dne \u010dokolade s kremastim punjenjem<br \/>\nLindt kvaliteta najboljih sastojaka<\/p>\n","protected":false},"featured_media":34219,"template":"","meta":{"_seopress_robots_primary_cat":"","_seopress_titles_title":"","_seopress_titles_desc":"","_seopress_robots_index":"","iawp_total_views":0},"product_brand":[756],"product_cat":[261,277],"product_tag":[],"class_list":{"0":"post-34218","1":"product","2":"type-product","3":"status-publish","4":"has-post-thumbnail","6":"product_brand-lindor","7":"product_cat-hrana-i-pice","8":"product_cat-slatkisi-i-grickalice-261","10":"first","11":"instock","12":"shipping-taxable","13":"purchasable","14":"product-type-simple"},"_links":{"self":[{"href":"https:\/\/singuli.wpress.me\/index.php\/wp-json\/wp\/v2\/product\/34218","targetHints":{"allow":["GET"]}}],"collection":[{"href":"https:\/\/singuli.wpress.me\/index.php\/wp-json\/wp\/v2\/product"}],"about":[{"href":"https:\/\/singuli.wpress.me\/index.php\/wp-json\/wp\/v2\/types\/product"}],"version-history":[{"count":0,"href":"https:\/\/singuli.wpress.me\/index.php\/wp-json\/wp\/v2\/product\/34218\/revisions"}],"wp:featuredmedia":[{"embeddable":true,"href":"https:\/\/singuli.wpress.me\/index.php\/wp-json\/wp\/v2\/media\/34219"}],"wp:attachment":[{"href":"https:\/\/singuli.wpress.me\/index.php\/wp-json\/wp\/v2\/media?parent=34218"}],"wp:term":[{"taxonomy":"product_brand","embeddable":true,"href":"https:\/\/singuli.wpress.me\/index.php\/wp-json\/wp\/v2\/product_brand?post=34218"},{"taxonomy":"product_cat","embeddable":true,"href":"https:\/\/singuli.wpress.me\/index.php\/wp-json\/wp\/v2\/product_cat?post=34218"},{"taxonomy":"product_tag","embeddable":true,"href":"https:\/\/singuli.wpress.me\/index.php\/wp-json\/wp\/v2\/product_tag?post=34218"}],"curies":[{"name":"wp","href":"https:\/\/api.w.org\/{rel}","templated":true}]}}