{"id":34220,"date":"2026-04-17T13:39:43","date_gmt":"2026-04-17T13:39:43","guid":{"rendered":"https:\/\/singuli.wpress.me\/index.php\/proizvod\/lindor-summer-mix-easter-praline-200-g\/"},"modified":"2026-04-21T00:26:40","modified_gmt":"2026-04-21T00:26:40","slug":"lindor-summer-mix-easter-praline-200-g","status":"publish","type":"product","link":"https:\/\/singuli.wpress.me\/index.php\/proizvod\/lindor-summer-mix-easter-praline-200-g\/","title":{"rendered":"LINDOR Summer Mix Easter, praline, 200\u00a0g"},"content":{"rendered":"<p><span style=\"font-weight: bold\">Mje\u0161avina 4 vrste pralina: mlije\u010dna, \u010dokoladam mlie\u010dna s kokosom, mlije\u010dna stracciatella i bijela \u010dokolad s kremastim punjenjem<\/span>.<br \/>\nS Lindt LINDOR \u010dokoladnim bombonima do\u017eivjet \u0107ete trenutke \u010distog u\u017eitka. Savr\u0161eno okrugli sloj \u010dokolade skriva neodoljivo mekanu, topljivu punjenje, pa\u017eljivo izra\u0111eno od strane na\u0161ih Lindt Ma\u00eetre Chocolatiersa.<br \/>\nKlasi\u010dna \u010dokoladna ljuska obavija glatko, topljivo punjenje. Lindt LINDOR praline savr\u0161eni su za darivanje jer je \u010dokolada izra\u0111ena od vrhunskih sastojaka iz svjetski poznatih regija<\/p>\n<p>Mlije\u010dna \u010dokolada <span style=\"font-weight: bold\">sadr\u017ei<\/span>: kakaovi dijelovi 32% min., suha tvar mlijeka 21% min.<br \/>\nBijela \u010dokolada <span style=\"font-weight: bold\">sadr\u017ei<\/span>: kakaovi dijelovi 29% min., suha tvar mlijeka 25% min.<\/p>\n","protected":false},"excerpt":{"rendered":"<p>Najfiniji kakao, Lindt kvaliteta najboljih sastojaka<br \/>\n4 vrste pralina: mlije\u010dna, \u010dokoladam mlie\u010dna s kokosom, mlije\u010dna stracciatella i bijela \u010dokolad s kremastim punjenjem<br \/>\nU pakiranju je 15 pralina<\/p>\n","protected":false},"featured_media":34221,"template":"","meta":{"_seopress_robots_primary_cat":"","_seopress_titles_title":"","_seopress_titles_desc":"","_seopress_robots_index":"","iawp_total_views":0},"product_brand":[756],"product_cat":[261,277],"product_tag":[],"class_list":{"0":"post-34220","1":"product","2":"type-product","3":"status-publish","4":"has-post-thumbnail","6":"product_brand-lindor","7":"product_cat-hrana-i-pice","8":"product_cat-slatkisi-i-grickalice-261","10":"first","11":"outofstock","12":"shipping-taxable","13":"purchasable","14":"product-type-simple"},"_links":{"self":[{"href":"https:\/\/singuli.wpress.me\/index.php\/wp-json\/wp\/v2\/product\/34220","targetHints":{"allow":["GET"]}}],"collection":[{"href":"https:\/\/singuli.wpress.me\/index.php\/wp-json\/wp\/v2\/product"}],"about":[{"href":"https:\/\/singuli.wpress.me\/index.php\/wp-json\/wp\/v2\/types\/product"}],"version-history":[{"count":0,"href":"https:\/\/singuli.wpress.me\/index.php\/wp-json\/wp\/v2\/product\/34220\/revisions"}],"wp:featuredmedia":[{"embeddable":true,"href":"https:\/\/singuli.wpress.me\/index.php\/wp-json\/wp\/v2\/media\/34221"}],"wp:attachment":[{"href":"https:\/\/singuli.wpress.me\/index.php\/wp-json\/wp\/v2\/media?parent=34220"}],"wp:term":[{"taxonomy":"product_brand","embeddable":true,"href":"https:\/\/singuli.wpress.me\/index.php\/wp-json\/wp\/v2\/product_brand?post=34220"},{"taxonomy":"product_cat","embeddable":true,"href":"https:\/\/singuli.wpress.me\/index.php\/wp-json\/wp\/v2\/product_cat?post=34220"},{"taxonomy":"product_tag","embeddable":true,"href":"https:\/\/singuli.wpress.me\/index.php\/wp-json\/wp\/v2\/product_tag?post=34220"}],"curies":[{"name":"wp","href":"https:\/\/api.w.org\/{rel}","templated":true}]}}