{"id":34222,"date":"2026-04-17T13:39:44","date_gmt":"2026-04-17T13:39:44","guid":{"rendered":"https:\/\/singuli.wpress.me\/index.php\/proizvod\/lindor-easter-mix-praline-mini-jaja-180-g\/"},"modified":"2026-04-20T12:33:11","modified_gmt":"2026-04-20T12:33:11","slug":"lindor-easter-mix-praline-mini-jaja-180-g","status":"publish","type":"product","link":"https:\/\/singuli.wpress.me\/index.php\/proizvod\/lindor-easter-mix-praline-mini-jaja-180-g\/","title":{"rendered":"LINDOR Easter Mix, praline, mini jaja, 180\u00a0g"},"content":{"rendered":"<p><span style=\"font-weight: bold\">Mini jaja &#8211; praline od mlije\u010dne, bijele i tamne \u010dokolade s kremastim punjenjem<\/span><br \/>\nDo\u017eivite \u010dokoladni u\u017eitak s Lindt LINDOR asortiranim \u010dokoladnim mini jajima, klasi\u010dnim uskrsnim jajima koja su stvorena od strane Lindt Ma\u00eetre Chocolatiersa. Ova asortirana \u010dokoladna poklon vre\u0107ica sadr\u017ei kolekciju kremastih mlije\u010dnih, bogatih tamnih i neodoljivih bijelih \u010dokoladnih mini jaja, svako s izuzetno glatkim, topljivim \u010dokoladnim punjenjem. Ova gurmanska \u010dokoladna jaja omotana u foliju savr\u0161ena su za zabavu gostiju, skrivanje za uskrsnu potragu za jajima i punjenje uskrsnih ko\u0161arica.<\/p>\n<p>Jo\u0161 od 1845. Lindt Ma\u00eetre Chocolatiers s ponosom i stra\u0161\u0107u stvaraju vrhunsku \u0161vicarsku \u010dokoladu. Kvalitetna \u010dokolada po\u010dinje s vrhunskim sastojcima, a Lindt je jedan od rijetkih proizvo\u0111a\u010da koji nadzire svaki korak u procesu proizvodnje. Kroz inovativni program uzgoja, Lindt prati svaki kakao zrnce do njegove farme podrijetla, osiguravaju\u0107i izniman okus u svakom zalogaju.<\/p>\n<p>\u010cuvajte je na hladnom i suhom mjestu kako biste sa\u010duvali kvalitetu.<\/p>\n<p>Mlije\u010dna \u010dokolada <span style=\"font-weight: bold\">sadr\u017ei<\/span>: kakaovi dijelovi 32% min., suha tvar mlijeka 21% min.<br \/>\nBijela \u010dokolada sadr\u017ei: kakaovi dijelovi 30% min., suha tvar mlijeka 20% min.<br \/>\nTamna \u010dokolada sadr\u017ei: kakaovi dijelovi 45% min.<\/p>\n","protected":false},"excerpt":{"rendered":"<p>Najfiniji kakao<br \/>\nMini jaja &#8211; praline od mlije\u010dne, bijele i tamne \u010dokolade s kremastim punjenjem<br \/>\nLindt kvaliteta najboljih sastojaka<\/p>\n","protected":false},"featured_media":34223,"template":"","meta":{"_seopress_robots_primary_cat":"","_seopress_titles_title":"","_seopress_titles_desc":"","_seopress_robots_index":"","iawp_total_views":0},"product_brand":[756],"product_cat":[261,277],"product_tag":[],"class_list":{"0":"post-34222","1":"product","2":"type-product","3":"status-publish","4":"has-post-thumbnail","6":"product_brand-lindor","7":"product_cat-hrana-i-pice","8":"product_cat-slatkisi-i-grickalice-261","10":"first","11":"outofstock","12":"shipping-taxable","13":"purchasable","14":"product-type-simple"},"_links":{"self":[{"href":"https:\/\/singuli.wpress.me\/index.php\/wp-json\/wp\/v2\/product\/34222","targetHints":{"allow":["GET"]}}],"collection":[{"href":"https:\/\/singuli.wpress.me\/index.php\/wp-json\/wp\/v2\/product"}],"about":[{"href":"https:\/\/singuli.wpress.me\/index.php\/wp-json\/wp\/v2\/types\/product"}],"version-history":[{"count":0,"href":"https:\/\/singuli.wpress.me\/index.php\/wp-json\/wp\/v2\/product\/34222\/revisions"}],"wp:featuredmedia":[{"embeddable":true,"href":"https:\/\/singuli.wpress.me\/index.php\/wp-json\/wp\/v2\/media\/34223"}],"wp:attachment":[{"href":"https:\/\/singuli.wpress.me\/index.php\/wp-json\/wp\/v2\/media?parent=34222"}],"wp:term":[{"taxonomy":"product_brand","embeddable":true,"href":"https:\/\/singuli.wpress.me\/index.php\/wp-json\/wp\/v2\/product_brand?post=34222"},{"taxonomy":"product_cat","embeddable":true,"href":"https:\/\/singuli.wpress.me\/index.php\/wp-json\/wp\/v2\/product_cat?post=34222"},{"taxonomy":"product_tag","embeddable":true,"href":"https:\/\/singuli.wpress.me\/index.php\/wp-json\/wp\/v2\/product_tag?post=34222"}],"curies":[{"name":"wp","href":"https:\/\/api.w.org\/{rel}","templated":true}]}}