{"id":34226,"date":"2026-04-17T13:39:46","date_gmt":"2026-04-17T13:39:46","guid":{"rendered":"https:\/\/singuli.wpress.me\/index.php\/proizvod\/lindor-easter-mix-praline-mini-jaja-90-g\/"},"modified":"2026-04-20T12:33:11","modified_gmt":"2026-04-20T12:33:11","slug":"lindor-easter-mix-praline-mini-jaja-90-g","status":"publish","type":"product","link":"https:\/\/singuli.wpress.me\/index.php\/proizvod\/lindor-easter-mix-praline-mini-jaja-90-g\/","title":{"rendered":"LINDOR Easter Mix, praline, mini jaja, 90\u00a0g"},"content":{"rendered":"<p><span style=\"font-weight: bold\">Mini jaja &#8211; praline od mlije\u010dne, tamne i bijele \u010dokolade s kremastim punjenjem<\/span><br \/>\nJo\u0161 od 1845. Lindt Ma\u00eetre Chocolatiers spajaju svoje stru\u010dnost i najkvalitetnije sastojke iz cijelog svijeta kako bi stvorili vrhunsku \u010dokoladu. Odu\u0161evite svoje nepce s neodoljivim Lindt Hen mlije\u010dnim \u010dokoladnim mini jajima, savr\u0161enim malim u\u017eitkom u odbrojavanju do Uskrsa. Bilo kao iznenadni poklon za druge ili kao u\u017eitak za sebe, mogu se u\u017eivati bilo kada i bilo gdje. Razveselite ih ovog Uskrsa s Lindt \u010dokoladama!<\/p>\n<p>Mlije\u010dna \u010dokolada <span style=\"font-weight: bold\">sadr\u017ei<\/span>: kakaovi dijelovi 30% min. i suha tvar mlijeka 18% min.<br \/>\nBijela \u010dokolada <span style=\"font-weight: bold\">sadr\u017ei<\/span>: kakaovi dijelovi 20% min.<br \/>\nTamna \u010dokolada <span style=\"font-weight: bold\">sadr\u017ei<\/span>: kakaovi dijelovi 43% min.<\/p>\n","protected":false},"excerpt":{"rendered":"<p>Najfiniji kakao, Lindt kvaliteta najboljih sastojaka<br \/>\nMini jaja &#8211; praline od mlije\u010dne, tamne i bijele \u010dokolade s kremastim punjenjem<br \/>\nU pakiranju je 18 pralina<\/p>\n","protected":false},"featured_media":34227,"template":"","meta":{"_seopress_robots_primary_cat":"","_seopress_titles_title":"","_seopress_titles_desc":"","_seopress_robots_index":"","iawp_total_views":0},"product_brand":[756],"product_cat":[261,277],"product_tag":[],"class_list":{"0":"post-34226","1":"product","2":"type-product","3":"status-publish","4":"has-post-thumbnail","6":"product_brand-lindor","7":"product_cat-hrana-i-pice","8":"product_cat-slatkisi-i-grickalice-261","10":"first","11":"outofstock","12":"shipping-taxable","13":"purchasable","14":"product-type-simple"},"_links":{"self":[{"href":"https:\/\/singuli.wpress.me\/index.php\/wp-json\/wp\/v2\/product\/34226","targetHints":{"allow":["GET"]}}],"collection":[{"href":"https:\/\/singuli.wpress.me\/index.php\/wp-json\/wp\/v2\/product"}],"about":[{"href":"https:\/\/singuli.wpress.me\/index.php\/wp-json\/wp\/v2\/types\/product"}],"version-history":[{"count":0,"href":"https:\/\/singuli.wpress.me\/index.php\/wp-json\/wp\/v2\/product\/34226\/revisions"}],"wp:featuredmedia":[{"embeddable":true,"href":"https:\/\/singuli.wpress.me\/index.php\/wp-json\/wp\/v2\/media\/34227"}],"wp:attachment":[{"href":"https:\/\/singuli.wpress.me\/index.php\/wp-json\/wp\/v2\/media?parent=34226"}],"wp:term":[{"taxonomy":"product_brand","embeddable":true,"href":"https:\/\/singuli.wpress.me\/index.php\/wp-json\/wp\/v2\/product_brand?post=34226"},{"taxonomy":"product_cat","embeddable":true,"href":"https:\/\/singuli.wpress.me\/index.php\/wp-json\/wp\/v2\/product_cat?post=34226"},{"taxonomy":"product_tag","embeddable":true,"href":"https:\/\/singuli.wpress.me\/index.php\/wp-json\/wp\/v2\/product_tag?post=34226"}],"curies":[{"name":"wp","href":"https:\/\/api.w.org\/{rel}","templated":true}]}}