{"id":34238,"date":"2026-04-17T13:39:48","date_gmt":"2026-04-17T13:39:48","guid":{"rendered":"https:\/\/singuli.wpress.me\/index.php\/proizvod\/laica-vt3217-aparat-za-vakumiranje\/"},"modified":"2026-04-21T00:26:40","modified_gmt":"2026-04-21T00:26:40","slug":"laica-vt3217-aparat-za-vakumiranje","status":"publish","type":"product","link":"https:\/\/singuli.wpress.me\/index.php\/proizvod\/laica-vt3217-aparat-za-vakumiranje\/","title":{"rendered":"LAICA VT3217, aparat za vakumiranje"},"content":{"rendered":"<p><b>Vakuumski aparat VT3217<\/b> omogu\u0107uje vi\u0161e od 100 uzastopnih automatskih ciklusa. Ima <b>trostruku postavku zatvaranja<\/b>.<\/p>\n<p>Dvostruka brtvena traka i uklonjiva, periva posuda za teku\u0107ine osiguravaju besprijekoran rad i jednostavno odr\u017eavanje. Ru\u010dka za zaklju\u010davanje i mogu\u0107nost kori\u0161tenja s posudama pridonose udobnoj i jednostavnoj uporabi.<\/p>\n<h3>Sadr\u017eaj pakiranja:<\/h3>\n<\/p>\n<ul>\n<li>\n<p>Vakuumski aparat<\/p>\n<\/li>\n<li>\n<p>Rola (25&#215;600 cm)<\/p>\n<\/li>\n<li>\n<p>Cijev za posudu<\/p>\n<\/li>\n<li>\n<p>Reza\u010d<\/p>\n<\/li>\n<li>\n<p>Posuda za prikupljanje teku\u0107ina<\/p>\n<\/li>\n<li>\n<p>Upute za uporabu<\/p>\n<\/li>\n<\/ul>\n<h3>Dostupnost rezervnih dijelova:<\/h3>\n<\/p>\n<ul>\n<li>\n<p><b>Vre\u0107ice i role:<\/b> VT3500, VT3501, VT3503, VT3504, VT3510, VT3505, VT3508, VT3509, VT3514<\/p>\n<\/li>\n<li>\n<p><b>Cijev:<\/b> AHI039<\/p>\n<\/li>\n<li>\n<p><b>Posuda:<\/b> AHI044<\/p>\n<\/li>\n<li>\n<p><b>Brtve:<\/b> AHI046<\/p>\n<\/li>\n<\/ul>\n<h3>Tehni\u010dki podaci:<\/h3>\n<\/p>\n<ul>\n<li>\n<p><b>Maksimalni vakuumski tlak:<\/b> 0.8 bara<\/p>\n<\/li>\n<li>\n<p><b>Maksimalna \u0161irina vre\u0107ice:<\/b> 30 cm<\/p>\n<\/li>\n<li>\n<p><b>Dimenzije:<\/b> 40 x 18.3 x 10.4 cm<\/p>\n<\/li>\n<li>\n<p><b>Te\u017eina:<\/b> 1,65 kg<\/p>\n<\/li>\n<li>\n<p><b>Napajanje:<\/b> AC 220-240V 50Hz \u2013 120W<\/p>\n<\/li>\n<li>\n<p><b>Glasno\u0107a:<\/b> &lt; 80 dB<\/p>\n<\/li>\n<li>\n<p><b>Jamstvo:<\/b> 2 godine<\/p>\n<\/li>\n<\/ul>\n","protected":false},"excerpt":{"rendered":"<p>Napredan vakuumski aparat s velikim brojem funkcija.<br \/>\nDvostruka brtvena traka i uklonjiva posuda za teku\u0107ine.<br \/>\nMaksimalna \u0161irina vre\u0107ice je 30 cm.<\/p>\n","protected":false},"featured_media":34239,"template":"","meta":{"_seopress_robots_primary_cat":"","_seopress_titles_title":"","_seopress_titles_desc":"","_seopress_robots_index":"","iawp_total_views":0},"product_brand":[148],"product_cat":[266,265,160],"product_tag":[],"class_list":{"0":"post-34238","1":"product","2":"type-product","3":"status-publish","4":"has-post-thumbnail","6":"product_brand-laica","7":"product_cat-aparati-za-kuhanje-265","8":"product_cat-kuhinjski-aparati-160","9":"product_cat-mali-kucanski-aparati","11":"first","12":"outofstock","13":"shipping-taxable","14":"purchasable","15":"product-type-simple"},"_links":{"self":[{"href":"https:\/\/singuli.wpress.me\/index.php\/wp-json\/wp\/v2\/product\/34238","targetHints":{"allow":["GET"]}}],"collection":[{"href":"https:\/\/singuli.wpress.me\/index.php\/wp-json\/wp\/v2\/product"}],"about":[{"href":"https:\/\/singuli.wpress.me\/index.php\/wp-json\/wp\/v2\/types\/product"}],"version-history":[{"count":0,"href":"https:\/\/singuli.wpress.me\/index.php\/wp-json\/wp\/v2\/product\/34238\/revisions"}],"wp:featuredmedia":[{"embeddable":true,"href":"https:\/\/singuli.wpress.me\/index.php\/wp-json\/wp\/v2\/media\/34239"}],"wp:attachment":[{"href":"https:\/\/singuli.wpress.me\/index.php\/wp-json\/wp\/v2\/media?parent=34238"}],"wp:term":[{"taxonomy":"product_brand","embeddable":true,"href":"https:\/\/singuli.wpress.me\/index.php\/wp-json\/wp\/v2\/product_brand?post=34238"},{"taxonomy":"product_cat","embeddable":true,"href":"https:\/\/singuli.wpress.me\/index.php\/wp-json\/wp\/v2\/product_cat?post=34238"},{"taxonomy":"product_tag","embeddable":true,"href":"https:\/\/singuli.wpress.me\/index.php\/wp-json\/wp\/v2\/product_tag?post=34238"}],"curies":[{"name":"wp","href":"https:\/\/api.w.org\/{rel}","templated":true}]}}