{"id":34249,"date":"2026-04-17T13:39:51","date_gmt":"2026-04-17T13:39:51","guid":{"rendered":"https:\/\/singuli.wpress.me\/index.php\/proizvod\/domo-kx012-uredaj-za-insekte\/"},"modified":"2026-04-21T00:26:40","modified_gmt":"2026-04-21T00:26:40","slug":"domo-kx012-uredaj-za-insekte","status":"publish","type":"product","link":"https:\/\/singuli.wpress.me\/index.php\/proizvod\/domo-kx012-uredaj-za-insekte\/","title":{"rendered":"DOMO KX012, ure\u0111aj za insekte"},"content":{"rendered":"<p><b>DOMO uni\u0161tava\u010d insekata 2X10W KX012<\/b> va\u0161e je savr\u0161eno rje\u0161enje za kontrolu nad dosadnim kukcima, poput muha, komaraca, moljaca i drugih lete\u0107ih insekata. Ovaj u\u010dinkoviti uni\u0161tava\u010d insekata koristi dugovalnu UV svjetlost kako bi privukao insekte i sigurno ih uklonio. S potpuno izoliranim ku\u0107i\u0161tem od umjetne mase i lancem za vje\u0161anje, ure\u0111aj mo\u017eete jednostavno postaviti na ravnu povr\u0161inu ili ga objesiti, \u0161to omogu\u0107uje fleksibilnu upotrebu ovisno o va\u0161im potrebama.<\/p>\n<p>Ure\u0111aj radi s naponom od 2.500 V i opremljen je s dvije UV \u017earulje od 10 W, koje osiguravaju sna\u017enu privla\u010dnost za insekte. Uni\u0161tava insekte bez upotrebe kemikalija, sprejeva i bez ispu\u0161tanja mirisa, \u0161to zna\u010di da je siguran za ljude i ku\u0107ne ljubimce. Idealan je za upotrebu u domu, tvornicama, prostorima za preradu hrane te drugim zatvorenim prostorima gdje je va\u017eno odr\u017eavati \u010disto i ugodno okru\u017eenje.<\/p>\n<p>Uni\u0161tava\u010d insekata DOMO KX012 dizajniran je za jednostavnu upotrebu i odr\u017eavanje. Uklonjiva podloga omogu\u0107uje jednostavno \u010di\u0161\u0107enje, dok prekida\u010d za uklju\u010divanje\/isklju\u010divanje i kabel za napajanje duljine 75 cm osiguravaju prakti\u010dnost i jednostavnost upotrebe.<\/p>\n<h3>Tehni\u010dki podaci:<\/h3>\n<\/p>\n<ul>\n<li>\n<p><b>Napon:<\/b> 2500 V<\/p>\n<\/li>\n<li>\n<p><b>Fluorescentna UV \u017earulja:<\/b> 2x 10 W<\/p>\n<\/li>\n<li>\n<p><b>Snaga:<\/b> 28 W<\/p>\n<\/li>\n<li>\n<p><b>Kabel za napajanje:<\/b> 75 cm<\/p>\n<\/li>\n<li>\n<p><b>Uklonjiva podloga<\/b><\/p>\n<\/li>\n<li>\n<p><b>Prekida\u010d za uklju\u010divanje\/isklju\u010divanje<\/b><\/p>\n<\/li>\n<li>\n<p><b>Jamstvo:<\/b> 2 godine<\/p>\n<\/li>\n<\/ul>\n","protected":false},"excerpt":{"rendered":"<p>Uni\u0161tava\u010d insekata namijenjen je uni\u0161tavanju kukaca kao \u0161to su muhe, komarci, moljci i drugi lete\u0107i kukci.<br \/>\nUre\u0111aj radi s naponom od 2.500 V i opremljen je s dvije UV \u017earulje od 10 W.<br \/>\nNe koristi nikakve kemikalije, sprejeve niti ispu\u0161ta mirise.<\/p>\n","protected":false},"featured_media":34250,"template":"","meta":{"_seopress_robots_primary_cat":"","_seopress_titles_title":"","_seopress_titles_desc":"","_seopress_robots_index":"","iawp_total_views":0},"product_brand":[255],"product_cat":[192,267],"product_tag":[],"class_list":{"0":"post-34249","1":"product","2":"type-product","3":"status-publish","4":"has-post-thumbnail","6":"product_brand-domo","7":"product_cat-aparati-za-osobnu-njegu","8":"product_cat-zdravstveni-uredaji-192","10":"first","11":"instock","12":"shipping-taxable","13":"purchasable","14":"product-type-simple"},"_links":{"self":[{"href":"https:\/\/singuli.wpress.me\/index.php\/wp-json\/wp\/v2\/product\/34249","targetHints":{"allow":["GET"]}}],"collection":[{"href":"https:\/\/singuli.wpress.me\/index.php\/wp-json\/wp\/v2\/product"}],"about":[{"href":"https:\/\/singuli.wpress.me\/index.php\/wp-json\/wp\/v2\/types\/product"}],"version-history":[{"count":0,"href":"https:\/\/singuli.wpress.me\/index.php\/wp-json\/wp\/v2\/product\/34249\/revisions"}],"wp:featuredmedia":[{"embeddable":true,"href":"https:\/\/singuli.wpress.me\/index.php\/wp-json\/wp\/v2\/media\/34250"}],"wp:attachment":[{"href":"https:\/\/singuli.wpress.me\/index.php\/wp-json\/wp\/v2\/media?parent=34249"}],"wp:term":[{"taxonomy":"product_brand","embeddable":true,"href":"https:\/\/singuli.wpress.me\/index.php\/wp-json\/wp\/v2\/product_brand?post=34249"},{"taxonomy":"product_cat","embeddable":true,"href":"https:\/\/singuli.wpress.me\/index.php\/wp-json\/wp\/v2\/product_cat?post=34249"},{"taxonomy":"product_tag","embeddable":true,"href":"https:\/\/singuli.wpress.me\/index.php\/wp-json\/wp\/v2\/product_tag?post=34249"}],"curies":[{"name":"wp","href":"https:\/\/api.w.org\/{rel}","templated":true}]}}