{"id":34256,"date":"2026-04-17T13:39:53","date_gmt":"2026-04-17T13:39:53","guid":{"rendered":"https:\/\/singuli.wpress.me\/index.php\/proizvod\/revlon-1011003108-kada-za-masazu\/"},"modified":"2026-04-21T00:26:40","modified_gmt":"2026-04-21T00:26:40","slug":"revlon-1011003108-kada-za-masazu","status":"publish","type":"product","link":"https:\/\/singuli.wpress.me\/index.php\/proizvod\/revlon-1011003108-kada-za-masazu\/","title":{"rendered":"REVLON 1011003108, kada, za masa\u017eu"},"content":{"rendered":"<p><b class=\"\">Priu\u0161tite si opu\u0161taju\u0107u pjenu\u0161avu masa\u017eu prije pedikure uz Revlon Pediprep Spa masa\u017enu kadu za stopala.<\/b> Ovaj poseban paket uklju\u010duje prakti\u010dan set za pedikuru s 9 dodataka za \u010diste i uredne nokte.<\/p>\n<p>Masa\u017ena kada za stopala Revlon Pediprep Spa izvrstan je na\u010din za opu\u0161tanje i masa\u017eu va\u0161ih umornih ili bolnih stopala.<\/p>\n<p>Dodatno ima ugra\u0111en kamen za tvrdu ko\u017eu, koji \u0107e se pobrinuti za meko\u0107u stopala, te mehani\u010dku valjkastu masa\u017eu za o\u017eivljavanje umornih stopala. Ima vodootpornu no\u017enu tipku.<\/p>\n<h3>Zna\u010dajke:<\/h3>\n<\/p>\n<ul>\n<li>\n<p>Masa\u017ena kada i umiruju\u0107i mjehuri\u0107i<\/p>\n<\/li>\n<li>\n<p>Masa\u017eni valjak<\/p>\n<\/li>\n<li>\n<p>Uklonjivi kamen za tvrdu ko\u017eu<\/p>\n<\/li>\n<li>\n<p>Vodootporna no\u017ena tipka<\/p>\n<\/li>\n<li>\n<p>Funkcija odr\u017eavanja topline<\/p>\n<\/li>\n<li>\n<p>Podloga za pedikuru i poklopac protiv prskanja<\/p>\n<\/li>\n<\/ul>\n<h3>Sadr\u017eaj seta za pedikuru:<\/h3>\n<\/p>\n<ul>\n<li>\n<p>Torbica za pohranu<\/p>\n<\/li>\n<li>\n<p>Turpija za nokte<\/p>\n<\/li>\n<li>\n<p>2x bambusov potiskiva\u010d zanoktica<\/p>\n<\/li>\n<li>\n<p>\u0160kare za zanoktice<\/p>\n<\/li>\n<li>\n<p>2x separator za no\u017ene prste<\/p>\n<\/li>\n<li>\n<p>\u010cetkica za nokte<\/p>\n<\/li>\n<li>\n<p>Pribor za \u010di\u0161\u0107enje noktiju<\/p>\n<\/li>\n<li>\n<p>Potiskiva\u010d zanoktica<\/p>\n<p><\/p>\n<h3>Savjeti za kori\u0161tenje masa\u017ene kade:<\/h3>\n<\/p>\n<p>Priu\u0161tite svojim stopalima opu\u0161taju\u0107u pjenu\u0161avu masa\u017eu kako biste ih pripremili za savr\u0161enu pedikuru, slijede\u0107i ove jednostavne korake:<\/p>\n<ol start=\"1\">\n<li>\n<p><b>Korak: PO\u010cETAK<\/b><br \/>\nMasa\u017enu kadu postavite na ravnu, \u010dvrstu podlogu. Napunite je vodom \u017eeljene temperature. Zatim je uklju\u010dite.<\/p>\n<\/li>\n<li>\n<p><b>Korak: OPU\u0160TANJE<\/b><br \/>\nUdobno se smjestite i polo\u017eite stopala u masa\u017enu kadu. Upotrijebite masa\u017eni valjak kako biste o\u017eivjeli umorna stopala.<\/p>\n<\/li>\n<li>\n<p><b>Korak: NJEGA STOPALA<\/b><br \/>\nUklonjivim kamenom uklonite tvrdu ko\u017eu i u\u010dinite stopala mek\u0161ima. Prije nano\u0161enja laka, nokte isturpijajte prilo\u017eenom turpijom.<\/p>\n<\/li>\n<\/ol>\n<\/li>\n<\/ul>\n","protected":false},"excerpt":{"rendered":"<p>Izvrstan na\u010din za opu\u0161tanje i masa\u017eu va\u0161ih umornih ili bolnih stopala.<br \/>\nUgra\u0111en kamen za tvrdu ko\u017eu pobrinut \u0107e se za meko\u0107u stopala.<br \/>\nUklju\u010duje prakti\u010dan set za pedikuru s 9 dodataka za \u010diste i uredne nokte.<\/p>\n","protected":false},"featured_media":34257,"template":"","meta":{"_seopress_robots_primary_cat":"","_seopress_titles_title":"","_seopress_titles_desc":"","_seopress_robots_index":"","iawp_total_views":0},"product_brand":[155],"product_cat":[192,267],"product_tag":[],"class_list":{"0":"post-34256","1":"product","2":"type-product","3":"status-publish","4":"has-post-thumbnail","6":"product_brand-revlon","7":"product_cat-aparati-za-osobnu-njegu","8":"product_cat-zdravstveni-uredaji-192","10":"first","11":"instock","12":"shipping-taxable","13":"purchasable","14":"product-type-simple"},"_links":{"self":[{"href":"https:\/\/singuli.wpress.me\/index.php\/wp-json\/wp\/v2\/product\/34256","targetHints":{"allow":["GET"]}}],"collection":[{"href":"https:\/\/singuli.wpress.me\/index.php\/wp-json\/wp\/v2\/product"}],"about":[{"href":"https:\/\/singuli.wpress.me\/index.php\/wp-json\/wp\/v2\/types\/product"}],"version-history":[{"count":0,"href":"https:\/\/singuli.wpress.me\/index.php\/wp-json\/wp\/v2\/product\/34256\/revisions"}],"wp:featuredmedia":[{"embeddable":true,"href":"https:\/\/singuli.wpress.me\/index.php\/wp-json\/wp\/v2\/media\/34257"}],"wp:attachment":[{"href":"https:\/\/singuli.wpress.me\/index.php\/wp-json\/wp\/v2\/media?parent=34256"}],"wp:term":[{"taxonomy":"product_brand","embeddable":true,"href":"https:\/\/singuli.wpress.me\/index.php\/wp-json\/wp\/v2\/product_brand?post=34256"},{"taxonomy":"product_cat","embeddable":true,"href":"https:\/\/singuli.wpress.me\/index.php\/wp-json\/wp\/v2\/product_cat?post=34256"},{"taxonomy":"product_tag","embeddable":true,"href":"https:\/\/singuli.wpress.me\/index.php\/wp-json\/wp\/v2\/product_tag?post=34256"}],"curies":[{"name":"wp","href":"https:\/\/api.w.org\/{rel}","templated":true}]}}