{"id":34262,"date":"2026-04-17T13:39:55","date_gmt":"2026-04-17T13:39:55","guid":{"rendered":"https:\/\/singuli.wpress.me\/index.php\/proizvod\/revlon-rvmr9029uke-ogledalo-kozmeticki-set\/"},"modified":"2026-04-21T00:26:40","modified_gmt":"2026-04-21T00:26:40","slug":"revlon-rvmr9029uke-ogledalo-kozmeticki-set","status":"publish","type":"product","link":"https:\/\/singuli.wpress.me\/index.php\/proizvod\/revlon-rvmr9029uke-ogledalo-kozmeticki-set\/","title":{"rendered":"REVLON RVMR9029UKE ogledalo, kozmeti\u010dki set"},"content":{"rendered":"<p><b>Be\u017ei\u010dno kozmeti\u010dko ogledalo Revlon Ultimate Glow<\/b> idealno je za nano\u0161enje \u0161minke ili za dovr\u0161avanje va\u0161e beauty rutine, gdje god se nalazili.<\/p>\n<ul>\n<li>\n<p><b>Kompaktno i be\u017ei\u010dno<\/b> &#8211; kozmeti\u010dko ogledalo<br \/>\nIdealno je za nano\u0161enje \u0161minke ili dovr\u0161avanje njege lica (poput \u010dupanja obrva, \u010di\u0161\u0107enja mitesera itd.)<\/p>\n<\/li>\n<li>\n<p><b>Integrirano LED svjetlo<\/b> za vi\u0161e udobnosti tijekom upotrebe.<\/p>\n<\/li>\n<li>\n<p><b>Nagib naprijed i natrag &gt;30\u00b0<\/b> za jednostavno pozicioniranje tijekom nano\u0161enja \u0161minke i njege.<\/p>\n<\/li>\n<li>\n<p><b>Normalno i 5x pove\u0107anje<\/b> &#8211; Ima dvostrano ogledalo: jedno s obi\u010dnim pogledom i jedno s 5x pove\u0107anjem s ugra\u0111enim LED svjetlom za bolju vidljivost tijekom upotrebe.<\/p>\n<\/li>\n<li>\n<p><b>USB punjenje, be\u017ei\u010dna upotreba do 8 sati<\/b> &#8211; Stoga ne trebate dodatne baterije za jednokratnu upotrebu.<\/p>\n<\/li>\n<\/ul>\n","protected":false},"excerpt":{"rendered":"<p>Kompaktno i be\u017ei\u010dno kozmeti\u010dko ogledalo s LED svjetlom.<br \/>\nIdealno za nano\u0161enje \u0161minke ili za dovr\u0161avanje beauty rutine.<br \/>\nDvije strane, jedna s obi\u010dnim pogledom i jedna s 5x pove\u0107anjem.<\/p>\n","protected":false},"featured_media":34263,"template":"","meta":{"_seopress_robots_primary_cat":"","_seopress_titles_title":"","_seopress_titles_desc":"","_seopress_robots_index":"","iawp_total_views":0},"product_brand":[155],"product_cat":[192,268,278,267],"product_tag":[],"class_list":{"0":"post-34262","1":"product","2":"type-product","3":"status-publish","4":"has-post-thumbnail","6":"product_brand-revlon","7":"product_cat-aparati-za-osobnu-njegu","8":"product_cat-kozmetika-2","9":"product_cat-njega-tijela-268","10":"product_cat-zdravstveni-uredaji-192","12":"first","13":"instock","14":"shipping-taxable","15":"purchasable","16":"product-type-simple"},"_links":{"self":[{"href":"https:\/\/singuli.wpress.me\/index.php\/wp-json\/wp\/v2\/product\/34262","targetHints":{"allow":["GET"]}}],"collection":[{"href":"https:\/\/singuli.wpress.me\/index.php\/wp-json\/wp\/v2\/product"}],"about":[{"href":"https:\/\/singuli.wpress.me\/index.php\/wp-json\/wp\/v2\/types\/product"}],"version-history":[{"count":0,"href":"https:\/\/singuli.wpress.me\/index.php\/wp-json\/wp\/v2\/product\/34262\/revisions"}],"wp:featuredmedia":[{"embeddable":true,"href":"https:\/\/singuli.wpress.me\/index.php\/wp-json\/wp\/v2\/media\/34263"}],"wp:attachment":[{"href":"https:\/\/singuli.wpress.me\/index.php\/wp-json\/wp\/v2\/media?parent=34262"}],"wp:term":[{"taxonomy":"product_brand","embeddable":true,"href":"https:\/\/singuli.wpress.me\/index.php\/wp-json\/wp\/v2\/product_brand?post=34262"},{"taxonomy":"product_cat","embeddable":true,"href":"https:\/\/singuli.wpress.me\/index.php\/wp-json\/wp\/v2\/product_cat?post=34262"},{"taxonomy":"product_tag","embeddable":true,"href":"https:\/\/singuli.wpress.me\/index.php\/wp-json\/wp\/v2\/product_tag?post=34262"}],"curies":[{"name":"wp","href":"https:\/\/api.w.org\/{rel}","templated":true}]}}