{"id":34271,"date":"2026-04-17T13:39:57","date_gmt":"2026-04-17T13:39:57","guid":{"rendered":"https:\/\/singuli.wpress.me\/index.php\/proizvod\/braun-bua-4050-tlakomjer-za-nadlakticu-exactfit-2\/"},"modified":"2026-04-20T12:33:12","modified_gmt":"2026-04-20T12:33:12","slug":"braun-bua-4050-tlakomjer-za-nadlakticu-exactfit-2","status":"publish","type":"product","link":"https:\/\/singuli.wpress.me\/index.php\/proizvod\/braun-bua-4050-tlakomjer-za-nadlakticu-exactfit-2\/","title":{"rendered":"BRAUN BUA 4050, tlakomjer za nadlakticu, ExactFit 2"},"content":{"rendered":"<p>Braun tlakomjer za nadlakticu Braun ExactFit\u2122 1 omogu\u0107it \u0107e vam da sami jednostavno i precizno izmjerite svoj krvni tlak kod ku\u0107e. Potvr\u0111eni od strane Europskog dru\u0161tva za hipertenziju, Braunovi tlakomjeri nude klini\u010dki dokazanu to\u010dnost. Njegovo mjerenje tlaka je brzo i jednostavno. Ima velik gumb za uklju\u010divanje i isklju\u010divanje. Velik LCD zaslon je prakti\u010dan i pregledan. Mo\u017ee memorirati 30 zadnjih mjerenja. Posjeduje funkciju detektiranja nepravilnih otkucaja srca. <\/p>\n<p>Na\u010din upotrebe: Detaljno je opisan u uputama koje se nalaze uz medicinski proizvod.<br \/>\nNa\u010din \u010duvanja: Na suhom mjestu na sobnoj temperaturi, za\u0161ti\u0107en od direktne sun\u010deve svjetlosti i pra\u0161ine.<br \/>\nBroj serije: Otisnut na originalnoj ambala\u017ei <\/p>\n","protected":false},"excerpt":{"rendered":"<p>Tlakomjer za nadlakticu s Klini\u010dki dokazanom to\u010dno\u0161\u0107u<br \/>\nJednostavan za ku\u0107nu upotrebu, pohranjuje 30 mjerenja<br \/>\nDetektira nepravilne otkucaje srca<\/p>\n","protected":false},"featured_media":34272,"template":"","meta":{"_seopress_robots_primary_cat":"","_seopress_titles_title":"","_seopress_titles_desc":"","_seopress_robots_index":"","iawp_total_views":0},"product_brand":[144],"product_cat":[192,267],"product_tag":[],"class_list":{"0":"post-34271","1":"product","2":"type-product","3":"status-publish","4":"has-post-thumbnail","6":"product_brand-braun","7":"product_cat-aparati-za-osobnu-njegu","8":"product_cat-zdravstveni-uredaji-192","10":"first","11":"instock","12":"shipping-taxable","13":"purchasable","14":"product-type-simple"},"_links":{"self":[{"href":"https:\/\/singuli.wpress.me\/index.php\/wp-json\/wp\/v2\/product\/34271","targetHints":{"allow":["GET"]}}],"collection":[{"href":"https:\/\/singuli.wpress.me\/index.php\/wp-json\/wp\/v2\/product"}],"about":[{"href":"https:\/\/singuli.wpress.me\/index.php\/wp-json\/wp\/v2\/types\/product"}],"version-history":[{"count":0,"href":"https:\/\/singuli.wpress.me\/index.php\/wp-json\/wp\/v2\/product\/34271\/revisions"}],"wp:featuredmedia":[{"embeddable":true,"href":"https:\/\/singuli.wpress.me\/index.php\/wp-json\/wp\/v2\/media\/34272"}],"wp:attachment":[{"href":"https:\/\/singuli.wpress.me\/index.php\/wp-json\/wp\/v2\/media?parent=34271"}],"wp:term":[{"taxonomy":"product_brand","embeddable":true,"href":"https:\/\/singuli.wpress.me\/index.php\/wp-json\/wp\/v2\/product_brand?post=34271"},{"taxonomy":"product_cat","embeddable":true,"href":"https:\/\/singuli.wpress.me\/index.php\/wp-json\/wp\/v2\/product_cat?post=34271"},{"taxonomy":"product_tag","embeddable":true,"href":"https:\/\/singuli.wpress.me\/index.php\/wp-json\/wp\/v2\/product_tag?post=34271"}],"curies":[{"name":"wp","href":"https:\/\/api.w.org\/{rel}","templated":true}]}}