{"id":34279,"date":"2026-04-17T13:40:02","date_gmt":"2026-04-17T13:40:02","guid":{"rendered":"https:\/\/singuli.wpress.me\/index.php\/proizvod\/lavazza-cappucino-premium-salica-6-kom\/"},"modified":"2026-04-21T00:26:41","modified_gmt":"2026-04-21T00:26:41","slug":"lavazza-cappucino-premium-salica-6-kom","status":"publish","type":"product","link":"https:\/\/singuli.wpress.me\/index.php\/proizvod\/lavazza-cappucino-premium-salica-6-kom\/","title":{"rendered":"LAVAZZA Cappucino Premium, \u0161alica, 6\u00a0kom"},"content":{"rendered":"<p><b>Lavazza Premium<\/b> \u0161alica idealna je za poslu\u017eivanje <b>macchiata ili cappuccina<\/b>, s optimalnom zapremninom od <b>0,18 litara<\/b>. Izra\u0111ena je u sklopu Premium linije. Set uklju\u010duje i pripadaju\u0107i tanjuri\u0107 promjera 15,5 cm. Dostupno u pakiranju od <b>6 komada<\/b> (setova).<\/p>\n","protected":false},"excerpt":{"rendered":"<p>0,18 l (idealno za macchiato\/cappuccino)<br \/>\nUklju\u010duje \u0161alicu i pripadaju\u0107i tanjuri\u0107 promjera 15,5 cm<br \/>\nLavazza Premium kvaliteta<\/p>\n","protected":false},"featured_media":34280,"template":"","meta":{"_seopress_robots_primary_cat":"","_seopress_titles_title":"","_seopress_titles_desc":"","_seopress_robots_index":"","iawp_total_views":0},"product_brand":[393],"product_cat":[274,238],"product_tag":[],"class_list":{"0":"post-34279","1":"product","2":"type-product","3":"status-publish","4":"has-post-thumbnail","6":"product_brand-lavazza","7":"product_cat-kucanski-pribor-238","8":"product_cat-sve-za-dom","10":"first","11":"instock","12":"shipping-taxable","13":"purchasable","14":"product-type-simple"},"_links":{"self":[{"href":"https:\/\/singuli.wpress.me\/index.php\/wp-json\/wp\/v2\/product\/34279","targetHints":{"allow":["GET"]}}],"collection":[{"href":"https:\/\/singuli.wpress.me\/index.php\/wp-json\/wp\/v2\/product"}],"about":[{"href":"https:\/\/singuli.wpress.me\/index.php\/wp-json\/wp\/v2\/types\/product"}],"version-history":[{"count":0,"href":"https:\/\/singuli.wpress.me\/index.php\/wp-json\/wp\/v2\/product\/34279\/revisions"}],"wp:featuredmedia":[{"embeddable":true,"href":"https:\/\/singuli.wpress.me\/index.php\/wp-json\/wp\/v2\/media\/34280"}],"wp:attachment":[{"href":"https:\/\/singuli.wpress.me\/index.php\/wp-json\/wp\/v2\/media?parent=34279"}],"wp:term":[{"taxonomy":"product_brand","embeddable":true,"href":"https:\/\/singuli.wpress.me\/index.php\/wp-json\/wp\/v2\/product_brand?post=34279"},{"taxonomy":"product_cat","embeddable":true,"href":"https:\/\/singuli.wpress.me\/index.php\/wp-json\/wp\/v2\/product_cat?post=34279"},{"taxonomy":"product_tag","embeddable":true,"href":"https:\/\/singuli.wpress.me\/index.php\/wp-json\/wp\/v2\/product_tag?post=34279"}],"curies":[{"name":"wp","href":"https:\/\/api.w.org\/{rel}","templated":true}]}}