{"id":34291,"date":"2026-04-17T13:40:05","date_gmt":"2026-04-17T13:40:05","guid":{"rendered":"https:\/\/singuli.wpress.me\/index.php\/proizvod\/lavazza-ncc-crema-e-gusto-ricco-kapsule-10-kom\/"},"modified":"2026-04-20T12:33:12","modified_gmt":"2026-04-20T12:33:12","slug":"lavazza-ncc-crema-e-gusto-ricco-kapsule-10-kom","status":"publish","type":"product","link":"https:\/\/singuli.wpress.me\/index.php\/proizvod\/lavazza-ncc-crema-e-gusto-ricco-kapsule-10-kom\/","title":{"rendered":"LAVAZZA NCC Crema e Gusto Ricco, kapsule, 10\u00a0kom"},"content":{"rendered":"<p><span style=\"font-weight: bold\">NCC Crema e Gusto Rico<\/span><\/p>\n<p>Sastav: Mje\u0161avina Arabica i Robusta<br \/>\nIntenzitet: 12\/13<br \/>\nNote: \u010cokolada i za\u010dini<br \/>\nPr\u017eenje: Noble medium pale<\/p>\n<p>Na\u010din pripreme: kapsule su kompatibilne s Nespresso ku\u0107nim aparatima **Nescafe\u00ae,  za\u0161titni znaki tre\u0107e strane bez ikakve veze sa Luigi Lavazza S.p.A<\/p>\n","protected":false},"excerpt":{"rendered":"<p>Arabica i Robusta<br \/>\nIntenzitet 12\/13<br \/>\nPr\u017eenje noble medium pale s notama \u010dokolade i za\u010dina<\/p>\n","protected":false},"featured_media":34292,"template":"","meta":{"_seopress_robots_primary_cat":"","_seopress_titles_title":"","_seopress_titles_desc":"","_seopress_robots_index":"","iawp_total_views":0},"product_brand":[393],"product_cat":[211,289],"product_tag":[],"class_list":{"0":"post-34291","1":"product","2":"type-product","3":"status-publish","4":"has-post-thumbnail","6":"product_brand-lavazza","7":"product_cat-njega-majke-i-djeteta","8":"product_cat-trudnoca-i-vitamini-211","10":"first","11":"instock","12":"shipping-taxable","13":"purchasable","14":"product-type-simple"},"_links":{"self":[{"href":"https:\/\/singuli.wpress.me\/index.php\/wp-json\/wp\/v2\/product\/34291","targetHints":{"allow":["GET"]}}],"collection":[{"href":"https:\/\/singuli.wpress.me\/index.php\/wp-json\/wp\/v2\/product"}],"about":[{"href":"https:\/\/singuli.wpress.me\/index.php\/wp-json\/wp\/v2\/types\/product"}],"version-history":[{"count":0,"href":"https:\/\/singuli.wpress.me\/index.php\/wp-json\/wp\/v2\/product\/34291\/revisions"}],"wp:featuredmedia":[{"embeddable":true,"href":"https:\/\/singuli.wpress.me\/index.php\/wp-json\/wp\/v2\/media\/34292"}],"wp:attachment":[{"href":"https:\/\/singuli.wpress.me\/index.php\/wp-json\/wp\/v2\/media?parent=34291"}],"wp:term":[{"taxonomy":"product_brand","embeddable":true,"href":"https:\/\/singuli.wpress.me\/index.php\/wp-json\/wp\/v2\/product_brand?post=34291"},{"taxonomy":"product_cat","embeddable":true,"href":"https:\/\/singuli.wpress.me\/index.php\/wp-json\/wp\/v2\/product_cat?post=34291"},{"taxonomy":"product_tag","embeddable":true,"href":"https:\/\/singuli.wpress.me\/index.php\/wp-json\/wp\/v2\/product_tag?post=34291"}],"curies":[{"name":"wp","href":"https:\/\/api.w.org\/{rel}","templated":true}]}}