{"id":34299,"date":"2026-04-17T13:40:09","date_gmt":"2026-04-17T13:40:09","guid":{"rendered":"https:\/\/singuli.wpress.me\/index.php\/proizvod\/raid-nightday-punjenje-za-elektricni-aparat-1-kom\/"},"modified":"2026-04-21T00:26:41","modified_gmt":"2026-04-21T00:26:41","slug":"raid-nightday-punjenje-za-elektricni-aparat-1-kom","status":"publish","type":"product","link":"https:\/\/singuli.wpress.me\/index.php\/proizvod\/raid-nightday-punjenje-za-elektricni-aparat-1-kom\/","title":{"rendered":"RAID Night&amp;Day, punjenje za elektri\u010dni aparat, 1\u00a0kom"},"content":{"rendered":"<p>Raid\u00ae Night&amp;Day elektri\u010dni aparati\u0107 protiv komaraca i tigrastih komaraca pru\u017ea mogu\u0107nost izbora razine za\u0161tite protiv komaraca za sve veli\u010dine prostorija u Va\u0161em domu. <\/p>\n<p>Upute za kori\u0161tenje:<br \/>\n1. Sastavljanje proizvoda: Uklonite punjenje iz vre\u0107ice dr\u017ee\u0107i ga za trokutasti plasti\u010dni omot. Stavite punjenje u predvi\u0111eni utor i okrenite ga u smjeru kazaljke na satu kako biste ga u\u010dvrstili.<br \/>\n2. Priprema indikatora koji signalizira kori\u0161tenje refila: skinite foliju s vrha refila da vidite plavu teku\u0107inu koja predstavlja indikator. Kada teku\u0107ina ispari, zamijenite punilo.<br \/>\n3. Uklju\u010dite ure\u0111aj u uti\u010dnicu (220 V) kako biste aktivirali proizvod. Ure\u0111aj mo\u017ee biti u bilo kojem polo\u017eaju. Crveno svjetlo ozna\u010dava da je ure\u0111aj uklju\u010den.<br \/>\n4. Koristite Raid\u00ae Night&amp;Day\u2122 ure\u0111aj dan i no\u0107, 24 sata dnevno.<br \/>\nKako biste isklju\u010dili ure\u0111aj, jednostavno ga izvadite iz uti\u010dnice. Jedan ure\u0111aj je u\u010dinkovit u prostorijama do 20m3.<\/p>\n<p>Jedno punjenje je u\u010dinkovito 10 dana (ako se koristi 24 sata dnevno). Nakon deset dana indikator vam pokazuje da morate obnoviti za\u0161titu od komaraca. <\/p>\n<p>Koristite samo Raid\u00ae Night&amp;Day\u2122 punjenje za ure\u0111aj. <\/p>\n","protected":false},"excerpt":{"rendered":"<p>Nema mirisa<br \/>\nJedno punjenje u\u010dinkovito 10 dana ako se koristi 24 sata dnevno<br \/>\nProtiv obi\u010dnih i tigrastih komaraca.<\/p>\n","protected":false},"featured_media":34300,"template":"","meta":{"_seopress_robots_primary_cat":"","_seopress_titles_title":"","_seopress_titles_desc":"","_seopress_robots_index":"","iawp_total_views":0},"product_brand":[457],"product_cat":[192,267],"product_tag":[],"class_list":{"0":"post-34299","1":"product","2":"type-product","3":"status-publish","4":"has-post-thumbnail","6":"product_brand-raid","7":"product_cat-aparati-za-osobnu-njegu","8":"product_cat-zdravstveni-uredaji-192","10":"first","11":"instock","12":"shipping-taxable","13":"purchasable","14":"product-type-simple"},"_links":{"self":[{"href":"https:\/\/singuli.wpress.me\/index.php\/wp-json\/wp\/v2\/product\/34299","targetHints":{"allow":["GET"]}}],"collection":[{"href":"https:\/\/singuli.wpress.me\/index.php\/wp-json\/wp\/v2\/product"}],"about":[{"href":"https:\/\/singuli.wpress.me\/index.php\/wp-json\/wp\/v2\/types\/product"}],"version-history":[{"count":0,"href":"https:\/\/singuli.wpress.me\/index.php\/wp-json\/wp\/v2\/product\/34299\/revisions"}],"wp:featuredmedia":[{"embeddable":true,"href":"https:\/\/singuli.wpress.me\/index.php\/wp-json\/wp\/v2\/media\/34300"}],"wp:attachment":[{"href":"https:\/\/singuli.wpress.me\/index.php\/wp-json\/wp\/v2\/media?parent=34299"}],"wp:term":[{"taxonomy":"product_brand","embeddable":true,"href":"https:\/\/singuli.wpress.me\/index.php\/wp-json\/wp\/v2\/product_brand?post=34299"},{"taxonomy":"product_cat","embeddable":true,"href":"https:\/\/singuli.wpress.me\/index.php\/wp-json\/wp\/v2\/product_cat?post=34299"},{"taxonomy":"product_tag","embeddable":true,"href":"https:\/\/singuli.wpress.me\/index.php\/wp-json\/wp\/v2\/product_tag?post=34299"}],"curies":[{"name":"wp","href":"https:\/\/api.w.org\/{rel}","templated":true}]}}