{"id":34305,"date":"2026-04-17T13:40:10","date_gmt":"2026-04-17T13:40:10","guid":{"rendered":"https:\/\/singuli.wpress.me\/index.php\/proizvod\/raid-family-punjenje-za-elektricni-aparat-miris-lavande-60n-36-ml\/"},"modified":"2026-04-20T12:33:12","modified_gmt":"2026-04-20T12:33:12","slug":"raid-family-punjenje-za-elektricni-aparat-miris-lavande-60n-36-ml","status":"publish","type":"product","link":"https:\/\/singuli.wpress.me\/index.php\/proizvod\/raid-family-punjenje-za-elektricni-aparat-miris-lavande-60n-36-ml\/","title":{"rendered":"RAID Family, punjenje za elektri\u010dni aparat, miris lavande, 60N, 36\u00a0ml"},"content":{"rendered":"<p><span style=\"font-weight: bold\">Raid teku\u0107ina s insekticidom<\/span> protiv obi\u010dnih i tigrastih komaraca za Family elektri\u010dni ure\u0111aj. <br \/>\nNamijenjen za op\u0107u upotrebu. <br \/>\nPo\u010dinje raditi odmah kada je uklju\u010den (220\u2013230 V) i posti\u017ee u\u010dinak za 30 minuta. Radi do 60 no\u0107i koriste\u0107i 8 sati po no\u0107i u sobi veli\u010dine 20 m3. <br \/>\nSvjetlo na ure\u0111aju ozna\u010dava rad.<\/p>\n","protected":false},"excerpt":{"rendered":"<p>Protiv obi\u010dnih i tigrastih komaraca<br \/>\nRadi do 60 no\u0107i<br \/>\nMiris lavande<\/p>\n","protected":false},"featured_media":34306,"template":"","meta":{"_seopress_robots_primary_cat":"","_seopress_titles_title":"","_seopress_titles_desc":"","_seopress_robots_index":"","iawp_total_views":0},"product_brand":[457],"product_cat":[192,267],"product_tag":[],"class_list":{"0":"post-34305","1":"product","2":"type-product","3":"status-publish","4":"has-post-thumbnail","6":"product_brand-raid","7":"product_cat-aparati-za-osobnu-njegu","8":"product_cat-zdravstveni-uredaji-192","10":"first","11":"instock","12":"shipping-taxable","13":"purchasable","14":"product-type-simple"},"_links":{"self":[{"href":"https:\/\/singuli.wpress.me\/index.php\/wp-json\/wp\/v2\/product\/34305","targetHints":{"allow":["GET"]}}],"collection":[{"href":"https:\/\/singuli.wpress.me\/index.php\/wp-json\/wp\/v2\/product"}],"about":[{"href":"https:\/\/singuli.wpress.me\/index.php\/wp-json\/wp\/v2\/types\/product"}],"version-history":[{"count":0,"href":"https:\/\/singuli.wpress.me\/index.php\/wp-json\/wp\/v2\/product\/34305\/revisions"}],"wp:featuredmedia":[{"embeddable":true,"href":"https:\/\/singuli.wpress.me\/index.php\/wp-json\/wp\/v2\/media\/34306"}],"wp:attachment":[{"href":"https:\/\/singuli.wpress.me\/index.php\/wp-json\/wp\/v2\/media?parent=34305"}],"wp:term":[{"taxonomy":"product_brand","embeddable":true,"href":"https:\/\/singuli.wpress.me\/index.php\/wp-json\/wp\/v2\/product_brand?post=34305"},{"taxonomy":"product_cat","embeddable":true,"href":"https:\/\/singuli.wpress.me\/index.php\/wp-json\/wp\/v2\/product_cat?post=34305"},{"taxonomy":"product_tag","embeddable":true,"href":"https:\/\/singuli.wpress.me\/index.php\/wp-json\/wp\/v2\/product_tag?post=34305"}],"curies":[{"name":"wp","href":"https:\/\/api.w.org\/{rel}","templated":true}]}}