{"id":34307,"date":"2026-04-17T13:40:11","date_gmt":"2026-04-17T13:40:11","guid":{"rendered":"https:\/\/singuli.wpress.me\/index.php\/proizvod\/raid-punjenje-za-elektricni-aparat-60n-36-ml\/"},"modified":"2026-04-21T00:26:41","modified_gmt":"2026-04-21T00:26:41","slug":"raid-punjenje-za-elektricni-aparat-60n-36-ml","status":"publish","type":"product","link":"https:\/\/singuli.wpress.me\/index.php\/proizvod\/raid-punjenje-za-elektricni-aparat-60n-36-ml\/","title":{"rendered":"RAID, punjenje za elektri\u010dni aparat, 60N, 36\u00a0ml"},"content":{"rendered":"<p><span style=\"font-weight: bold\">Raid\u00ae Teku\u0107ina za elektri\u010dni aparati\u0107<\/span> pru\u017ea vam za\u0161titu protiv dosadnih komaraca za ugodan san. <br \/>\nDjelotvoran je u prostorijama do 30 m\u00b2 te je u\u010dinkovit \u010dak i uz otvoren prozor i upaljena svjetla. <br \/>\nPru\u017ea kontinuiranu i diskretnu za\u0161titu bez mirisa i dima. <br \/>\nVi\u0161e nema potrebe za sprejanjem ili mijenjanjem punjenja svake no\u0107i! <br \/>\nRaid\u00ae Teku\u0107ina protiv komaraca traje do 60 dana, kada se koristi do 8 sati dnevno. <\/p>\n<p>Razina teku\u0107ine lako se mo\u017ee pratiti: kada je bo\u010dica prazna, jednostavno je zamijenite novim punjenjem.<\/p>\n","protected":false},"excerpt":{"rendered":"<p>Protiv komaraca<br \/>\nTeku\u0107ina radi do 60 no\u0107i<br \/>\nKontinuirana i diskretna za\u0161tita<\/p>\n","protected":false},"featured_media":34308,"template":"","meta":{"_seopress_robots_primary_cat":"","_seopress_titles_title":"","_seopress_titles_desc":"","_seopress_robots_index":"","iawp_total_views":0},"product_brand":[457],"product_cat":[192,267],"product_tag":[],"class_list":{"0":"post-34307","1":"product","2":"type-product","3":"status-publish","4":"has-post-thumbnail","6":"product_brand-raid","7":"product_cat-aparati-za-osobnu-njegu","8":"product_cat-zdravstveni-uredaji-192","10":"first","11":"instock","12":"shipping-taxable","13":"purchasable","14":"product-type-simple"},"_links":{"self":[{"href":"https:\/\/singuli.wpress.me\/index.php\/wp-json\/wp\/v2\/product\/34307","targetHints":{"allow":["GET"]}}],"collection":[{"href":"https:\/\/singuli.wpress.me\/index.php\/wp-json\/wp\/v2\/product"}],"about":[{"href":"https:\/\/singuli.wpress.me\/index.php\/wp-json\/wp\/v2\/types\/product"}],"version-history":[{"count":0,"href":"https:\/\/singuli.wpress.me\/index.php\/wp-json\/wp\/v2\/product\/34307\/revisions"}],"wp:featuredmedia":[{"embeddable":true,"href":"https:\/\/singuli.wpress.me\/index.php\/wp-json\/wp\/v2\/media\/34308"}],"wp:attachment":[{"href":"https:\/\/singuli.wpress.me\/index.php\/wp-json\/wp\/v2\/media?parent=34307"}],"wp:term":[{"taxonomy":"product_brand","embeddable":true,"href":"https:\/\/singuli.wpress.me\/index.php\/wp-json\/wp\/v2\/product_brand?post=34307"},{"taxonomy":"product_cat","embeddable":true,"href":"https:\/\/singuli.wpress.me\/index.php\/wp-json\/wp\/v2\/product_cat?post=34307"},{"taxonomy":"product_tag","embeddable":true,"href":"https:\/\/singuli.wpress.me\/index.php\/wp-json\/wp\/v2\/product_tag?post=34307"}],"curies":[{"name":"wp","href":"https:\/\/api.w.org\/{rel}","templated":true}]}}