{"id":34313,"date":"2026-04-17T13:40:13","date_gmt":"2026-04-17T13:40:13","guid":{"rendered":"https:\/\/singuli.wpress.me\/index.php\/proizvod\/raid-elektricni-aparat-s-10-laminiranih-tableta-2\/"},"modified":"2026-04-20T12:33:12","modified_gmt":"2026-04-20T12:33:12","slug":"raid-elektricni-aparat-s-10-laminiranih-tableta-2","status":"publish","type":"product","link":"https:\/\/singuli.wpress.me\/index.php\/proizvod\/raid-elektricni-aparat-s-10-laminiranih-tableta-2\/","title":{"rendered":"RAID, elektri\u010dni aparat, s 10 laminiranih tableta"},"content":{"rendered":"<p>Raid\u00ae tablete bez mirisa pru\u017eaju u\u010dinkovitu za\u0161titu od obi\u010dnih, tigrastih i tropskih komaraca, uklju\u010duju\u0107i one koji prenose opasne bolesti poput denga groznice, chikungunya, Zika virusa i virusa \u017eute groznice. Svaka tableta, kori\u0161tena s elektri\u010dnim ure\u0111ajem, \u0161titi prostor do 30 m\u00b3 za 12 sati, pru\u017eaju\u0107i vam sigurnost u zatvorenim prostorima s zatvorenim prozorima i vratima. Ovaj tihi ure\u0111aj s niskom potro\u0161njom energije tro\u0161i manje od 5 W\u00b7h po satu, a pru\u017ea 10 no\u0107i za\u0161tite, bez buke i svjetla. Idealan je za sigurno i diskretno kori\u0161tenje u va\u0161em domu.<\/p>\n","protected":false},"excerpt":{"rendered":"<p>Djelotvorna za\u0161tita<br \/>\nProtiv obi\u010dnih i tigrastih komaraca<br \/>\nJedna tableta pru\u017ea do 10 sati za\u0161tite<\/p>\n","protected":false},"featured_media":34314,"template":"","meta":{"_seopress_robots_primary_cat":"","_seopress_titles_title":"","_seopress_titles_desc":"","_seopress_robots_index":"","iawp_total_views":0},"product_brand":[457],"product_cat":[192,267],"product_tag":[],"class_list":{"0":"post-34313","1":"product","2":"type-product","3":"status-publish","4":"has-post-thumbnail","6":"product_brand-raid","7":"product_cat-aparati-za-osobnu-njegu","8":"product_cat-zdravstveni-uredaji-192","10":"first","11":"instock","12":"shipping-taxable","13":"purchasable","14":"product-type-simple"},"_links":{"self":[{"href":"https:\/\/singuli.wpress.me\/index.php\/wp-json\/wp\/v2\/product\/34313","targetHints":{"allow":["GET"]}}],"collection":[{"href":"https:\/\/singuli.wpress.me\/index.php\/wp-json\/wp\/v2\/product"}],"about":[{"href":"https:\/\/singuli.wpress.me\/index.php\/wp-json\/wp\/v2\/types\/product"}],"version-history":[{"count":0,"href":"https:\/\/singuli.wpress.me\/index.php\/wp-json\/wp\/v2\/product\/34313\/revisions"}],"wp:featuredmedia":[{"embeddable":true,"href":"https:\/\/singuli.wpress.me\/index.php\/wp-json\/wp\/v2\/media\/34314"}],"wp:attachment":[{"href":"https:\/\/singuli.wpress.me\/index.php\/wp-json\/wp\/v2\/media?parent=34313"}],"wp:term":[{"taxonomy":"product_brand","embeddable":true,"href":"https:\/\/singuli.wpress.me\/index.php\/wp-json\/wp\/v2\/product_brand?post=34313"},{"taxonomy":"product_cat","embeddable":true,"href":"https:\/\/singuli.wpress.me\/index.php\/wp-json\/wp\/v2\/product_cat?post=34313"},{"taxonomy":"product_tag","embeddable":true,"href":"https:\/\/singuli.wpress.me\/index.php\/wp-json\/wp\/v2\/product_tag?post=34313"}],"curies":[{"name":"wp","href":"https:\/\/api.w.org\/{rel}","templated":true}]}}