{"id":34328,"date":"2026-04-17T13:40:18","date_gmt":"2026-04-17T13:40:18","guid":{"rendered":"https:\/\/singuli.wpress.me\/index.php\/proizvod\/make-it-real-narukvice\/"},"modified":"2026-04-20T12:33:12","modified_gmt":"2026-04-20T12:33:12","slug":"make-it-real-narukvice","status":"publish","type":"product","link":"https:\/\/singuli.wpress.me\/index.php\/proizvod\/make-it-real-narukvice\/","title":{"rendered":"MAKE IT REAL, narukvice"},"content":{"rendered":"<p><span style=\"font-weight: bold\">Kreativnost uvijek pri ruci<\/span>! Ova prakti\u010dna kutija omogu\u0107it \u0107e ti da perlice budu uredno poslo\u017eene i organizirane tijekom kreativnih trenutaka izrade nakita. Posebno oblikovane ladice poma\u017eu pri slaganju uzoraka perlica, mjerenju duljine konca i organiziranju odabranih perlica za nizanje. <br \/>\nZahvaljuju\u0107i prakti\u010dnoj ru\u010dki, djeca mogu lako ponijeti set sa sobom na dru\u017eenja ili ga koristiti gdje god ih inspiracija ponese! Set uklju\u010duje sve \u0161to je potrebno za mlade dizajnere nakita da odmah zapo\u010dnu s kreiranjem \u2013 od elasti\u010dnih i najlonskih konaca do \u010dak 1370 modernih perlica.<br \/>\nSet sadr\u017ei: 4-dijelnu kutiju za pohranu, 4 boje najlonskog konca (0,35 m svaki), 2 komada prozirnog elasti\u010dnog konca (2,4 m svaki), 1370 raznolikih perlica, 1 list s uputama<br \/>\nDob: 8+<\/p>\n","protected":false},"excerpt":{"rendered":"<p>Organizirana kreativnost<br \/>\nSve \u0161to treba za po\u010detak<br \/>\nDob: 8+ god<\/p>\n","protected":false},"featured_media":34329,"template":"","meta":{"_seopress_robots_primary_cat":"","_seopress_titles_title":"","_seopress_titles_desc":"","_seopress_robots_index":"","iawp_total_views":0},"product_brand":[441],"product_cat":[221,291],"product_tag":[],"class_list":{"0":"post-34328","1":"product","2":"type-product","3":"status-publish","4":"has-post-thumbnail","6":"product_brand-make-it-real","7":"product_cat-igracke","8":"product_cat-igracke-za-djecu-221","10":"first","11":"instock","12":"shipping-taxable","13":"purchasable","14":"product-type-simple"},"_links":{"self":[{"href":"https:\/\/singuli.wpress.me\/index.php\/wp-json\/wp\/v2\/product\/34328","targetHints":{"allow":["GET"]}}],"collection":[{"href":"https:\/\/singuli.wpress.me\/index.php\/wp-json\/wp\/v2\/product"}],"about":[{"href":"https:\/\/singuli.wpress.me\/index.php\/wp-json\/wp\/v2\/types\/product"}],"version-history":[{"count":0,"href":"https:\/\/singuli.wpress.me\/index.php\/wp-json\/wp\/v2\/product\/34328\/revisions"}],"wp:featuredmedia":[{"embeddable":true,"href":"https:\/\/singuli.wpress.me\/index.php\/wp-json\/wp\/v2\/media\/34329"}],"wp:attachment":[{"href":"https:\/\/singuli.wpress.me\/index.php\/wp-json\/wp\/v2\/media?parent=34328"}],"wp:term":[{"taxonomy":"product_brand","embeddable":true,"href":"https:\/\/singuli.wpress.me\/index.php\/wp-json\/wp\/v2\/product_brand?post=34328"},{"taxonomy":"product_cat","embeddable":true,"href":"https:\/\/singuli.wpress.me\/index.php\/wp-json\/wp\/v2\/product_cat?post=34328"},{"taxonomy":"product_tag","embeddable":true,"href":"https:\/\/singuli.wpress.me\/index.php\/wp-json\/wp\/v2\/product_tag?post=34328"}],"curies":[{"name":"wp","href":"https:\/\/api.w.org\/{rel}","templated":true}]}}