{"id":34334,"date":"2026-04-17T13:40:20","date_gmt":"2026-04-17T13:40:20","guid":{"rendered":"https:\/\/singuli.wpress.me\/index.php\/proizvod\/3c4g-run-wild-plisani-dnevnik-s-lokotom\/"},"modified":"2026-04-20T00:25:10","modified_gmt":"2026-04-20T00:25:10","slug":"3c4g-run-wild-plisani-dnevnik-s-lokotom","status":"publish","type":"product","link":"https:\/\/singuli.wpress.me\/index.php\/proizvod\/3c4g-run-wild-plisani-dnevnik-s-lokotom\/","title":{"rendered":"3C4G Run Wild pli\u0161ani, dnevnik s lokotom"},"content":{"rendered":"<p>Zaronite u svijet ma\u0161te s novim mekanim prijateljem!<br \/>\nOva <span style=\"font-weight: bold\">3D pli\u0161ana bilje\u017enica<\/span> ima nje\u017enu povr\u0161inu, a prilo\u017eenu olovku s pom-pom privjeskom mo\u017ee\u0161 koristiti za zapisivanje svojih planova, snova i avantura, ili samo crtanje do mile volje!<br \/>\nOlovka s pom-pom privjeskom daje dodatnu dozu stila i zabave svakom va\u0161em pokretu, a set je savr\u0161en poklon za ma\u0161tovite osobe koji vole kreativnost! Broj stranica: 192. Dob: 6+<\/p>\n","protected":false},"excerpt":{"rendered":"<p>Stylish olovka s pom-pom privjeskom<br \/>\nIdealno za kreativce<br \/>\nDob: 6+ god<\/p>\n","protected":false},"featured_media":34335,"template":"","meta":{"_seopress_robots_primary_cat":"","_seopress_titles_title":"","_seopress_titles_desc":"","_seopress_robots_index":"","iawp_total_views":0},"product_brand":[761],"product_cat":[221,291],"product_tag":[],"class_list":{"0":"post-34334","1":"product","2":"type-product","3":"status-publish","4":"has-post-thumbnail","6":"product_brand-3c4g","7":"product_cat-igracke","8":"product_cat-igracke-za-djecu-221","10":"first","11":"instock","12":"shipping-taxable","13":"purchasable","14":"product-type-simple"},"_links":{"self":[{"href":"https:\/\/singuli.wpress.me\/index.php\/wp-json\/wp\/v2\/product\/34334","targetHints":{"allow":["GET"]}}],"collection":[{"href":"https:\/\/singuli.wpress.me\/index.php\/wp-json\/wp\/v2\/product"}],"about":[{"href":"https:\/\/singuli.wpress.me\/index.php\/wp-json\/wp\/v2\/types\/product"}],"version-history":[{"count":0,"href":"https:\/\/singuli.wpress.me\/index.php\/wp-json\/wp\/v2\/product\/34334\/revisions"}],"wp:featuredmedia":[{"embeddable":true,"href":"https:\/\/singuli.wpress.me\/index.php\/wp-json\/wp\/v2\/media\/34335"}],"wp:attachment":[{"href":"https:\/\/singuli.wpress.me\/index.php\/wp-json\/wp\/v2\/media?parent=34334"}],"wp:term":[{"taxonomy":"product_brand","embeddable":true,"href":"https:\/\/singuli.wpress.me\/index.php\/wp-json\/wp\/v2\/product_brand?post=34334"},{"taxonomy":"product_cat","embeddable":true,"href":"https:\/\/singuli.wpress.me\/index.php\/wp-json\/wp\/v2\/product_cat?post=34334"},{"taxonomy":"product_tag","embeddable":true,"href":"https:\/\/singuli.wpress.me\/index.php\/wp-json\/wp\/v2\/product_tag?post=34334"}],"curies":[{"name":"wp","href":"https:\/\/api.w.org\/{rel}","templated":true}]}}