{"id":34340,"date":"2026-04-17T13:40:22","date_gmt":"2026-04-17T13:40:22","guid":{"rendered":"https:\/\/singuli.wpress.me\/index.php\/proizvod\/make-it-real-pop-shake-twist-narukvice-i-privjesci\/"},"modified":"2026-04-20T12:33:12","modified_gmt":"2026-04-20T12:33:12","slug":"make-it-real-pop-shake-twist-narukvice-i-privjesci","status":"publish","type":"product","link":"https:\/\/singuli.wpress.me\/index.php\/proizvod\/make-it-real-pop-shake-twist-narukvice-i-privjesci\/","title":{"rendered":"MAKE IT REAL Pop Shake Twist, narukvice i privjesci"},"content":{"rendered":"<p>Izradi <span style=\"font-weight: bold\">7 slatkih, senzori\u010dnih narukvica<\/span> s neodoljivim taktilnim privjescima koji \u0107e odu\u0161eviti svakoga! Svaki privjesak pru\u017ea druga\u010diji osjetilni do\u017eivljaj \u2013 mo\u017ee\u0161 ih protresti, okrenuti ili pritisnuti za ugodno pucketanje. Uz ovaj DIY set, zabava ne prestaje ni nakon izrade!<br \/>\nSet sadr\u017ei:<br \/>\n3 lan\u010di\u0107a za narukvice, 1 prozirnu elasti\u010dnu vrpcu (2 m), 160 raznih perlica, 2 shake privjeska, 1 twist privjesak, 2 push &amp; pop privjeska, 1 upute za kori\u0161tenje, 1 PlayTray<br \/>\nDob: 8+ godine<\/p>\n","protected":false},"excerpt":{"rendered":"<p>Svaki privjesak pru\u017ea druga\u010diji osjetilni do\u017eivljaj<br \/>\nIdealno za djecu i poklone<br \/>\nDob: 8+ god<\/p>\n","protected":false},"featured_media":34341,"template":"","meta":{"_seopress_robots_primary_cat":"","_seopress_titles_title":"","_seopress_titles_desc":"","_seopress_robots_index":"","iawp_total_views":0},"product_brand":[441],"product_cat":[221,291],"product_tag":[],"class_list":{"0":"post-34340","1":"product","2":"type-product","3":"status-publish","4":"has-post-thumbnail","6":"product_brand-make-it-real","7":"product_cat-igracke","8":"product_cat-igracke-za-djecu-221","10":"first","11":"instock","12":"shipping-taxable","13":"purchasable","14":"product-type-simple"},"_links":{"self":[{"href":"https:\/\/singuli.wpress.me\/index.php\/wp-json\/wp\/v2\/product\/34340","targetHints":{"allow":["GET"]}}],"collection":[{"href":"https:\/\/singuli.wpress.me\/index.php\/wp-json\/wp\/v2\/product"}],"about":[{"href":"https:\/\/singuli.wpress.me\/index.php\/wp-json\/wp\/v2\/types\/product"}],"version-history":[{"count":0,"href":"https:\/\/singuli.wpress.me\/index.php\/wp-json\/wp\/v2\/product\/34340\/revisions"}],"wp:featuredmedia":[{"embeddable":true,"href":"https:\/\/singuli.wpress.me\/index.php\/wp-json\/wp\/v2\/media\/34341"}],"wp:attachment":[{"href":"https:\/\/singuli.wpress.me\/index.php\/wp-json\/wp\/v2\/media?parent=34340"}],"wp:term":[{"taxonomy":"product_brand","embeddable":true,"href":"https:\/\/singuli.wpress.me\/index.php\/wp-json\/wp\/v2\/product_brand?post=34340"},{"taxonomy":"product_cat","embeddable":true,"href":"https:\/\/singuli.wpress.me\/index.php\/wp-json\/wp\/v2\/product_cat?post=34340"},{"taxonomy":"product_tag","embeddable":true,"href":"https:\/\/singuli.wpress.me\/index.php\/wp-json\/wp\/v2\/product_tag?post=34340"}],"curies":[{"name":"wp","href":"https:\/\/api.w.org\/{rel}","templated":true}]}}