{"id":34382,"date":"2026-04-17T13:40:41","date_gmt":"2026-04-17T13:40:41","guid":{"rendered":"https:\/\/singuli.wpress.me\/index.php\/proizvod\/oral-b-io-gentle-care-zamjenske-glave-za-cetkicu-bijela-4-kom\/"},"modified":"2026-04-20T12:33:12","modified_gmt":"2026-04-20T12:33:12","slug":"oral-b-io-gentle-care-zamjenske-glave-za-cetkicu-bijela-4-kom","status":"publish","type":"product","link":"https:\/\/singuli.wpress.me\/index.php\/proizvod\/oral-b-io-gentle-care-zamjenske-glave-za-cetkicu-bijela-4-kom\/","title":{"rendered":"ORAL-B iO Gentle Care, zamjenske glave za \u010detkicu, bijela, 4\u00a0kom"},"content":{"rendered":"<p>Glava zubne \u010detkice Oral-B iO Gentle Care posebno je dizajnirana za nje\u017eno i u\u010dinkovito \u010di\u0161\u0107enje osjetljivih podru\u010dja i desni.<\/p>\n<p>&#8211; Gentle Care precizno se prilago\u0111ava zubima i desnima, za nje\u017eno i u\u010dinkovito \u010di\u0161\u0107enje<br \/>\n&#8211; Za nje\u017eno i u\u010dinkovito \u010di\u0161\u0107enje osjetljivih mjesta i desni<br \/>\n&#8211; Na okrugloj glavi \u010detkice, karakteristi\u010dnoj za Oral-B, vlakna su pa\u017eljivo raspore\u0111ena tako da \u0161to bolje okru\u017ee svaki zub kako bi ga \u0161to bolje o\u010distila<br \/>\n&#8211; Za najbolje \u010di\u0161\u0107enje stomatolozi preporu\u010duju zamjenu glave \u010detkice svaka tri mjeseca<br \/>\n&#8211; Posebno dizajnirana glava zajam\u010deno odgovara va\u0161oj \u010detkici Oral-B iO<br \/>\n&#8211; Broj glava zubne \u010detkice u pakiranju: 4<\/p>\n","protected":false},"excerpt":{"rendered":"<p>Posebno dizajnirana za nje\u017eno i u\u010dinkovito \u010di\u0161\u0107enje osjetljivih podru\u010dja i desni<br \/>\nPrecizno se prilago\u0111ava zubima i desnima<br \/>\nUklanja do 100% zubnih naslaga<\/p>\n","protected":false},"featured_media":34383,"template":"","meta":{"_seopress_robots_primary_cat":"","_seopress_titles_title":"","_seopress_titles_desc":"","_seopress_robots_index":"","iawp_total_views":0},"product_brand":[423],"product_cat":[192,207,209],"product_tag":[],"class_list":{"0":"post-34382","1":"product","2":"type-product","3":"status-publish","4":"has-post-thumbnail","6":"product_brand-oral-b-2","7":"product_cat-aparati-za-osobnu-njegu","8":"product_cat-oralna-higijena","9":"product_cat-zamjenske-glave","11":"first","12":"instock","13":"shipping-taxable","14":"purchasable","15":"product-type-simple"},"_links":{"self":[{"href":"https:\/\/singuli.wpress.me\/index.php\/wp-json\/wp\/v2\/product\/34382","targetHints":{"allow":["GET"]}}],"collection":[{"href":"https:\/\/singuli.wpress.me\/index.php\/wp-json\/wp\/v2\/product"}],"about":[{"href":"https:\/\/singuli.wpress.me\/index.php\/wp-json\/wp\/v2\/types\/product"}],"version-history":[{"count":0,"href":"https:\/\/singuli.wpress.me\/index.php\/wp-json\/wp\/v2\/product\/34382\/revisions"}],"wp:featuredmedia":[{"embeddable":true,"href":"https:\/\/singuli.wpress.me\/index.php\/wp-json\/wp\/v2\/media\/34383"}],"wp:attachment":[{"href":"https:\/\/singuli.wpress.me\/index.php\/wp-json\/wp\/v2\/media?parent=34382"}],"wp:term":[{"taxonomy":"product_brand","embeddable":true,"href":"https:\/\/singuli.wpress.me\/index.php\/wp-json\/wp\/v2\/product_brand?post=34382"},{"taxonomy":"product_cat","embeddable":true,"href":"https:\/\/singuli.wpress.me\/index.php\/wp-json\/wp\/v2\/product_cat?post=34382"},{"taxonomy":"product_tag","embeddable":true,"href":"https:\/\/singuli.wpress.me\/index.php\/wp-json\/wp\/v2\/product_tag?post=34382"}],"curies":[{"name":"wp","href":"https:\/\/api.w.org\/{rel}","templated":true}]}}