{"id":34394,"date":"2026-04-17T13:40:45","date_gmt":"2026-04-17T13:40:45","guid":{"rendered":"https:\/\/singuli.wpress.me\/index.php\/proizvod\/oral-b-io-ultimate-clean-zamjenske-glave-za-cetkicu-crna-4-kom\/"},"modified":"2026-04-20T12:33:12","modified_gmt":"2026-04-20T12:33:12","slug":"oral-b-io-ultimate-clean-zamjenske-glave-za-cetkicu-crna-4-kom","status":"publish","type":"product","link":"https:\/\/singuli.wpress.me\/index.php\/proizvod\/oral-b-io-ultimate-clean-zamjenske-glave-za-cetkicu-crna-4-kom\/","title":{"rendered":"ORAL-B iO Ultimate Clean, zamjenske glave za \u010detkicu, crna, 4\u00a0kom"},"content":{"rendered":"<p>Glava zubne \u010detkice Oral-B iO Ultimate Clean posebno je dizajnirana za u\u010dinkovito \u010di\u0161\u0107enje: ve\u0107 od 1. dana uklanja do 100% zubnih naslaga.<\/p>\n<p>&#8211; Ultimate Clean kombinira savr\u0161enu nako\u0161enost vlakana s inovativnim novim vlaknima za najbolje pranje zubi koje nudi Oral-B<br \/>\n&#8211; Za do 100% uklanjanja zubnih naslaga od 1. dana<br \/>\n&#8211; Na okrugloj glavi \u010detkice, karakteristi\u010dnoj za Oral-B, vlakna su pa\u017eljivo raspore\u0111ena tako da \u0161to bolje okru\u017ee svaki zub kako bi ga \u0161to bolje o\u010distila<br \/>\n&#8211; Za najbolje \u010di\u0161\u0107enje stomatolozi preporu\u010duju zamjenu glave \u010detkice svaka tri mjeseca<br \/>\n&#8211; Posebno dizajnirana glava zajam\u010deno odgovara va\u0161oj \u010detkici Oral-B iO<br \/>\nBroj glava zubne \u010detkice u pakiranju: 4<\/p>\n","protected":false},"excerpt":{"rendered":"<p>Kombinira savr\u0161enu nako\u0161enost vlakana s inovativnim novim vlaknima<br \/>\nKombinira savr\u0161enu nako\u0161enost vlakana s inovativnim novim vlaknima<br \/>\nUklanja do 100% zubnih naslaga<\/p>\n","protected":false},"featured_media":34395,"template":"","meta":{"_seopress_robots_primary_cat":"","_seopress_titles_title":"","_seopress_titles_desc":"","_seopress_robots_index":"","iawp_total_views":0},"product_brand":[423],"product_cat":[192,207,209],"product_tag":[],"class_list":{"0":"post-34394","1":"product","2":"type-product","3":"status-publish","4":"has-post-thumbnail","6":"product_brand-oral-b-2","7":"product_cat-aparati-za-osobnu-njegu","8":"product_cat-oralna-higijena","9":"product_cat-zamjenske-glave","11":"first","12":"instock","13":"shipping-taxable","14":"purchasable","15":"product-type-simple"},"_links":{"self":[{"href":"https:\/\/singuli.wpress.me\/index.php\/wp-json\/wp\/v2\/product\/34394","targetHints":{"allow":["GET"]}}],"collection":[{"href":"https:\/\/singuli.wpress.me\/index.php\/wp-json\/wp\/v2\/product"}],"about":[{"href":"https:\/\/singuli.wpress.me\/index.php\/wp-json\/wp\/v2\/types\/product"}],"version-history":[{"count":0,"href":"https:\/\/singuli.wpress.me\/index.php\/wp-json\/wp\/v2\/product\/34394\/revisions"}],"wp:featuredmedia":[{"embeddable":true,"href":"https:\/\/singuli.wpress.me\/index.php\/wp-json\/wp\/v2\/media\/34395"}],"wp:attachment":[{"href":"https:\/\/singuli.wpress.me\/index.php\/wp-json\/wp\/v2\/media?parent=34394"}],"wp:term":[{"taxonomy":"product_brand","embeddable":true,"href":"https:\/\/singuli.wpress.me\/index.php\/wp-json\/wp\/v2\/product_brand?post=34394"},{"taxonomy":"product_cat","embeddable":true,"href":"https:\/\/singuli.wpress.me\/index.php\/wp-json\/wp\/v2\/product_cat?post=34394"},{"taxonomy":"product_tag","embeddable":true,"href":"https:\/\/singuli.wpress.me\/index.php\/wp-json\/wp\/v2\/product_tag?post=34394"}],"curies":[{"name":"wp","href":"https:\/\/api.w.org\/{rel}","templated":true}]}}