{"id":34401,"date":"2026-04-17T13:40:47","date_gmt":"2026-04-17T13:40:47","guid":{"rendered":"https:\/\/singuli.wpress.me\/index.php\/proizvod\/oral-b-io-specialised-clean-zamjenske-glave-za-cetkicu-bijela-2-kom\/"},"modified":"2026-04-20T12:33:12","modified_gmt":"2026-04-20T12:33:12","slug":"oral-b-io-specialised-clean-zamjenske-glave-za-cetkicu-bijela-2-kom","status":"publish","type":"product","link":"https:\/\/singuli.wpress.me\/index.php\/proizvod\/oral-b-io-specialised-clean-zamjenske-glave-za-cetkicu-bijela-2-kom\/","title":{"rendered":"ORAL-B iO Specialised Clean, zamjenske glave za \u010detkicu, bijela, 2\u00a0kom"},"content":{"rendered":"<p>Glava zubne \u010detkice Oral-B iO Specialised Clean posebno je osmi\u0161ljena u suradnji sa stomatolozima kako biste dosegnuli i o\u010distili podru\u010dja na kojima je potreban poseban fokus, kao \u0161to su zubni aparati\u0107i, implantati i nepravilno poredani zubi. Posebno osmi\u0161ljene u suradnji sa stomatolozima kako biste dosegnuli i o\u010distili podru\u010dja na kojima je potreban poseban fokus, kao \u0161to su zubni aparati\u0107i, implantati i nepravilno poredani zubi.<\/p>\n<p>Oral-B iO Specialised Clean precizno je oblikovana glava \u010detkice s nagnutim vanjskim vlaknima koja podr\u017eavaju sredi\u0161nja vlakna za dosezanje i \u010di\u0161\u0107enje te\u0161ko dostupnih podru\u010dja.<\/p>\n<p>Tehnologija iO kombinira legendarnu okruglu glavu zubne \u010detkice Oral-B s nje\u017enim mikrovibracijama iO za najbolju u\u010dinkovitost \u010di\u0161\u0107enja.<\/p>\n<p>Glave zubnih \u010detkica Oral-B iO ekskluzivno su dizajnirane za zubne \u010detkice Oral-B iO.<\/p>\n<p>Za odr\u017eavanje optimalne u\u010dinkovitosti \u010di\u0161\u0107enja stomatolozi preporu\u010duju zamjenu glave \u010detkice svaka 3 mjeseca.<\/p>\n<p>Broj glava zubne \u010detkice u pakiranju: 2<\/p>\n<p>Oral-B, marka zubnih \u010detkica br. 1, koju upotrebljava najvi\u0161e stomatologa diljem svijeta Klini\u010dki dokazani rezultati<\/p>\n","protected":false},"excerpt":{"rendered":"<p>Oral-B, marka zubnih \u010detkica br. 1<br \/>\nPrecizno oblikovana glava \u010detkice s nagnutim vanjskim vlaknima<br \/>\nUklanja naslage na te\u0161ko dostupnim mjestima<\/p>\n","protected":false},"featured_media":34402,"template":"","meta":{"_seopress_robots_primary_cat":"","_seopress_titles_title":"","_seopress_titles_desc":"","_seopress_robots_index":"","iawp_total_views":0},"product_brand":[423],"product_cat":[192,207,209],"product_tag":[],"class_list":{"0":"post-34401","1":"product","2":"type-product","3":"status-publish","4":"has-post-thumbnail","6":"product_brand-oral-b-2","7":"product_cat-aparati-za-osobnu-njegu","8":"product_cat-oralna-higijena","9":"product_cat-zamjenske-glave","11":"first","12":"instock","13":"shipping-taxable","14":"purchasable","15":"product-type-simple"},"_links":{"self":[{"href":"https:\/\/singuli.wpress.me\/index.php\/wp-json\/wp\/v2\/product\/34401","targetHints":{"allow":["GET"]}}],"collection":[{"href":"https:\/\/singuli.wpress.me\/index.php\/wp-json\/wp\/v2\/product"}],"about":[{"href":"https:\/\/singuli.wpress.me\/index.php\/wp-json\/wp\/v2\/types\/product"}],"version-history":[{"count":0,"href":"https:\/\/singuli.wpress.me\/index.php\/wp-json\/wp\/v2\/product\/34401\/revisions"}],"wp:featuredmedia":[{"embeddable":true,"href":"https:\/\/singuli.wpress.me\/index.php\/wp-json\/wp\/v2\/media\/34402"}],"wp:attachment":[{"href":"https:\/\/singuli.wpress.me\/index.php\/wp-json\/wp\/v2\/media?parent=34401"}],"wp:term":[{"taxonomy":"product_brand","embeddable":true,"href":"https:\/\/singuli.wpress.me\/index.php\/wp-json\/wp\/v2\/product_brand?post=34401"},{"taxonomy":"product_cat","embeddable":true,"href":"https:\/\/singuli.wpress.me\/index.php\/wp-json\/wp\/v2\/product_cat?post=34401"},{"taxonomy":"product_tag","embeddable":true,"href":"https:\/\/singuli.wpress.me\/index.php\/wp-json\/wp\/v2\/product_tag?post=34401"}],"curies":[{"name":"wp","href":"https:\/\/api.w.org\/{rel}","templated":true}]}}