{"id":34428,"date":"2026-04-17T13:40:57","date_gmt":"2026-04-17T13:40:57","guid":{"rendered":"https:\/\/singuli.wpress.me\/index.php\/proizvod\/oral-b-io2-duo-elektricna-cetkica-za-zube-crna-i-zelena\/"},"modified":"2026-04-20T12:33:12","modified_gmt":"2026-04-20T12:33:12","slug":"oral-b-io2-duo-elektricna-cetkica-za-zube-crna-i-zelena","status":"publish","type":"product","link":"https:\/\/singuli.wpress.me\/index.php\/proizvod\/oral-b-io2-duo-elektricna-cetkica-za-zube-crna-i-zelena\/","title":{"rendered":"ORAL-B iO2 Duo, elektri\u010dna \u010detkica za zube, crna i zelena"},"content":{"rendered":"<p>Kombinacijom nje\u017enih mikrovibracija i jedinstvene okrugle glave nadahnute stomatolo\u0161kom opremom elektri\u010dna zubna \u010detkica iO2 pru\u017ea vam osje\u0107aj profesionalnog \u010di\u0161\u0107enja. Za najbolje rezultate, glavu zubne \u010detkice Oral-B iO zamijenite svaka 3 mjeseca.<br \/><span style=\"font-weight: bold\"><br \/>\nSuperiorna \u010disto\u0107a<\/span> \u2013 iO Oral-B tehnologija uklanja 100% vi\u0161e zubnih naslaga u usporedbi s klasi\u010dnom \u010detkicom, osiguravaju\u0107i temeljito, ali nje\u017eno \u010di\u0161\u0107enje.<br \/><span style=\"font-weight: bold\"><br \/>\nPametna za\u0161tita desni<\/span> \u2013 Automatski senzor pritiska usporava rad \u010detkice i svijetli crveno kada je pritisak presna\u017ean, \u0161tite\u0107i desni od o\u0161te\u0107enja.<br \/><span style=\"font-weight: bold\"><br \/>\nJednostavnost i prilagodljivost<\/span> \u2013 Dizajnirana za lak prijelaz na elektri\u010dne \u010detkice, ima samo jedan gumb, tiho radi, ima dugotrajnu bateriju te omogu\u0107uje odabir izme\u0111u tri tiha na\u010dina rada razli\u010ditog intenziteta.<\/p>\n","protected":false},"excerpt":{"rendered":"<p>100% \u010di\u0161\u0107i zubi zahvaljuju\u0107i tehnologiji iO Oral-B<br \/>\nZa\u0161titite desni uz automatski senzor pritiska koji usporava rad \u010detkice i svijetli crveno kad je pritisak presna\u017ean<br \/>\n3 tiha na\u010dina rada razli\u010ditog intenziteta: iznimno nje\u017eno, nje\u017eno, svakodnevno \u010di\u0161\u0107enje<\/p>\n","protected":false},"featured_media":34429,"template":"","meta":{"_seopress_robots_primary_cat":"","_seopress_titles_title":"","_seopress_titles_desc":"","_seopress_robots_index":"","iawp_total_views":0},"product_brand":[423],"product_cat":[293,192,292],"product_tag":[],"class_list":{"0":"post-34428","1":"product","2":"type-product","3":"status-publish","4":"has-post-thumbnail","6":"product_brand-oral-b-2","7":"product_cat-aparati-za-djecu-i-odrasle-292","8":"product_cat-aparati-za-osobnu-njegu","9":"product_cat-oralna-higijena-uredaji-192","11":"first","12":"instock","13":"shipping-taxable","14":"purchasable","15":"product-type-simple"},"_links":{"self":[{"href":"https:\/\/singuli.wpress.me\/index.php\/wp-json\/wp\/v2\/product\/34428","targetHints":{"allow":["GET"]}}],"collection":[{"href":"https:\/\/singuli.wpress.me\/index.php\/wp-json\/wp\/v2\/product"}],"about":[{"href":"https:\/\/singuli.wpress.me\/index.php\/wp-json\/wp\/v2\/types\/product"}],"version-history":[{"count":0,"href":"https:\/\/singuli.wpress.me\/index.php\/wp-json\/wp\/v2\/product\/34428\/revisions"}],"wp:featuredmedia":[{"embeddable":true,"href":"https:\/\/singuli.wpress.me\/index.php\/wp-json\/wp\/v2\/media\/34429"}],"wp:attachment":[{"href":"https:\/\/singuli.wpress.me\/index.php\/wp-json\/wp\/v2\/media?parent=34428"}],"wp:term":[{"taxonomy":"product_brand","embeddable":true,"href":"https:\/\/singuli.wpress.me\/index.php\/wp-json\/wp\/v2\/product_brand?post=34428"},{"taxonomy":"product_cat","embeddable":true,"href":"https:\/\/singuli.wpress.me\/index.php\/wp-json\/wp\/v2\/product_cat?post=34428"},{"taxonomy":"product_tag","embeddable":true,"href":"https:\/\/singuli.wpress.me\/index.php\/wp-json\/wp\/v2\/product_tag?post=34428"}],"curies":[{"name":"wp","href":"https:\/\/api.w.org\/{rel}","templated":true}]}}