{"id":34436,"date":"2026-04-17T13:41:00","date_gmt":"2026-04-17T13:41:00","guid":{"rendered":"https:\/\/singuli.wpress.me\/index.php\/proizvod\/herbal-essences-chamomile-smooth-shine-sampon-za-kosu-350-ml\/"},"modified":"2026-04-20T12:33:12","modified_gmt":"2026-04-20T12:33:12","slug":"herbal-essences-chamomile-smooth-shine-sampon-za-kosu-350-ml","status":"publish","type":"product","link":"https:\/\/singuli.wpress.me\/index.php\/proizvod\/herbal-essences-chamomile-smooth-shine-sampon-za-kosu-350-ml\/","title":{"rendered":"HERBAL ESSENCES Chamomile Smooth &amp; Shine, \u0161ampon za kosu, 350\u00a0ml"},"content":{"rendered":"<p>Zablistajte uz tajnu Majke prirode za sjaj kose. Odaberite \u0161ampon Herbal Essences Chamomile Smooth &amp; Shine. Ovaj veganski \u0161ampon ne samo da isti\u010de prirodan sjaj i glatko\u0107u va\u0161e kose, ve\u0107 je i oboga\u0107uje umiruju\u0107im mirisom ekstrakta kamilice, prizivaju\u0107i u sje\u0107anje inspirativnu esenciju ljetne livade. S bogatom kombinacijom nutrijenata biljnog porijekla, ovaj \u0161ampon bez silikona pretvara se u rasko\u0161nu pjenu koja \u010disti i revitalizira be\u017eivotnu kosu. Pomno odabiremo sastojke prirodnog porijekla da bismo donijeli ljepotu bilja u va\u0161u kupaonicu. Vratite prirodnu ljepotu svoje kose i probudite osjetila koriste\u0107i kompletnu rutinu njege iz na\u0161e kolekcije Chamomile Smooth &amp; Shine.<\/p>\n","protected":false},"excerpt":{"rendered":"<p>Poja\u010dava prirodni sjaj: \u010cini kosu blistavom i glatkom uz pomo\u0107 ekstrakta kamilice.<br \/>\nVeganski i bez silikona: Nje\u017ena formula s nutrijentima biljnog porijekla.<br \/>\nRevitalizira be\u017eivotnu kosu: Bogata pjena \u010disti i o\u017eivljava, ostavljaju\u0107i miris ljetne livade.<\/p>\n","protected":false},"featured_media":34437,"template":"","meta":{"_seopress_robots_primary_cat":"","_seopress_titles_title":"","_seopress_titles_desc":"","_seopress_robots_index":"","iawp_total_views":0},"product_brand":[483],"product_cat":[268,300],"product_tag":[],"class_list":{"0":"post-34436","1":"product","2":"type-product","3":"status-publish","4":"has-post-thumbnail","6":"product_brand-herbal-essences","7":"product_cat-kozmetika-2","8":"product_cat-njega-kose-268","10":"first","11":"instock","12":"shipping-taxable","13":"purchasable","14":"product-type-simple"},"_links":{"self":[{"href":"https:\/\/singuli.wpress.me\/index.php\/wp-json\/wp\/v2\/product\/34436","targetHints":{"allow":["GET"]}}],"collection":[{"href":"https:\/\/singuli.wpress.me\/index.php\/wp-json\/wp\/v2\/product"}],"about":[{"href":"https:\/\/singuli.wpress.me\/index.php\/wp-json\/wp\/v2\/types\/product"}],"version-history":[{"count":0,"href":"https:\/\/singuli.wpress.me\/index.php\/wp-json\/wp\/v2\/product\/34436\/revisions"}],"wp:featuredmedia":[{"embeddable":true,"href":"https:\/\/singuli.wpress.me\/index.php\/wp-json\/wp\/v2\/media\/34437"}],"wp:attachment":[{"href":"https:\/\/singuli.wpress.me\/index.php\/wp-json\/wp\/v2\/media?parent=34436"}],"wp:term":[{"taxonomy":"product_brand","embeddable":true,"href":"https:\/\/singuli.wpress.me\/index.php\/wp-json\/wp\/v2\/product_brand?post=34436"},{"taxonomy":"product_cat","embeddable":true,"href":"https:\/\/singuli.wpress.me\/index.php\/wp-json\/wp\/v2\/product_cat?post=34436"},{"taxonomy":"product_tag","embeddable":true,"href":"https:\/\/singuli.wpress.me\/index.php\/wp-json\/wp\/v2\/product_tag?post=34436"}],"curies":[{"name":"wp","href":"https:\/\/api.w.org\/{rel}","templated":true}]}}