{"id":34439,"date":"2026-04-17T13:41:01","date_gmt":"2026-04-17T13:41:01","guid":{"rendered":"https:\/\/singuli.wpress.me\/index.php\/proizvod\/herbal-essences-chamomile-smooth-shine-regenerator-250-ml\/"},"modified":"2026-04-20T12:33:12","modified_gmt":"2026-04-20T12:33:12","slug":"herbal-essences-chamomile-smooth-shine-regenerator-250-ml","status":"publish","type":"product","link":"https:\/\/singuli.wpress.me\/index.php\/proizvod\/herbal-essences-chamomile-smooth-shine-regenerator-250-ml\/","title":{"rendered":"HERBAL ESSENCES Chamomile Smooth &amp; Shine, regenerator, 250\u00a0ml"},"content":{"rendered":"<p>Zablistajte uz tajnu Majke prirode za sjaj kose. Odaberite balzam Herbal Essences Chamomile Smooth &amp; Shine. Oboga\u0107en ekstraktom kamilice, ovaj veganski balzam nagla\u0161ava prirodan sjaj i glatko\u0107u va\u0161e kose. U\u017eivajte u mirisu ljetne livade i neka vas ponese ljepota cvjetnih nota. Na\u0161 rasko\u0161ni kremasti balzam oboga\u0107en je nutrijentima biljnog porijekla i ostavlja va\u0161u kosu neodoljivo mekom i sjajnom. Mo\u017ee se koristiti na dva na\u010dina: mo\u017eete ga isprati ili mo\u017eete presko\u010diti ispiranje i koristiti kao balzam bez ispiranja. To vam omogu\u0107uje da jo\u0161 dulje u\u017eivate u nje\u017enom mirisu ljeta dok istovremeno smanjujete potro\u0161nju vode. Pomno odabiremo sastojke prirodnog porijekla da bismo donijeli ljepotu bilja u va\u0161u kupaonicu. Vratite prirodnu ljepotu svoje kose i probudite osjetila koriste\u0107i kompletnu rutinu njege iz na\u0161e kolekcije Chamomile Smooth &amp; Shine.<\/p>\n","protected":false},"excerpt":{"rendered":"<p>Pove\u0107ava prirodni sjaj i glatko\u0107u: Oboga\u0107en ekstraktom kamilice za blistavu kosu.<br \/>\nVi\u0161enamjenska upotreba: Mo\u017ee se isprati ili koristiti kao balzam bez ispiranja.<br \/>\nVeganska formula s biljnim nutrijentima: Njeguje kosu i ostavlja je mekom uz miris ljetne livade.<\/p>\n","protected":false},"featured_media":34440,"template":"","meta":{"_seopress_robots_primary_cat":"","_seopress_titles_title":"","_seopress_titles_desc":"","_seopress_robots_index":"","iawp_total_views":0},"product_brand":[483],"product_cat":[268,300],"product_tag":[],"class_list":{"0":"post-34439","1":"product","2":"type-product","3":"status-publish","4":"has-post-thumbnail","6":"product_brand-herbal-essences","7":"product_cat-kozmetika-2","8":"product_cat-njega-kose-268","10":"first","11":"instock","12":"shipping-taxable","13":"purchasable","14":"product-type-simple"},"_links":{"self":[{"href":"https:\/\/singuli.wpress.me\/index.php\/wp-json\/wp\/v2\/product\/34439","targetHints":{"allow":["GET"]}}],"collection":[{"href":"https:\/\/singuli.wpress.me\/index.php\/wp-json\/wp\/v2\/product"}],"about":[{"href":"https:\/\/singuli.wpress.me\/index.php\/wp-json\/wp\/v2\/types\/product"}],"version-history":[{"count":0,"href":"https:\/\/singuli.wpress.me\/index.php\/wp-json\/wp\/v2\/product\/34439\/revisions"}],"wp:featuredmedia":[{"embeddable":true,"href":"https:\/\/singuli.wpress.me\/index.php\/wp-json\/wp\/v2\/media\/34440"}],"wp:attachment":[{"href":"https:\/\/singuli.wpress.me\/index.php\/wp-json\/wp\/v2\/media?parent=34439"}],"wp:term":[{"taxonomy":"product_brand","embeddable":true,"href":"https:\/\/singuli.wpress.me\/index.php\/wp-json\/wp\/v2\/product_brand?post=34439"},{"taxonomy":"product_cat","embeddable":true,"href":"https:\/\/singuli.wpress.me\/index.php\/wp-json\/wp\/v2\/product_cat?post=34439"},{"taxonomy":"product_tag","embeddable":true,"href":"https:\/\/singuli.wpress.me\/index.php\/wp-json\/wp\/v2\/product_tag?post=34439"}],"curies":[{"name":"wp","href":"https:\/\/api.w.org\/{rel}","templated":true}]}}