{"id":34450,"date":"2026-04-17T13:41:04","date_gmt":"2026-04-17T13:41:04","guid":{"rendered":"https:\/\/singuli.wpress.me\/index.php\/proizvod\/vitae-oliovita-set-kapsule-protect-30kom-oliovita-30kom\/"},"modified":"2026-04-20T12:33:12","modified_gmt":"2026-04-20T12:33:12","slug":"vitae-oliovita-set-kapsule-protect-30kom-oliovita-30kom","status":"publish","type":"product","link":"https:\/\/singuli.wpress.me\/index.php\/proizvod\/vitae-oliovita-set-kapsule-protect-30kom-oliovita-30kom\/","title":{"rendered":"VITAE OlioVita, set, kapsule Protect (30kom) + OlioVita (30kom)"},"content":{"rendered":"<p>OlioVita Protect je inovativni dodatak prehrani koji pru\u017ea potpunu za\u0161titu va\u0161e ko\u017ee od \u0161tetnih utjecaja sun\u010devih zraka. Sastoji se od 100% prirodnih ekstrakata, uklju\u010duju\u0107i sinergijsko djelovanje ekstrakta grejpa i ru\u017emarina, ulja pasjeg trna te vitamina D.<br \/>\nOvaj proizvod pru\u017ea sveobuhvatnu za\u0161titu ko\u017ee od foto-starenja, crvenila, sun\u010devih pjega te obnavlja ko\u017eu od \u0161tetnih u\u010dinaka sunca. Preporu\u010duje se za za\u0161titu od alergija na sunce, prevenciju od opeklina i crvenila ko\u017ee, kao i za\u0161titu od oksidativnih o\u0161te\u0107enja stanica i foto-starenja.<br \/>\nOlioVita Protect \u0161titi ko\u017eu od UVA, UVB, IR i vidljivog sun\u010devog zra\u010denja, pru\u017eaju\u0107i joj esencijalne nutrijente, hidrataciju te poti\u010du\u0107i elasticitet i \u010dvrsto\u0107u, bez naru\u0161avanja procesa tamnjenja.<br \/>\nNa\u010din primjene: Popiti 1 kapsulu dnevno<\/p>\n<p>Koli\u010dina u dnevnoj dozi:<br \/>\nulje pasjeg trna 500 mg<br \/>\nsadr\u017ei vitamin A (beta-karoten) 0,50 mg 62,25% PU*<br \/>\nsuhi ekstrakt grejpa i ru\u017emarina 50 mg<br \/>\nod toga polifenoli 17,5 mg<br \/>\nVitamin D 5 \u00b5g 100% PU<\/p>\n<p>Oliovita je dodatak prehrani koji doprinosi pobolj\u0161anju op\u0107eg stanja ko\u017ee i sluznica.<br \/>\nVe\u0107 nakon mjesec dana kori\u0161tenja, Oliovita mo\u017ee donijeti vidljivo pobolj\u0161anje stanja ko\u017ee i sluznica. Posebno je efikasan za hidrataciju i obnavljanje sluznice vaginalnog podru\u010dja, oka, nosa i usta te gastrointestinalne sluznice.<br \/>\nOliovita je idealan izbor za osobe koje pate od suho\u0107e ko\u017ee, perutanja, ekcema ili drugih ko\u017enih stanja. Tako\u0111er, poma\u017ee u ubla\u017eavanju negativnih u\u010dinaka lijekova na ko\u017eu i sluznicu.<br \/>\nOliovita se temelji na ulju pasjeg trna (Hippophae rhamnoides), poznatom po svojim hidratiziraju\u0107im i obnavljaju\u0107im svojstvima. Oliovita je va\u0161 saveznik za pobolj\u0161anje hidratiziranosti i elasti\u010dnosti suhe ili starije ko\u017ee, pru\u017eaju\u0107i vam zdraviju i sjajniju ko\u017eu.<\/p>\n<p>Na\u010din primjene:<br \/>\nPopiti 4 kapsule dnevno tijekom prvih dva mjeseca, zajedno ili odvojeno u dvije doze. Od tre\u0107eg mjeseca. piti 2 kapsule dnevno.<\/p>\n<p>Koli\u010dine u dnevnoj dozi:<br \/>\n2 kapsule 4 kapsule<br \/>\nUlje pasjeg trna 1 g 2 g<br \/>\nsadr\u017ei masne kiseline: omega 3 130 mg 260 mg<br \/>\nomega 6 100 mg 200 mg<br \/>\nomega 7 300 mg 600 mg<br \/>\nomega 9 180 mg 360 mg<br \/>\nVitamin E 4,50 mg (37,5% PU*) 9,00 mg (75 % PU*)<br \/>\nVitamin A (\u00df-karoten) 1,00 mg (125% PU*) 2,0 mg ( 250% PU*)<br \/>\nPU*- preporu\u010deni dnevni unos<\/p>\n","protected":false},"excerpt":{"rendered":"<p>Pakiranje sadr\u017ei 30k kapsula OlioVita Protect i 30 kapsula OlioVita<br \/>\nOlioVita Protect je dodatak prehrani sa pasjim trnom, vitaminom D i A, te ekstraktom ru\u017emarina i grejpa<br \/>\nOlioVita kapsule su dodatak prehrani sa pasjim trnom te vitaminima A i E<\/p>\n","protected":false},"featured_media":34451,"template":"","meta":{"_seopress_robots_primary_cat":"","_seopress_titles_title":"","_seopress_titles_desc":"","_seopress_robots_index":"","iawp_total_views":0},"product_brand":[459],"product_cat":[211,289],"product_tag":[],"class_list":{"0":"post-34450","1":"product","2":"type-product","3":"status-publish","4":"has-post-thumbnail","6":"product_brand-vitae","7":"product_cat-njega-majke-i-djeteta","8":"product_cat-trudnoca-i-vitamini-211","10":"first","11":"outofstock","12":"shipping-taxable","13":"purchasable","14":"product-type-simple"},"_links":{"self":[{"href":"https:\/\/singuli.wpress.me\/index.php\/wp-json\/wp\/v2\/product\/34450","targetHints":{"allow":["GET"]}}],"collection":[{"href":"https:\/\/singuli.wpress.me\/index.php\/wp-json\/wp\/v2\/product"}],"about":[{"href":"https:\/\/singuli.wpress.me\/index.php\/wp-json\/wp\/v2\/types\/product"}],"version-history":[{"count":0,"href":"https:\/\/singuli.wpress.me\/index.php\/wp-json\/wp\/v2\/product\/34450\/revisions"}],"wp:featuredmedia":[{"embeddable":true,"href":"https:\/\/singuli.wpress.me\/index.php\/wp-json\/wp\/v2\/media\/34451"}],"wp:attachment":[{"href":"https:\/\/singuli.wpress.me\/index.php\/wp-json\/wp\/v2\/media?parent=34450"}],"wp:term":[{"taxonomy":"product_brand","embeddable":true,"href":"https:\/\/singuli.wpress.me\/index.php\/wp-json\/wp\/v2\/product_brand?post=34450"},{"taxonomy":"product_cat","embeddable":true,"href":"https:\/\/singuli.wpress.me\/index.php\/wp-json\/wp\/v2\/product_cat?post=34450"},{"taxonomy":"product_tag","embeddable":true,"href":"https:\/\/singuli.wpress.me\/index.php\/wp-json\/wp\/v2\/product_tag?post=34450"}],"curies":[{"name":"wp","href":"https:\/\/api.w.org\/{rel}","templated":true}]}}