{"id":34452,"date":"2026-04-17T13:41:05","date_gmt":"2026-04-17T13:41:05","guid":{"rendered":"https:\/\/singuli.wpress.me\/index.php\/proizvod\/vitae-set-kapsule-reconnect-15kom-calmtu-night-15kom\/"},"modified":"2026-04-20T12:33:12","modified_gmt":"2026-04-20T12:33:12","slug":"vitae-set-kapsule-reconnect-15kom-calmtu-night-15kom","status":"publish","type":"product","link":"https:\/\/singuli.wpress.me\/index.php\/proizvod\/vitae-set-kapsule-reconnect-15kom-calmtu-night-15kom\/","title":{"rendered":"VITAE, set, kapsule ReConnect (15kom) + CalmTu\u00ae Night (15kom)"},"content":{"rendered":"<p>Reconnect\u00ae je revolucionarni dodatak prehrani koji se temelji na kombinaciji NADH (Co-E1), koenzima Q10, serina i vitamina C. Ova jedinstvena formulacija, razvijena u suradnji s bolnicom Vall D\u2019Hebron u Barceloni te znanstveno potvr\u0111ena, pru\u017ea sinergijsko djelovanje svojih sastojaka kako bi pobolj\u0161ala va\u0161e tjelesne i kognitivne sposobnosti, bez stimulativnog u\u010dinka ili stvaranja ovisnosti.<br \/>\nOsvje\u017eite svoje tijelo i um uz Reconnect\u00ae i osjetite razliku u svojim sposobnostima svakodnevnog \u017eivota!<br \/>\nNa\u010din primjene:<br \/>\n1 ili 2 tablete dnevno 30 minuta prije obroka. Preporu\u010duje se uzimanje cijele tablete s velikom \u010da\u0161om vode.<\/p>\n","protected":false},"excerpt":{"rendered":"<p>Pakiranje sadr\u017ei 15 kapsula ReConnect i 15 kapsula CalmTu\u00ae Night<br \/>\nVitae ReConnect kapsule dodatak su prehrani sa NADH, koenzimom Q10, serinom i vitaminom C<br \/>\nCalmTu\u00ae Night kapsule dodatak su prehrani sa melatoninom, pasiflorom,kalifornijskim makom, mati\u010dnjakom i valerijanom<\/p>\n","protected":false},"featured_media":34453,"template":"","meta":{"_seopress_robots_primary_cat":"","_seopress_titles_title":"","_seopress_titles_desc":"","_seopress_robots_index":"","iawp_total_views":0},"product_brand":[459],"product_cat":[211,289],"product_tag":[],"class_list":{"0":"post-34452","1":"product","2":"type-product","3":"status-publish","4":"has-post-thumbnail","6":"product_brand-vitae","7":"product_cat-njega-majke-i-djeteta","8":"product_cat-trudnoca-i-vitamini-211","10":"first","11":"outofstock","12":"shipping-taxable","13":"purchasable","14":"product-type-simple"},"_links":{"self":[{"href":"https:\/\/singuli.wpress.me\/index.php\/wp-json\/wp\/v2\/product\/34452","targetHints":{"allow":["GET"]}}],"collection":[{"href":"https:\/\/singuli.wpress.me\/index.php\/wp-json\/wp\/v2\/product"}],"about":[{"href":"https:\/\/singuli.wpress.me\/index.php\/wp-json\/wp\/v2\/types\/product"}],"version-history":[{"count":0,"href":"https:\/\/singuli.wpress.me\/index.php\/wp-json\/wp\/v2\/product\/34452\/revisions"}],"wp:featuredmedia":[{"embeddable":true,"href":"https:\/\/singuli.wpress.me\/index.php\/wp-json\/wp\/v2\/media\/34453"}],"wp:attachment":[{"href":"https:\/\/singuli.wpress.me\/index.php\/wp-json\/wp\/v2\/media?parent=34452"}],"wp:term":[{"taxonomy":"product_brand","embeddable":true,"href":"https:\/\/singuli.wpress.me\/index.php\/wp-json\/wp\/v2\/product_brand?post=34452"},{"taxonomy":"product_cat","embeddable":true,"href":"https:\/\/singuli.wpress.me\/index.php\/wp-json\/wp\/v2\/product_cat?post=34452"},{"taxonomy":"product_tag","embeddable":true,"href":"https:\/\/singuli.wpress.me\/index.php\/wp-json\/wp\/v2\/product_tag?post=34452"}],"curies":[{"name":"wp","href":"https:\/\/api.w.org\/{rel}","templated":true}]}}