{"id":34458,"date":"2026-04-17T13:41:09","date_gmt":"2026-04-17T13:41:09","guid":{"rendered":"https:\/\/singuli.wpress.me\/index.php\/proizvod\/fisher-price-maracas-zvecke\/"},"modified":"2026-04-21T00:26:41","modified_gmt":"2026-04-21T00:26:41","slug":"fisher-price-maracas-zvecke","status":"publish","type":"product","link":"https:\/\/singuli.wpress.me\/index.php\/proizvod\/fisher-price-maracas-zvecke\/","title":{"rendered":"FISHER PRICE Maracas, zve\u010dke"},"content":{"rendered":"<p><span style=\"font-weight: bold\">Fisher-Price\u00ae Maracas<\/span> savr\u0161ene su veli\u010dine za male ru\u010dice va\u0161e bebe, omogu\u0107uju\u0107i im da tresu, zveckaju i ljuljaju! Mekani, tkaninom prekriveni pomponi s uzorcima visokog kontrasta i \u0161arene perlice koje stvaraju zabavne zvukove zveckanja potaknut \u0107e va\u0161e mali\u0161ane da ubrzo prona\u0111u svoj ritam. Jarke boje, razli\u010dite teksture i zvukovi zveckanja stimuliraju i odu\u0161evljavaju bebine osjetilne sposobnosti, dok im sva ta aktivnost tresenja i zveckanja poma\u017ee u razvoju grube motorike.<\/p>\n","protected":false},"excerpt":{"rendered":"<p>Senzorna stimulacija<br \/>\nSigurno i zabavno<br \/>\nDob: 3+m<\/p>\n","protected":false},"featured_media":34459,"template":"","meta":{"_seopress_robots_primary_cat":"","_seopress_titles_title":"","_seopress_titles_desc":"","_seopress_robots_index":"","iawp_total_views":0},"product_brand":[458],"product_cat":[221,291],"product_tag":[],"class_list":{"0":"post-34458","1":"product","2":"type-product","3":"status-publish","4":"has-post-thumbnail","6":"product_brand-fisher-price","7":"product_cat-igracke","8":"product_cat-igracke-za-djecu-221","10":"first","11":"instock","12":"shipping-taxable","13":"purchasable","14":"product-type-simple"},"_links":{"self":[{"href":"https:\/\/singuli.wpress.me\/index.php\/wp-json\/wp\/v2\/product\/34458","targetHints":{"allow":["GET"]}}],"collection":[{"href":"https:\/\/singuli.wpress.me\/index.php\/wp-json\/wp\/v2\/product"}],"about":[{"href":"https:\/\/singuli.wpress.me\/index.php\/wp-json\/wp\/v2\/types\/product"}],"version-history":[{"count":0,"href":"https:\/\/singuli.wpress.me\/index.php\/wp-json\/wp\/v2\/product\/34458\/revisions"}],"wp:featuredmedia":[{"embeddable":true,"href":"https:\/\/singuli.wpress.me\/index.php\/wp-json\/wp\/v2\/media\/34459"}],"wp:attachment":[{"href":"https:\/\/singuli.wpress.me\/index.php\/wp-json\/wp\/v2\/media?parent=34458"}],"wp:term":[{"taxonomy":"product_brand","embeddable":true,"href":"https:\/\/singuli.wpress.me\/index.php\/wp-json\/wp\/v2\/product_brand?post=34458"},{"taxonomy":"product_cat","embeddable":true,"href":"https:\/\/singuli.wpress.me\/index.php\/wp-json\/wp\/v2\/product_cat?post=34458"},{"taxonomy":"product_tag","embeddable":true,"href":"https:\/\/singuli.wpress.me\/index.php\/wp-json\/wp\/v2\/product_tag?post=34458"}],"curies":[{"name":"wp","href":"https:\/\/api.w.org\/{rel}","templated":true}]}}